{"id":26969,"date":"2022-11-28T17:58:52","date_gmt":"2022-11-28T17:58:52","guid":{"rendered":"http:\/\/www.sakababeauty.com\/?post_type=product&#038;p=26969"},"modified":"2024-09-01T02:22:02","modified_gmt":"2024-09-01T02:22:02","slug":"facetheory-lumizela-a10-serum","status":"publish","type":"product","link":"https:\/\/sakaba.mghosteur.com\/en\/product\/facetheory-lumizela-a10-serum\/","title":{"rendered":"FACETHEORY Lumizela Azelaic Acid Serum A10"},"content":{"rendered":"<div class=\"group w-full text-gray-800 dark:text-gray-100 border-b border-black\/10 dark:border-gray-900\/50 bg-gray-50 dark:bg-[#444654]\">\n<div class=\"flex p-4 gap-4 text-base md:gap-6 md:max-w-2xl lg:max-w-xl xl:max-w-3xl md:py-6 lg:px-0 m-auto\">\n<div class=\"relative flex flex-col w-[calc(100%-50px)] gap-1 md:gap-3 lg:w-[calc(100%-115px)]\">\n<div class=\"flex flex-grow flex-col gap-3\">\n<div class=\"min-h-[20px] flex flex-col items-start gap-4 whitespace-pre-wrap break-words\">\n<div class=\"markdown prose w-full break-words dark:prose-invert light\">\n<p><span style=\"vertical-align: inherit\"><span style=\"vertical-align: inherit\">Le Lumizela Azelaic Acid Serum A10 de la marque Facetheory est un s\u00e9rum v\u00e9g\u00e9tal contenant 10% d&#8217;acide az\u00e9la\u00efque, un antioxydant naturellement pr\u00e9sent dans le bl\u00e9, le seigle et l&#8217;orge. <\/span><span style=\"vertical-align: inherit\">Les \u00e9tudes cliniques ont montr\u00e9 que les produits \u00e0 base d&#8217;acide az\u00e9la\u00efque peuvent r\u00e9duire l&#8217;inflammation, minimiser l&#8217;apparition de vaisseaux sanguins visibles caus\u00e9s par la rosac\u00e9e, ainsi que l&#8217;acn\u00e9, l&#8217;hyperpigmentation et la rosac\u00e9e.<\/span><\/span><\/p>\n<p><span style=\"vertical-align: inherit\"><span style=\"vertical-align: inherit\">Le s\u00e9rum contient \u00e9galement de la farine d&#8217;avoine collo\u00efdale, de l&#8217;aloe vera et de l&#8217;extrait de th\u00e9 vert pour fournir un apport antioxydant suppl\u00e9mentaire. <\/span><span style=\"vertical-align: inherit\">Le produit est sans parab\u00e8nes, silicones, PEG, SLS, SLES et huiles min\u00e9rales, est v\u00e9g\u00e9talien et n&#8217;a pas \u00e9t\u00e9 test\u00e9 sur les animaux.<\/span><\/span><\/p>\n<p><span style=\"vertical-align: inherit\"><span style=\"vertical-align: inherit\">Le Lumizela Azelaic Acid Serum A10 convient \u00e0 la plupart des types de peau, y compris les peaux sensibles et mixtes ou les herbes \u00e0 tendance acn\u00e9ique et congestionn\u00e9es. <\/span><span style=\"vertical-align: inherit\">Il est recommand\u00e9 pour r\u00e9duire la rosac\u00e9e et les rougeurs de la peau.<\/span><\/span><\/p>\n<p><span style=\"vertical-align: inherit\"><span style=\"vertical-align: inherit\">Pour l&#8217;utilisation, il suffit d&#8217;appliquer quelques gouttes du produit sur une peau propre et humide en se concentrant sur les imperfections, les ridules, les taches brunes et les zones d&#8217;hyperpigmentation. <\/span><span style=\"vertical-align: inherit\">Ensuite, il faut poursuivre avec l&#8217;hydratant pr\u00e9f\u00e9r\u00e9. <\/span><span style=\"vertical-align: inherit\">Il est recommand\u00e9 de tester d&#8217;abord sur une petite surface et d&#8217;habituer progressivement la peau au produit. <\/span><span style=\"vertical-align: inherit\">Enfin, \u00e9tant donn\u00e9 que ce produit peut augmenter la sensibilit\u00e9 de la peau au soleil, il est conseill\u00e9 d&#8217;utiliser un \u00e9cran solaire \u00e0 large spectre pendant l&#8217;utilisation et pendant deux semaines apr\u00e8s.<\/span><\/span><\/p>\n<p><span style=\"vertical-align: inherit\"><span style=\"vertical-align: inherit\">Le Lumizela Azelaic Acid Serum A10 de Facetheory est un produit de qualit\u00e9 fabriqu\u00e9 au Royaume-Uni, qui peut \u00eatre compl\u00e9t\u00e9 avec l&#8217;\u00e9cran solaire \u00e0 large spectre Facetheory Sunfragma pour une protection et une hydratation optimales de la peau.<\/span><\/span><\/p>\n<\/div>\n<\/div>\n<\/div>\n<div class=\"flex justify-between lg:block\">\n<div class=\"text-gray-400 flex self-end lg:self-center justify-center mt-2 gap-2 md:gap-3 lg:gap-1 lg:absolute lg:top-0 lg:translate-x-full lg:right-0 lg:mt-0 lg:pl-2 visible\">\n<p>&nbsp;<\/p>\n<div class=\"flex gap-1\"><\/div>\n<\/div>\n<\/div>\n<\/div>\n<\/div>\n<\/div>","protected":false},"excerpt":{"rendered":"<p>Le Lumizela Azelaic Acid Serum A10 de la marque Facetheory est un s\u00e9rum v\u00e9g\u00e9tal contenant 10% d&#8217;acide az\u00e9la\u00efque, un antioxydant naturellement pr\u00e9sent dans le bl\u00e9, le seigle et l&#8217;orge. Les \u00e9tudes cliniques ont montr\u00e9 que les produits \u00e0 base d&#8217;acide az\u00e9la\u00efque peuvent r\u00e9duire l&#8217;inflammation, minimiser l&#8217;apparition de vaisseaux sanguins visibles caus\u00e9s par la rosac\u00e9e, ainsi<span class=\"read-more-faq\"><a href=\"https:\/\/sakaba.mghosteur.com\/en\/product\/facetheory-lumizela-a10-serum\/\">Read More<\/a><\/span><\/p>","protected":false},"featured_media":0,"comment_status":"closed","ping_status":"closed","template":"","meta":[],"product_brand":[],"product_cat":[451,334],"product_tag":[],"class_list":{"0":"post-26969","1":"product","2":"type-product","3":"status-publish","5":"product_cat-aab-soin-du-visage","6":"product_cat-traitement-serum","8":"first","9":"instock","10":"shipping-taxable","11":"product-type-simple"},"jetpack-related-posts":[{"id":26892,"url":"https:\/\/sakaba.mghosteur.com\/en\/product\/10-azelaic-acid-booster\/","url_meta":{"origin":26969,"position":0},"title":"10% AZELAIC ACID BOOSTER","author":"admin","date":"November 28, 2022","format":false,"excerpt":"Le Booster 10% Acide Az\u00e9la\u00efque de la marque Paula's Choice est une formule unique qui utilise de l'acide az\u00e9la\u00efque puissant ainsi que d'autres ingr\u00e9dients puissants pour clarifier le teint irr\u00e9gulier, cibler les taches tenaces et apaiser les irritations. Cette formule vous donnera une peau plus lisse, plus radieuse et d'apparence\u2026","rel":"","context":"Similar post","block_context":{"text":"Similar post","link":""},"img":{"alt_text":"","src":"","width":0,"height":0},"classes":[]},{"id":26957,"url":"https:\/\/sakaba.mghosteur.com\/en\/product\/porebright-n10-serum\/","url_meta":{"origin":26969,"position":1},"title":"FACETHEORY Porebright Serum N10","author":"admin","date":"November 28, 2022","format":false,"excerpt":"D\u00e9couvrez le S\u00e9rum Porebright N10 de la marque Facetheory, un s\u00e9rum concentr\u00e9 en actifs pour aider \u00e0 r\u00e9duire l'apparence des l\u00e9sions d'acn\u00e9, des pores dilat\u00e9s et de l'hyperpigmentation. Formul\u00e9 avec de la niacinamide (vitamine B3) pour r\u00e9duire l'apparence des pores dilat\u00e9s, de l'acide hyaluronique pour r\u00e9g\u00e9n\u00e9rer et maintenir l'\u00e9quilibre hydrique\u2026","rel":"","context":"Similar post","block_context":{"text":"Similar post","link":""},"img":{"alt_text":"","src":"","width":0,"height":0},"classes":[]},{"id":27459,"url":"https:\/\/sakaba.mghosteur.com\/en\/product\/azelaic-acid-suspension-10\/","url_meta":{"origin":26969,"position":2},"title":"AZELAIC ACID SUSPENSION 10%","author":"admin","date":"November 29, 2022","format":false,"excerpt":"La suspension d'acide az\u00e9la\u00efque 10% de The Ordinary est la solution id\u00e9ale pour obtenir un teint \u00e9clairci et une texture de peau am\u00e9lior\u00e9e. Gr\u00e2ce \u00e0 sa formule cr\u00e9meuse contenant une forte concentration d'acide az\u00e9la\u00efque, un antioxydant naturel et efficace pr\u00e9sent dans les grains, cette suspension offre des r\u00e9sultats visibles en\u2026","rel":"","context":"Similar post","block_context":{"text":"Similar post","link":""},"img":{"alt_text":"","src":"","width":0,"height":0},"classes":[]},{"id":56132,"url":"https:\/\/sakaba.mghosteur.com\/en\/product\/anua-azelaic-acid-10-hyaluron-redness-soothing-serum\/","url_meta":{"origin":26969,"position":3},"title":"Anua Azelaic Acid 10 + Hyaluron Redness Soothing Serum","author":"Sope DIA","date":"January 2, 2026","format":false,"excerpt":"[APAISANT POUR LES ROUGEURS] L'acide az\u00e9la\u00efque \u00e0 10 % apaise les peaux normales. Les extraits de bl\u00e9 et d'orge, ingr\u00e9dients doux et efficaces, hydratent en profondeur et contribuent \u00e0 \u00e9quilibrer la peau pour un teint plus \u00e9clatant. [SOIN DOUX ET EFFICACE POUR LA PEAU] Un m\u00e9lange de trois types d'acide\u2026","rel":"","context":"Similar post","block_context":{"text":"Similar post","link":""},"img":{"alt_text":"","src":"","width":0,"height":0},"classes":[]},{"id":34423,"url":"https:\/\/sakaba.mghosteur.com\/en\/product\/peach-slices-redness-relief-azelaic-acid-serum\/","url_meta":{"origin":26969,"position":4},"title":"PEACH SLICES REDNESS RELIEF AZELAIC ACID SERUM","author":"admin","date":"May 28, 2024","format":false,"excerpt":"","rel":"","context":"Similar post","block_context":{"text":"Similar post","link":""},"img":{"alt_text":"","src":"","width":0,"height":0},"classes":[]},{"id":26948,"url":"https:\/\/sakaba.mghosteur.com\/en\/product\/facetheory-glycolacsal-solution\/","url_meta":{"origin":26969,"position":5},"title":"FACETHEORY Glycolacsal Solution T4","author":"admin","date":"November 28, 2022","format":false,"excerpt":"Produit: Solution T4 Glycolacsal de la marque Facetheory La Solution T4 Glycolacsal de Facetheory est un toner exfoliant formul\u00e9 avec un trio d'acides: l'acide glycolique (8,5%), l'acide salicylique (1%) et l'acide lactique (0,5%) pour clarifier, \u00e9claircir et unifier le teint. Ces actifs acc\u00e9l\u00e8rent le renouvellement cellulaire, r\u00e9duisent les ridules, les\u2026","rel":"","context":"Similar post","block_context":{"text":"Similar post","link":""},"img":{"alt_text":"","src":"","width":0,"height":0},"classes":[]}],"_links":{"self":[{"href":"https:\/\/sakaba.mghosteur.com\/en\/wp-json\/wp\/v2\/product\/26969","targetHints":{"allow":["GET"]}}],"collection":[{"href":"https:\/\/sakaba.mghosteur.com\/en\/wp-json\/wp\/v2\/product"}],"about":[{"href":"https:\/\/sakaba.mghosteur.com\/en\/wp-json\/wp\/v2\/types\/product"}],"replies":[{"embeddable":true,"href":"https:\/\/sakaba.mghosteur.com\/en\/wp-json\/wp\/v2\/comments?post=26969"}],"version-history":[{"count":0,"href":"https:\/\/sakaba.mghosteur.com\/en\/wp-json\/wp\/v2\/product\/26969\/revisions"}],"wp:attachment":[{"href":"https:\/\/sakaba.mghosteur.com\/en\/wp-json\/wp\/v2\/media?parent=26969"}],"wp:term":[{"taxonomy":"product_brand","embeddable":true,"href":"https:\/\/sakaba.mghosteur.com\/en\/wp-json\/wp\/v2\/product_brand?post=26969"},{"taxonomy":"product_cat","embeddable":true,"href":"https:\/\/sakaba.mghosteur.com\/en\/wp-json\/wp\/v2\/product_cat?post=26969"},{"taxonomy":"product_tag","embeddable":true,"href":"https:\/\/sakaba.mghosteur.com\/en\/wp-json\/wp\/v2\/product_tag?post=26969"}],"curies":[{"name":"wp","href":"https:\/\/api.w.org\/{rel}","templated":true}]}}