{"id":26972,"date":"2022-11-28T17:59:52","date_gmt":"2022-11-28T17:59:52","guid":{"rendered":"http:\/\/www.sakababeauty.com\/?post_type=product&#038;p=26972"},"modified":"2023-05-11T13:29:43","modified_gmt":"2023-05-11T13:29:43","slug":"exaglow-serum-5tranexamic-acid","status":"publish","type":"product","link":"https:\/\/sakaba.mghosteur.com\/en\/product\/exaglow-serum-5tranexamic-acid\/","title":{"rendered":"FACETHEO S\u00e9rum Exaglow S10 5% acide tranexamique"},"content":{"rendered":"<p>D\u00e9couvrez le s\u00e9rum Exaglow S10 de FACETHEORY, un s\u00e9rum \u00e9claircissant qui utilise des actifs cl\u00e9s pour un maximum de r\u00e9sultats. Formul\u00e9 avec de l&#8217;acide tranexamique, de la vitamine C et de la r\u00e9glisse, ce s\u00e9rum est con\u00e7u pour \u00e9claircir les taches brunes et la pigmentation, ainsi que pour lisser les zones rugueuses, vous offrant ainsi un teint lumineux et uniforme.<\/p>\n<p>Ce s\u00e9rum est recommand\u00e9 pour la plupart des types de peau, y compris les peaux sensibles. Les ingr\u00e9dients actifs incluent de l&#8217;acide lactique, qui aide \u00e0 exfolier la peau en d\u00e9composant le mat\u00e9riau qui lie les cellules de la peau, de la niacinamide, qui aide \u00e0 r\u00e9duire l&#8217;apparence des pores dilat\u00e9s, de l&#8217;hyaluronate de sodium, qui est un humectant cutan\u00e9, et de l&#8217;acide tranexamique, qui est utilis\u00e9 pour \u00e9claircir les zones affect\u00e9es par la d\u00e9coloration, y compris le m\u00e9lasma et les taches de vieillesse. Enfin, la vitamine C est un antioxydant essentiel qui aide \u00e0 d\u00e9fendre la peau contre les radicaux libres et r\u00e9duit les dommages environnementaux.<\/p>\n<p>Avant d&#8217;appliquer le s\u00e9rum d&#8217;acide tranexamique, vous devez vous laver le visage avec un nettoyant. Ensuite, appliquez quelques gouttes de notre s\u00e9rum Exaglow sur une peau propre et humide. Concentrez-vous sur les taches brunes et les zones de d\u00e9coloration ou de pigmentation, puis appliquez votre cr\u00e8me hydratante et votre cr\u00e8me solaire pr\u00e9f\u00e9r\u00e9es.<\/p>\n<p>Veuillez noter que ce produit contient un acide alpha\/b\u00eata hydroxy qui peut augmenter la sensibilit\u00e9 de votre peau au soleil et en particulier la possibilit\u00e9 de coups de soleil. Vous devez toujours utiliser un \u00e9cran solaire, porter des v\u00eatements de protection et limiter l&#8217;exposition au soleil pendant l&#8217;utilisation de ce produit et pendant une semaine apr\u00e8s.<\/p>\n<p>Avant de poursuivre l&#8217;utilisation, testez d&#8217;abord le produit sur une petite surface. Apr\u00e8s votre premi\u00e8re application compl\u00e8te, attendez un jour ou deux avant de commencer une utilisation r\u00e9guli\u00e8re. Arr\u00eatez en cas d&#8217;irritation. Ce produit n&#8217;est pas recommand\u00e9 pour les personnes allergiques \u00e0 l&#8217;aspirine, les personnes de moins de 18 ans ou les femmes enceintes. Il est toujours recommand\u00e9 de demander conseil \u00e0 votre m\u00e9decin avant d&#8217;utiliser ce produit.<\/p>","protected":false},"excerpt":{"rendered":"<p>D\u00e9couvrez le s\u00e9rum Exaglow S10 de FACETHEORY, un s\u00e9rum \u00e9claircissant qui utilise des actifs cl\u00e9s pour un maximum de r\u00e9sultats. Formul\u00e9 avec de l&#8217;acide tranexamique, de la vitamine C et de la r\u00e9glisse, ce s\u00e9rum est con\u00e7u pour \u00e9claircir les taches brunes et la pigmentation, ainsi que pour lisser les zones rugueuses, vous offrant ainsi<span class=\"read-more-faq\"><a href=\"https:\/\/sakaba.mghosteur.com\/en\/product\/exaglow-serum-5tranexamic-acid\/\">Read More<\/a><\/span><\/p>","protected":false},"featured_media":0,"comment_status":"closed","ping_status":"closed","template":"","meta":[],"product_brand":[],"product_cat":[377],"product_tag":[],"class_list":{"0":"post-26972","1":"product","2":"type-product","3":"status-publish","5":"product_cat-bath-body-works","7":"first","8":"instock","9":"shipping-taxable","10":"product-type-simple"},"jetpack-related-posts":[{"id":26364,"url":"https:\/\/sakaba.mghosteur.com\/en\/product\/naturium-multi-bright-tranexamic-acid-treatment-5\/","url_meta":{"origin":26972,"position":0},"title":"NATURIUM MULTI BRIGHT TRANEXAMIC ACID TREATMENT 5%","author":"admin","date":"November 25, 2022","format":false,"excerpt":"Le s\u00e9rum topique \u00e0 l'acide tranexamique est formul\u00e9 avec un niveau puissant d'acide tranexamique, ainsi que de l'acide kojique, de la niacinamide et de l'extrait de racine de r\u00e9glisse pour aider \u00e0 att\u00e9nuer l'apparence des taches brunes, pour une peau plus lumineuse. Il est cliniquement prouv\u00e9 que notre acide topique\u2026","rel":"","context":"Similar post","block_context":{"text":"Similar post","link":""},"img":{"alt_text":"","src":"","width":0,"height":0},"classes":[]},{"id":31633,"url":"https:\/\/sakaba.mghosteur.com\/en\/product\/the-inkey-list-tranexamic-acid-serum\/","url_meta":{"origin":26972,"position":1},"title":"THE INKEY LIST TRANEXAMIC ACID SERUM","author":"admin","date":"May 10, 2024","format":false,"excerpt":"Ce gel de traitement cible l'hyperpigmentation, les taches in\u00e9gales et les taches brunes, illuminant ainsi le teint de la peau et aidant \u00e0 r\u00e9duire les taches brunes et l'irr\u00e9gularit\u00e9 du teint. Formul\u00e9 avec 2 % d'acide tranexamique, un acide amin\u00e9 puissant, 2 % d'extrait de baie d'a\u00e7a\u00ef pour favoriser un\u2026","rel":"","context":"Similar post","block_context":{"text":"Similar post","link":""},"img":{"alt_text":"","src":"","width":0,"height":0},"classes":[]},{"id":31816,"url":"https:\/\/sakaba.mghosteur.com\/en\/product\/anua-niacinamide-10-txa-4-dark-spot-30ml\/","url_meta":{"origin":26972,"position":2},"title":"ANUA NIACINAMIDE 10% +TXA 4% DARK SPOT 30ML","author":"admin","date":"May 10, 2024","format":false,"excerpt":"Anua Niacinamide 10% + TXA 4% Dark Spot 30ML est un s\u00e9rum qui contient 10% de niacinamide et 4% d'acide tranexamique pour aider \u00e0 r\u00e9duire la d\u00e9coloration et cibler les taches brunes tenaces et l'hyperpigmentation. Il contient \u00e9galement 2% d'arbutine pour aider \u00e0 corriger le teint irr\u00e9gulier en limitant la\u2026","rel":"","context":"Similar post","block_context":{"text":"Similar post","link":""},"img":{"alt_text":"","src":"","width":0,"height":0},"classes":[]},{"id":26957,"url":"https:\/\/sakaba.mghosteur.com\/en\/product\/porebright-n10-serum\/","url_meta":{"origin":26972,"position":3},"title":"FACETHEORY Porebright Serum N10","author":"admin","date":"November 28, 2022","format":false,"excerpt":"D\u00e9couvrez le S\u00e9rum Porebright N10 de la marque Facetheory, un s\u00e9rum concentr\u00e9 en actifs pour aider \u00e0 r\u00e9duire l'apparence des l\u00e9sions d'acn\u00e9, des pores dilat\u00e9s et de l'hyperpigmentation. Formul\u00e9 avec de la niacinamide (vitamine B3) pour r\u00e9duire l'apparence des pores dilat\u00e9s, de l'acide hyaluronique pour r\u00e9g\u00e9n\u00e9rer et maintenir l'\u00e9quilibre hydrique\u2026","rel":"","context":"Similar post","block_context":{"text":"Similar post","link":""},"img":{"alt_text":"","src":"","width":0,"height":0},"classes":[]},{"id":28919,"url":"https:\/\/sakaba.mghosteur.com\/en\/product\/the-ordinary-alpha-arbutin-2-ha\/","url_meta":{"origin":26972,"position":4},"title":"THE ORDINARY ALPHA ARBUTIN 2% + HA","author":"admin","date":"March 8, 2023","format":false,"excerpt":"Le s\u00e9rum Alpha Arbutine 2% + HA de The Ordinary est un produit de soin de la peau \u00e0 base d'eau, con\u00e7u pour am\u00e9liorer visiblement la pigmentation et cibler les probl\u00e8mes de teint irr\u00e9gulier. Ce produit contient une concentration \u00e9lev\u00e9e d'alpha arbutine purifi\u00e9e, un ingr\u00e9dient \u00e9claircissant bien connu, qui agit\u2026","rel":"","context":"Similar post","block_context":{"text":"Similar post","link":""},"img":{"alt_text":"","src":"","width":0,"height":0},"classes":[]},{"id":27333,"url":"https:\/\/sakaba.mghosteur.com\/en\/product\/good-molecules-discoloration-correcting-serum\/","url_meta":{"origin":26972,"position":5},"title":"GOOD MOLECULES DISCOLORATION CORRECTING SERUM","author":"admin","date":"November 29, 2022","format":false,"excerpt":"Convient \u00e0 tous les types de peau, ce s\u00e9rum correcteur de d\u00e9coloration est un produit de choix pour celles et ceux qui souhaitent retrouver un teint plus uniforme et \u00e9clatant. Sa formule innovante \u00e0 base d'acide tranexamique et de niacinamide permet de r\u00e9duire efficacement l'apparence des taches brunes, cicatrices d'acn\u00e9\u2026","rel":"","context":"Similar post","block_context":{"text":"Similar post","link":""},"img":{"alt_text":"","src":"","width":0,"height":0},"classes":[]}],"_links":{"self":[{"href":"https:\/\/sakaba.mghosteur.com\/en\/wp-json\/wp\/v2\/product\/26972","targetHints":{"allow":["GET"]}}],"collection":[{"href":"https:\/\/sakaba.mghosteur.com\/en\/wp-json\/wp\/v2\/product"}],"about":[{"href":"https:\/\/sakaba.mghosteur.com\/en\/wp-json\/wp\/v2\/types\/product"}],"replies":[{"embeddable":true,"href":"https:\/\/sakaba.mghosteur.com\/en\/wp-json\/wp\/v2\/comments?post=26972"}],"version-history":[{"count":0,"href":"https:\/\/sakaba.mghosteur.com\/en\/wp-json\/wp\/v2\/product\/26972\/revisions"}],"wp:attachment":[{"href":"https:\/\/sakaba.mghosteur.com\/en\/wp-json\/wp\/v2\/media?parent=26972"}],"wp:term":[{"taxonomy":"product_brand","embeddable":true,"href":"https:\/\/sakaba.mghosteur.com\/en\/wp-json\/wp\/v2\/product_brand?post=26972"},{"taxonomy":"product_cat","embeddable":true,"href":"https:\/\/sakaba.mghosteur.com\/en\/wp-json\/wp\/v2\/product_cat?post=26972"},{"taxonomy":"product_tag","embeddable":true,"href":"https:\/\/sakaba.mghosteur.com\/en\/wp-json\/wp\/v2\/product_tag?post=26972"}],"curies":[{"name":"wp","href":"https:\/\/api.w.org\/{rel}","templated":true}]}}