{"id":26981,"date":"2022-11-28T18:43:32","date_gmt":"2022-11-28T18:43:32","guid":{"rendered":"http:\/\/www.sakababeauty.com\/?post_type=product&#038;p=26981"},"modified":"2024-08-28T03:05:36","modified_gmt":"2024-08-28T03:05:36","slug":"dark-knuckle-kojic-acid-aha-whitening-oil","status":"publish","type":"product","link":"https:\/\/sakaba.mghosteur.com\/en\/product\/dark-knuckle-kojic-acid-aha-whitening-oil\/","title":{"rendered":"DARK KNUCKLE KOJIC ACID AHA WHITENING OIL"},"content":{"rendered":"","protected":false},"excerpt":{"rendered":"","protected":false},"featured_media":0,"comment_status":"closed","ping_status":"closed","template":"","meta":[],"product_brand":[],"product_cat":[447,364],"product_tag":[],"class_list":{"0":"post-26981","1":"product","2":"type-product","3":"status-publish","5":"product_cat-aac-bain-et-corps","6":"product_cat-soin-mains-pieds","8":"first","9":"instock","10":"shipping-taxable","11":"product-type-simple"},"jetpack-related-posts":[{"id":26487,"url":"https:\/\/sakaba.mghosteur.com\/en\/product\/gluta-c-glutathione-and-vitamin-c-with-kojic-plus-2\/","url_meta":{"origin":26981,"position":0},"title":"ACNE CONTROL FACIAL WASH 4SKIN WHITENING","author":"admin","date":"November 25, 2022","format":false,"excerpt":"","rel":"","context":"Similar post","block_context":{"text":"Similar post","link":""},"img":{"alt_text":"","src":"","width":0,"height":0},"classes":[]},{"id":27345,"url":"https:\/\/sakaba.mghosteur.com\/en\/product\/algenist-blue-algae-vitamin-c-dark-spot\/","url_meta":{"origin":26981,"position":1},"title":"ALGENIST BLUE ALGAE VITAMIN C DARK SPOT","author":"admin","date":"November 29, 2022","format":false,"excerpt":"Un puissant peeling resurfa\u00e7ant et exfoliant infus\u00e9 de vitamine C exclusive d'algues bleues, d'un complexe triple acide, d'un m\u00e9lange d'AHA, de BHA et de PHA pour aider \u00e0 r\u00e9duire l'apparence des taches brunes, des d\u00e9colorations, des imperfections et des imperfections - r\u00e9v\u00e9lant un teint lisse, radieux et uniforme.","rel":"","context":"Similar post","block_context":{"text":"Similar post","link":""},"img":{"alt_text":"","src":"","width":0,"height":0},"classes":[]},{"id":26263,"url":"https:\/\/sakaba.mghosteur.com\/en\/product\/belo-kojic-acid-tranexamic-acid\/","url_meta":{"origin":26981,"position":2},"title":"BELO KOJIC ACID +TRANEXAMIC ACID","author":"admin","date":"November 24, 2022","format":false,"excerpt":"","rel":"","context":"Similar post","block_context":{"text":"Similar post","link":""},"img":{"alt_text":"","src":"","width":0,"height":0},"classes":[]},{"id":26271,"url":"https:\/\/sakaba.mghosteur.com\/en\/product\/belo-kojic-acid-tranexamic-acid-2\/","url_meta":{"origin":26981,"position":3},"title":"BELO KOJIC ACID +TRANEXAMIC ACID","author":"admin","date":"November 24, 2022","format":false,"excerpt":"","rel":"","context":"Similar post","block_context":{"text":"Similar post","link":""},"img":{"alt_text":"","src":"","width":0,"height":0},"classes":[]},{"id":26277,"url":"https:\/\/sakaba.mghosteur.com\/en\/product\/belo-kojic-acid-tranexamic-acid-copy\/","url_meta":{"origin":26981,"position":4},"title":"BELO KOJIC ACID +TRANEXAMIC ACID (Copy)","author":"admin","date":"November 24, 2022","format":false,"excerpt":"","rel":"","context":"Similar post","block_context":{"text":"Similar post","link":""},"img":{"alt_text":"","src":"","width":0,"height":0},"classes":[]},{"id":26293,"url":"https:\/\/sakaba.mghosteur.com\/en\/product\/extra-strength-glutathione-with-rosehip-kojic-acid\/","url_meta":{"origin":26981,"position":5},"title":"EXTRA STRENGTH GLUTATHIONE WITH ROSEHIP KOJIC ACID","author":"admin","date":"November 24, 2022","format":false,"excerpt":"","rel":"","context":"Similar post","block_context":{"text":"Similar post","link":""},"img":{"alt_text":"","src":"","width":0,"height":0},"classes":[]}],"_links":{"self":[{"href":"https:\/\/sakaba.mghosteur.com\/en\/wp-json\/wp\/v2\/product\/26981","targetHints":{"allow":["GET"]}}],"collection":[{"href":"https:\/\/sakaba.mghosteur.com\/en\/wp-json\/wp\/v2\/product"}],"about":[{"href":"https:\/\/sakaba.mghosteur.com\/en\/wp-json\/wp\/v2\/types\/product"}],"replies":[{"embeddable":true,"href":"https:\/\/sakaba.mghosteur.com\/en\/wp-json\/wp\/v2\/comments?post=26981"}],"version-history":[{"count":0,"href":"https:\/\/sakaba.mghosteur.com\/en\/wp-json\/wp\/v2\/product\/26981\/revisions"}],"wp:attachment":[{"href":"https:\/\/sakaba.mghosteur.com\/en\/wp-json\/wp\/v2\/media?parent=26981"}],"wp:term":[{"taxonomy":"product_brand","embeddable":true,"href":"https:\/\/sakaba.mghosteur.com\/en\/wp-json\/wp\/v2\/product_brand?post=26981"},{"taxonomy":"product_cat","embeddable":true,"href":"https:\/\/sakaba.mghosteur.com\/en\/wp-json\/wp\/v2\/product_cat?post=26981"},{"taxonomy":"product_tag","embeddable":true,"href":"https:\/\/sakaba.mghosteur.com\/en\/wp-json\/wp\/v2\/product_tag?post=26981"}],"curies":[{"name":"wp","href":"https:\/\/api.w.org\/{rel}","templated":true}]}}