{"id":26988,"date":"2022-11-28T18:46:07","date_gmt":"2022-11-28T18:46:07","guid":{"rendered":"http:\/\/www.sakababeauty.com\/?post_type=product&#038;p=26988"},"modified":"2023-05-11T16:25:26","modified_gmt":"2023-05-11T16:25:26","slug":"facetheory-regenacalm-serum","status":"publish","type":"product","link":"https:\/\/sakaba.mghosteur.com\/en\/product\/facetheory-regenacalm-serum\/","title":{"rendered":"FACETHEORY Regenacalm 2% Retinol and Vitamin C Serum S1"},"content":{"rendered":"<p>Produit : Regenacalm 2% R\u00e9tinol et Vitamine C S\u00e9rum S1 Marque : Facetheory<\/p>\n<p>Le s\u00e9rum Regenacalm de Facetheory est un produit hautement efficace con\u00e7u pour cibler les ridules, les rides, les imperfections, les cicatrices d&#8217;acn\u00e9, la rosac\u00e9e et l&#8217;hyperpigmentation. Sa formule contient de l&#8217;ester de r\u00e9tinol stabilis\u00e9 \u00e0 2%, de l&#8217;acide hyaluronique, de l&#8217;aneth et de la r\u00e9glisse pour r\u00e9g\u00e9n\u00e9rer le collag\u00e8ne et l&#8217;\u00e9lastine de la peau. L&#8217;effet antioxydant de la vitamine C et des extraits botaniques prot\u00e8ge la peau des radicaux libres et aide \u00e0 combattre les imperfections, les cicatrices et les taches brunes.<\/p>\n<p>Le s\u00e9rum Regenacalm ne contient pas de parab\u00e8nes, de silicones, de PEG, de SLS, de SLES et d&#8217;huiles min\u00e9rales, est v\u00e9g\u00e9talien et n&#8217;est pas test\u00e9 sur les animaux. Il peut \u00eatre utilis\u00e9 seul ou en combinaison avec votre hydratant pr\u00e9f\u00e9r\u00e9.<\/p>\n<p>Ce produit convient \u00e0 la plupart des types de peau. Si vous pr\u00e9f\u00e9rez une formule de r\u00e9tinol plus concentr\u00e9e mais suffisamment douce pour les peaux sensibles, vous pouvez envisager Regenacalm Pro avec 3% de liposomes de r\u00e9tinol.<\/p>\n<p>Pour l&#8217;utiliser, appliquez quelques gouttes sur une peau propre et humide, en vous concentrant sur les imperfections, les ridules, les taches brunes et les zones d&#8217;hyperpigmentation. Certaines personnes peuvent avoir besoin d&#8217;habituer progressivement leur peau \u00e0 ce produit. Testez d&#8217;abord sur une petite surface et si une r\u00e9action se produit, arr\u00eatez l&#8217;utilisation.<\/p>\n<p>Veuillez noter que ce produit contient du r\u00e9tinol, qui peut augmenter la sensibilit\u00e9 de votre peau au soleil et en particulier la possibilit\u00e9 de coups de soleil. Utilisez un \u00e9cran solaire, portez des v\u00eatements de protection et limitez l&#8217;exposition au soleil pendant l&#8217;utilisation de ce produit et pendant une semaine apr\u00e8s. Ce produit ne doit pas \u00eatre utilis\u00e9 si vous \u00eates enceinte, si vous envisagez de tomber enceinte ou si vous allaitez. Les instructions et les avertissements se trouvent sur la notice d&#8217;utilisation.<\/p>","protected":false},"excerpt":{"rendered":"<p>Produit : Regenacalm 2% R\u00e9tinol et Vitamine C S\u00e9rum S1 Marque : Facetheory Le s\u00e9rum Regenacalm de Facetheory est un produit hautement efficace con\u00e7u pour cibler les ridules, les rides, les imperfections, les cicatrices d&#8217;acn\u00e9, la rosac\u00e9e et l&#8217;hyperpigmentation. Sa formule contient de l&#8217;ester de r\u00e9tinol stabilis\u00e9 \u00e0 2%, de l&#8217;acide hyaluronique, de l&#8217;aneth et<span class=\"read-more-faq\"><a href=\"https:\/\/sakaba.mghosteur.com\/en\/product\/facetheory-regenacalm-serum\/\">Read More<\/a><\/span><\/p>","protected":false},"featured_media":0,"comment_status":"closed","ping_status":"closed","template":"","meta":[],"product_brand":[],"product_cat":[377],"product_tag":[],"class_list":{"0":"post-26988","1":"product","2":"type-product","3":"status-publish","5":"product_cat-bath-body-works","7":"first","8":"instock","9":"shipping-taxable","10":"product-type-simple"},"jetpack-related-posts":[{"id":26991,"url":"https:\/\/sakaba.mghosteur.com\/en\/product\/facetheory-regenacalm-serum-pro\/","url_meta":{"origin":26988,"position":0},"title":"FACETHEORY Regenacalm Serum S1 Pro","author":"admin","date":"November 28, 2022","format":false,"excerpt":"D\u00e9couvrez le Regenacalm Serum S1 Pro de la marque FACETHEORY, un s\u00e9rum concentr\u00e9 en actifs pour une peau plus jeune et plus \u00e9clatante. Formul\u00e9 avec 3% de r\u00e9tino\u00efde encapsul\u00e9 dans des liposomes, ce s\u00e9rum agit sur les ridules, les rides, les imperfections, les cicatrices d'acn\u00e9 et l'hyperpigmentation en p\u00e9n\u00e9trant plus\u2026","rel":"","context":"Similar post","block_context":{"text":"Similar post","link":""},"img":{"alt_text":"","src":"","width":0,"height":0},"classes":[]},{"id":26966,"url":"https:\/\/sakaba.mghosteur.com\/en\/product\/bha-exfoliant-serum-2salicylic-acid-with-green-te\/","url_meta":{"origin":26988,"position":1},"title":"FACETHEORY BHA Exfoliating Serum S3","author":"admin","date":"November 28, 2022","format":false,"excerpt":"Le BHA Exfoliating Serum S3 de FACETHEORY est un exfoliant liquide sans rin\u00e7age reformul\u00e9 avec 5 % de BHA - 2 % d'acide salicylique et maintenant avec 3 % de carnitine - pour cibler l'acn\u00e9, les cellules mortes, les rides et les ridules tout en hydratant et nourrissant la peau.\u2026","rel":"","context":"Similar post","block_context":{"text":"Similar post","link":""},"img":{"alt_text":"","src":"","width":0,"height":0},"classes":[]},{"id":26984,"url":"https:\/\/sakaba.mghosteur.com\/en\/product\/facetheory-regena-c-moisturiser\/","url_meta":{"origin":26988,"position":2},"title":"FACETHEORY Regena-C Moisturiser M4","author":"admin","date":"November 28, 2022","format":false,"excerpt":"Le Regena-C Moisturiser M4 de la marque FACETHEORY est une cr\u00e8me hydratante rapidement absorb\u00e9e qui contient de l'ester de r\u00e9tinol pour prot\u00e9ger la peau contre les dommages environnementaux et favoriser son renouvellement cellulaire. Cette cr\u00e8me est formul\u00e9e avec de la vitamine C et de la vitamine E, qui aident \u00e0\u2026","rel":"","context":"Similar post","block_context":{"text":"Similar post","link":""},"img":{"alt_text":"","src":"","width":0,"height":0},"classes":[]},{"id":26969,"url":"https:\/\/sakaba.mghosteur.com\/en\/product\/facetheory-lumizela-a10-serum\/","url_meta":{"origin":26988,"position":3},"title":"FACETHEORY Lumizela Azelaic Acid Serum A10","author":"admin","date":"November 28, 2022","format":false,"excerpt":"Le Lumizela Azelaic Acid Serum A10 de la marque Facetheory est un s\u00e9rum v\u00e9g\u00e9tal contenant 10% d'acide az\u00e9la\u00efque, un antioxydant naturellement pr\u00e9sent dans le bl\u00e9, le seigle et l'orge. Les \u00e9tudes cliniques ont montr\u00e9 que les produits \u00e0 base d'acide az\u00e9la\u00efque peuvent r\u00e9duire l'inflammation, minimiser l'apparition de vaisseaux sanguins visibles\u2026","rel":"","context":"Similar post","block_context":{"text":"Similar post","link":""},"img":{"alt_text":"","src":"","width":0,"height":0},"classes":[]},{"id":26957,"url":"https:\/\/sakaba.mghosteur.com\/en\/product\/porebright-n10-serum\/","url_meta":{"origin":26988,"position":4},"title":"FACETHEORY Porebright Serum N10","author":"admin","date":"November 28, 2022","format":false,"excerpt":"D\u00e9couvrez le S\u00e9rum Porebright N10 de la marque Facetheory, un s\u00e9rum concentr\u00e9 en actifs pour aider \u00e0 r\u00e9duire l'apparence des l\u00e9sions d'acn\u00e9, des pores dilat\u00e9s et de l'hyperpigmentation. Formul\u00e9 avec de la niacinamide (vitamine B3) pour r\u00e9duire l'apparence des pores dilat\u00e9s, de l'acide hyaluronique pour r\u00e9g\u00e9n\u00e9rer et maintenir l'\u00e9quilibre hydrique\u2026","rel":"","context":"Similar post","block_context":{"text":"Similar post","link":""},"img":{"alt_text":"","src":"","width":0,"height":0},"classes":[]},{"id":26951,"url":"https:\/\/sakaba.mghosteur.com\/en\/product\/facetheory-vitamin-c-cream-cleanser\/","url_meta":{"origin":26988,"position":5},"title":"FACETHEORY Vitamin C Cream Cleanser C1","author":"admin","date":"November 28, 2022","format":false,"excerpt":"D\u00e9couvrez la Cr\u00e8me Nettoyante \u00e0 la Vitamine C C1 de FACETHEORY, une formule douce mais efficace pour \u00e9liminer les impuret\u00e9s et les d\u00e9bris qui obstruent les pores de votre peau. La vitamine C stabilis\u00e9e neutralise les radicaux libres et prot\u00e8ge votre peau contre les dommages environnementaux futurs, tandis que la\u2026","rel":"","context":"Similar post","block_context":{"text":"Similar post","link":""},"img":{"alt_text":"","src":"","width":0,"height":0},"classes":[]}],"_links":{"self":[{"href":"https:\/\/sakaba.mghosteur.com\/en\/wp-json\/wp\/v2\/product\/26988","targetHints":{"allow":["GET"]}}],"collection":[{"href":"https:\/\/sakaba.mghosteur.com\/en\/wp-json\/wp\/v2\/product"}],"about":[{"href":"https:\/\/sakaba.mghosteur.com\/en\/wp-json\/wp\/v2\/types\/product"}],"replies":[{"embeddable":true,"href":"https:\/\/sakaba.mghosteur.com\/en\/wp-json\/wp\/v2\/comments?post=26988"}],"version-history":[{"count":0,"href":"https:\/\/sakaba.mghosteur.com\/en\/wp-json\/wp\/v2\/product\/26988\/revisions"}],"wp:attachment":[{"href":"https:\/\/sakaba.mghosteur.com\/en\/wp-json\/wp\/v2\/media?parent=26988"}],"wp:term":[{"taxonomy":"product_brand","embeddable":true,"href":"https:\/\/sakaba.mghosteur.com\/en\/wp-json\/wp\/v2\/product_brand?post=26988"},{"taxonomy":"product_cat","embeddable":true,"href":"https:\/\/sakaba.mghosteur.com\/en\/wp-json\/wp\/v2\/product_cat?post=26988"},{"taxonomy":"product_tag","embeddable":true,"href":"https:\/\/sakaba.mghosteur.com\/en\/wp-json\/wp\/v2\/product_tag?post=26988"}],"curies":[{"name":"wp","href":"https:\/\/api.w.org\/{rel}","templated":true}]}}