{"id":26991,"date":"2022-11-28T18:47:07","date_gmt":"2022-11-28T18:47:07","guid":{"rendered":"http:\/\/www.sakababeauty.com\/?post_type=product&#038;p=26991"},"modified":"2023-05-11T16:07:05","modified_gmt":"2023-05-11T16:07:05","slug":"facetheory-regenacalm-serum-pro","status":"publish","type":"product","link":"https:\/\/sakaba.mghosteur.com\/en\/product\/facetheory-regenacalm-serum-pro\/","title":{"rendered":"FACETHEORY Regenacalm Serum S1 Pro"},"content":{"rendered":"<p>D\u00e9couvrez le Regenacalm Serum S1 Pro de la marque FACETHEORY, un s\u00e9rum concentr\u00e9 en actifs pour une peau plus jeune et plus \u00e9clatante. Formul\u00e9 avec 3% de r\u00e9tino\u00efde encapsul\u00e9 dans des liposomes, ce s\u00e9rum agit sur les ridules, les rides, les imperfections, les cicatrices d&#8217;acn\u00e9 et l&#8217;hyperpigmentation en p\u00e9n\u00e9trant plus profond\u00e9ment dans l&#8217;\u00e9piderme avec une sensibilit\u00e9 r\u00e9duite. L&#8217;extrait d&#8217;aneth aide \u00e0 r\u00e9g\u00e9n\u00e9rer l&#8217;\u00e9lastine, tandis que l&#8217;extrait de r\u00e9glisse \u00e9claircit la peau et r\u00e9duit la pigmentation. La vitamine C stabilis\u00e9e et la vitamine E prot\u00e8gent contre les radicaux libres et ciblent les imperfections et les cicatrices. Ce s\u00e9rum convient \u00e0 la plupart des types de peau et est sans parab\u00e8nes, silicones, PEG, SLS, SLES et huiles min\u00e9rales. Facetheory utilise une forte concentration d&#8217;actifs, donc une petite quantit\u00e9 de produit suffit. Pour une utilisation optimale, appliquez quelques gouttes sur une peau propre et humide, en vous concentrant sur les imperfections, les ridules, les taches brunes et les zones d&#8217;hyperpigmentation, puis suivez avec votre cr\u00e8me hydratante. Veuillez noter que ce produit contient du r\u00e9tinol, qui peut augmenter la sensibilit\u00e9 de votre peau au soleil, il est donc recommand\u00e9 d&#8217;utiliser un \u00e9cran solaire et de limiter l&#8217;exposition au soleil pendant et apr\u00e8s l&#8217;utilisation de ce produit. Enfin, veuillez consulter la notice pour les instructions et les avertissements, et lisez attentivement avant la premi\u00e8re utilisation.<\/p>","protected":false},"excerpt":{"rendered":"<p>D\u00e9couvrez le Regenacalm Serum S1 Pro de la marque FACETHEORY, un s\u00e9rum concentr\u00e9 en actifs pour une peau plus jeune et plus \u00e9clatante. Formul\u00e9 avec 3% de r\u00e9tino\u00efde encapsul\u00e9 dans des liposomes, ce s\u00e9rum agit sur les ridules, les rides, les imperfections, les cicatrices d&#8217;acn\u00e9 et l&#8217;hyperpigmentation en p\u00e9n\u00e9trant plus profond\u00e9ment dans l&#8217;\u00e9piderme avec une<span class=\"read-more-faq\"><a href=\"https:\/\/sakaba.mghosteur.com\/en\/product\/facetheory-regenacalm-serum-pro\/\">Read More<\/a><\/span><\/p>","protected":false},"featured_media":0,"comment_status":"closed","ping_status":"closed","template":"","meta":[],"product_brand":[],"product_cat":[377],"product_tag":[],"class_list":{"0":"post-26991","1":"product","2":"type-product","3":"status-publish","5":"product_cat-bath-body-works","7":"first","8":"instock","9":"shipping-taxable","10":"product-type-simple"},"jetpack-related-posts":[{"id":26988,"url":"https:\/\/sakaba.mghosteur.com\/en\/product\/facetheory-regenacalm-serum\/","url_meta":{"origin":26991,"position":0},"title":"FACETHEORY Regenacalm 2% Retinol and Vitamin C Serum S1","author":"admin","date":"November 28, 2022","format":false,"excerpt":"Produit : Regenacalm 2% R\u00e9tinol et Vitamine C S\u00e9rum S1 Marque : Facetheory Le s\u00e9rum Regenacalm de Facetheory est un produit hautement efficace con\u00e7u pour cibler les ridules, les rides, les imperfections, les cicatrices d'acn\u00e9, la rosac\u00e9e et l'hyperpigmentation. Sa formule contient de l'ester de r\u00e9tinol stabilis\u00e9 \u00e0 2%, de\u2026","rel":"","context":"Similar post","block_context":{"text":"Similar post","link":""},"img":{"alt_text":"","src":"","width":0,"height":0},"classes":[]},{"id":26957,"url":"https:\/\/sakaba.mghosteur.com\/en\/product\/porebright-n10-serum\/","url_meta":{"origin":26991,"position":1},"title":"FACETHEORY Porebright Serum N10","author":"admin","date":"November 28, 2022","format":false,"excerpt":"D\u00e9couvrez le S\u00e9rum Porebright N10 de la marque Facetheory, un s\u00e9rum concentr\u00e9 en actifs pour aider \u00e0 r\u00e9duire l'apparence des l\u00e9sions d'acn\u00e9, des pores dilat\u00e9s et de l'hyperpigmentation. Formul\u00e9 avec de la niacinamide (vitamine B3) pour r\u00e9duire l'apparence des pores dilat\u00e9s, de l'acide hyaluronique pour r\u00e9g\u00e9n\u00e9rer et maintenir l'\u00e9quilibre hydrique\u2026","rel":"","context":"Similar post","block_context":{"text":"Similar post","link":""},"img":{"alt_text":"","src":"","width":0,"height":0},"classes":[]},{"id":26966,"url":"https:\/\/sakaba.mghosteur.com\/en\/product\/bha-exfoliant-serum-2salicylic-acid-with-green-te\/","url_meta":{"origin":26991,"position":2},"title":"FACETHEORY BHA Exfoliating Serum S3","author":"admin","date":"November 28, 2022","format":false,"excerpt":"Le BHA Exfoliating Serum S3 de FACETHEORY est un exfoliant liquide sans rin\u00e7age reformul\u00e9 avec 5 % de BHA - 2 % d'acide salicylique et maintenant avec 3 % de carnitine - pour cibler l'acn\u00e9, les cellules mortes, les rides et les ridules tout en hydratant et nourrissant la peau.\u2026","rel":"","context":"Similar post","block_context":{"text":"Similar post","link":""},"img":{"alt_text":"","src":"","width":0,"height":0},"classes":[]},{"id":26969,"url":"https:\/\/sakaba.mghosteur.com\/en\/product\/facetheory-lumizela-a10-serum\/","url_meta":{"origin":26991,"position":3},"title":"FACETHEORY Lumizela Azelaic Acid Serum A10","author":"admin","date":"November 28, 2022","format":false,"excerpt":"Le Lumizela Azelaic Acid Serum A10 de la marque Facetheory est un s\u00e9rum v\u00e9g\u00e9tal contenant 10% d'acide az\u00e9la\u00efque, un antioxydant naturellement pr\u00e9sent dans le bl\u00e9, le seigle et l'orge. Les \u00e9tudes cliniques ont montr\u00e9 que les produits \u00e0 base d'acide az\u00e9la\u00efque peuvent r\u00e9duire l'inflammation, minimiser l'apparition de vaisseaux sanguins visibles\u2026","rel":"","context":"Similar post","block_context":{"text":"Similar post","link":""},"img":{"alt_text":"","src":"","width":0,"height":0},"classes":[]},{"id":26963,"url":"https:\/\/sakaba.mghosteur.com\/en\/product\/facetheory-ocuwake-eye-cream\/","url_meta":{"origin":26991,"position":4},"title":"FACETHEORY Ocuwake Eye Cream EYE1","author":"admin","date":"November 28, 2022","format":false,"excerpt":"Produit : FACETHEORY Ocuwake Eye Cream EYE1 La cr\u00e8me pour les yeux FACETHEORY Ocuwake Eye Cream EYE1 est un m\u00e9lange d'actifs de pointe, con\u00e7u pour r\u00e9duire les cernes et les poches sous les yeux. La formule contient un m\u00e9lange de vitamine C, acide f\u00e9rulique, r\u00e9glisse et camomille, ainsi que la\u2026","rel":"","context":"Similar post","block_context":{"text":"Similar post","link":""},"img":{"alt_text":"","src":"","width":0,"height":0},"classes":[]},{"id":26972,"url":"https:\/\/sakaba.mghosteur.com\/en\/product\/exaglow-serum-5tranexamic-acid\/","url_meta":{"origin":26991,"position":5},"title":"FACETHEO S\u00e9rum Exaglow S10 5% acide tranexamique","author":"admin","date":"November 28, 2022","format":false,"excerpt":"D\u00e9couvrez le s\u00e9rum Exaglow S10 de FACETHEORY, un s\u00e9rum \u00e9claircissant qui utilise des actifs cl\u00e9s pour un maximum de r\u00e9sultats. Formul\u00e9 avec de l'acide tranexamique, de la vitamine C et de la r\u00e9glisse, ce s\u00e9rum est con\u00e7u pour \u00e9claircir les taches brunes et la pigmentation, ainsi que pour lisser les\u2026","rel":"","context":"Similar post","block_context":{"text":"Similar post","link":""},"img":{"alt_text":"","src":"","width":0,"height":0},"classes":[]}],"_links":{"self":[{"href":"https:\/\/sakaba.mghosteur.com\/en\/wp-json\/wp\/v2\/product\/26991","targetHints":{"allow":["GET"]}}],"collection":[{"href":"https:\/\/sakaba.mghosteur.com\/en\/wp-json\/wp\/v2\/product"}],"about":[{"href":"https:\/\/sakaba.mghosteur.com\/en\/wp-json\/wp\/v2\/types\/product"}],"replies":[{"embeddable":true,"href":"https:\/\/sakaba.mghosteur.com\/en\/wp-json\/wp\/v2\/comments?post=26991"}],"version-history":[{"count":0,"href":"https:\/\/sakaba.mghosteur.com\/en\/wp-json\/wp\/v2\/product\/26991\/revisions"}],"wp:attachment":[{"href":"https:\/\/sakaba.mghosteur.com\/en\/wp-json\/wp\/v2\/media?parent=26991"}],"wp:term":[{"taxonomy":"product_brand","embeddable":true,"href":"https:\/\/sakaba.mghosteur.com\/en\/wp-json\/wp\/v2\/product_brand?post=26991"},{"taxonomy":"product_cat","embeddable":true,"href":"https:\/\/sakaba.mghosteur.com\/en\/wp-json\/wp\/v2\/product_cat?post=26991"},{"taxonomy":"product_tag","embeddable":true,"href":"https:\/\/sakaba.mghosteur.com\/en\/wp-json\/wp\/v2\/product_tag?post=26991"}],"curies":[{"name":"wp","href":"https:\/\/api.w.org\/{rel}","templated":true}]}}