{"id":26999,"date":"2022-11-28T18:53:55","date_gmt":"2022-11-28T18:53:55","guid":{"rendered":"http:\/\/www.sakababeauty.com\/?post_type=product&#038;p=26999"},"modified":"2023-03-06T17:23:46","modified_gmt":"2023-03-06T17:23:46","slug":"hyper-even-fade-and-glow-aha-mask","status":"publish","type":"product","link":"https:\/\/sakaba.mghosteur.com\/en\/product\/hyper-even-fade-and-glow-aha-mask\/","title":{"rendered":"HYPER EVEN FADE AND GLOW AHA MASK"},"content":{"rendered":"<p>Le masque AHA Fade and Glow de la marque Hyper Even est le soin ultime pour redonner de l&#8217;\u00e9clat \u00e0 votre peau. Il est compos\u00e9 d&#8217;un duo AHA puissant, l&#8217;acide glycolique (5%) et l&#8217;acide mand\u00e9lique (5%), qui \u00e9liminent les impuret\u00e9s et illuminent instantan\u00e9ment le teint terne. La niacinamide et la busserole travaillent en synergie pour att\u00e9nuer les taches brunes tenaces, tandis que l&#8217;argousier et la camomille apaisent et pr\u00e9viennent les \u00e9ruptions cutan\u00e9es.<\/p>\n<p>Pour utiliser ce masque, il suffit de l&#8217;appliquer sur une peau propre et s\u00e8che pendant 10 \u00e0 15 minutes. Il est recommand\u00e9 de commencer par une utilisation de 10 minutes et de l&#8217;augmenter progressivement \u00e0 15 minutes. Il est normal de ressentir un l\u00e9ger picotement d\u00fb aux ingr\u00e9dients exfoliants, mais cela ne doit pas br\u00fbler la peau. Ensuite, il suffit de rincer le visage \u00e0 l&#8217;eau ti\u00e8de et d&#8217;appliquer une cr\u00e8me hydratante adapt\u00e9e \u00e0 votre type de peau.<\/p>\n<p>L&#8217;utilisation de ce masque deux fois par semaine est id\u00e9ale pour obtenir des r\u00e9sultats visibles, mais il est possible de l&#8217;utiliser jusqu&#8217;\u00e0 trois fois par semaine pour des r\u00e9sultats encore plus rapides. Avec le masque AHA Hyper Even Fade and Glow, retrouvez une peau nette, lumineuse et \u00e9clatante en quelques minutes seulement.<\/p>","protected":false},"excerpt":{"rendered":"<p>Le masque AHA Fade and Glow de la marque Hyper Even est le soin ultime pour redonner de l&#8217;\u00e9clat \u00e0 votre peau. Il est compos\u00e9 d&#8217;un duo AHA puissant, l&#8217;acide glycolique (5%) et l&#8217;acide mand\u00e9lique (5%), qui \u00e9liminent les impuret\u00e9s et illuminent instantan\u00e9ment le teint terne. La niacinamide et la busserole travaillent en synergie pour<span class=\"read-more-faq\"><a href=\"https:\/\/sakaba.mghosteur.com\/en\/product\/hyper-even-fade-and-glow-aha-mask\/\">Read More<\/a><\/span><\/p>","protected":false},"featured_media":0,"comment_status":"closed","ping_status":"closed","template":"","meta":[],"product_brand":[],"product_cat":[377],"product_tag":[],"class_list":{"0":"post-26999","1":"product","2":"type-product","3":"status-publish","5":"product_cat-bath-body-works","7":"first","8":"instock","9":"shipping-taxable","10":"product-type-simple"},"jetpack-related-posts":[{"id":27474,"url":"https:\/\/sakaba.mghosteur.com\/en\/product\/the-ordinary-aha-30-bha-2-peeling-solution\/","url_meta":{"origin":26999,"position":0},"title":"The Ordinary AHA 30% + BHA 2% Peeling Solution","author":"admin","date":"November 29, 2022","format":false,"excerpt":"La Solution gommante AHA 30% + BHA 2% de The Ordinary est la solution id\u00e9ale pour exfolier en profondeur votre peau et lui donner un aspect plus lumineux et uniforme. Elle est formul\u00e9e avec des acides alpha-hydroxyl\u00e9s (AHA), des acides b\u00eata-hydroxyl\u00e9s (BHA) et un d\u00e9riv\u00e9 de poivre de Tasmanie \u00e9tudi\u00e9,\u2026","rel":"","context":"Similar post","block_context":{"text":"Similar post","link":""},"img":{"alt_text":"","src":"","width":0,"height":0},"classes":[]},{"id":34719,"url":"https:\/\/sakaba.mghosteur.com\/en\/product\/fenty-skin-cherry-dub-75ml\/","url_meta":{"origin":26999,"position":1},"title":"FENTY SKIN CHERRY DUB 75ml","author":"admin","date":"May 30, 2024","format":false,"excerpt":"Le masque visage en gel\u00e9e \u00e9claircissant Fenty Skin Cherry Dub 75 ml utilise un complexe triple cerise et 5 % d'AHA pour clarifier et renouveler la peau. Il est non com\u00e9dog\u00e8ne et convient \u00e0 tous les types de peau. Passez d'une peau terne \u00e0 une peau \u00e9clatante en quelques minutes\u2026","rel":"","context":"Similar post","block_context":{"text":"Similar post","link":""},"img":{"alt_text":"","src":"","width":0,"height":0},"classes":[]},{"id":29755,"url":"https:\/\/sakaba.mghosteur.com\/en\/product\/skin-success-sheet-mask-1-single\/","url_meta":{"origin":26999,"position":2},"title":"SKIN SUCCESS SHEET  MASK 1 SINGLE","author":"admin","date":"April 19, 2023","format":false,"excerpt":"Le Palmer's Skin Success Glow Radiance Sheet Mask est un masque facial infus\u00e9 d'ingr\u00e9dients naturels pour vous offrir une peau lumineuse et \u00e9clatante. Ce masque contient des ingr\u00e9dients perfecteurs de teint qui aident \u00e0 \u00e9quilibrer le teint de votre peau et \u00e0 am\u00e9liorer son apparence. Il est con\u00e7u pour donner\u2026","rel":"","context":"Similar post","block_context":{"text":"Similar post","link":""},"img":{"alt_text":"","src":"","width":0,"height":0},"classes":[]},{"id":28864,"url":"https:\/\/sakaba.mghosteur.com\/en\/product\/hyper-even-for-brightening-dark-spot-and-discolora\/","url_meta":{"origin":26999,"position":3},"title":"HYPER EVEN FOR BRIGHTENING DARK SPOT AND DISCOLORANTION","author":"admin","date":"March 6, 2023","format":false,"excerpt":"Dites adieu aux taches brunes tenaces et bonjour \u00e0 une peau uniforme et \u00e9clatante avec le s\u00e9rum Hyper Brightening \u00e0 la Vitamine C pour les Taches Sombres de HYPER EVEN. Cette formule intensive est con\u00e7ue pour combattre efficacement l'hyperpigmentation et les signes du vieillissement. Notre ingr\u00e9dient phare, la vitamine C\u2026","rel":"","context":"Similar post","block_context":{"text":"Similar post","link":""},"img":{"alt_text":"","src":"","width":0,"height":0},"classes":[]},{"id":29592,"url":"https:\/\/sakaba.mghosteur.com\/en\/product\/fenty-skin-pre-show-glow-2\/","url_meta":{"origin":26999,"position":4},"title":"FENTY SKIN PRE SHOW GLOW","author":"admin","date":"April 10, 2023","format":false,"excerpt":"D\u00e9couvrez le FENTY SKIN PRE SHOW GLOW, un traitement pour une peau lisse et pr\u00eate en une minute. Avec une concentration de 10% d'acide alpha-hydroxy (AHA), ce traitement clarifie, purifie et lisse votre peau en douceur en \u00e9liminant les cellules mortes \u00e0 la surface et en profondeur dans les pores.\u2026","rel":"","context":"Similar post","block_context":{"text":"Similar post","link":""},"img":{"alt_text":"","src":"","width":0,"height":0},"classes":[]},{"id":27438,"url":"https:\/\/sakaba.mghosteur.com\/en\/product\/the-inkey-list-kaolin-face-mask\/","url_meta":{"origin":26999,"position":5},"title":"THE INKEY LIST KAOLIN FACE","author":"admin","date":"November 29, 2022","format":false,"excerpt":"Le masque \u00e0 l'argile de kaolin de la marque The Inkey List est un produit de soin de la peau de haute qualit\u00e9 qui offre une solution naturelle pour nettoyer et purifier votre peau en profondeur. En utilisant l'argile de kaolin, ce masque \u00e9limine les impuret\u00e9s et l'exc\u00e8s de s\u00e9bum\u2026","rel":"","context":"Similar post","block_context":{"text":"Similar post","link":""},"img":{"alt_text":"","src":"","width":0,"height":0},"classes":[]}],"_links":{"self":[{"href":"https:\/\/sakaba.mghosteur.com\/en\/wp-json\/wp\/v2\/product\/26999","targetHints":{"allow":["GET"]}}],"collection":[{"href":"https:\/\/sakaba.mghosteur.com\/en\/wp-json\/wp\/v2\/product"}],"about":[{"href":"https:\/\/sakaba.mghosteur.com\/en\/wp-json\/wp\/v2\/types\/product"}],"replies":[{"embeddable":true,"href":"https:\/\/sakaba.mghosteur.com\/en\/wp-json\/wp\/v2\/comments?post=26999"}],"version-history":[{"count":0,"href":"https:\/\/sakaba.mghosteur.com\/en\/wp-json\/wp\/v2\/product\/26999\/revisions"}],"wp:attachment":[{"href":"https:\/\/sakaba.mghosteur.com\/en\/wp-json\/wp\/v2\/media?parent=26999"}],"wp:term":[{"taxonomy":"product_brand","embeddable":true,"href":"https:\/\/sakaba.mghosteur.com\/en\/wp-json\/wp\/v2\/product_brand?post=26999"},{"taxonomy":"product_cat","embeddable":true,"href":"https:\/\/sakaba.mghosteur.com\/en\/wp-json\/wp\/v2\/product_cat?post=26999"},{"taxonomy":"product_tag","embeddable":true,"href":"https:\/\/sakaba.mghosteur.com\/en\/wp-json\/wp\/v2\/product_tag?post=26999"}],"curies":[{"name":"wp","href":"https:\/\/api.w.org\/{rel}","templated":true}]}}