{"id":27002,"date":"2022-11-28T18:55:55","date_gmt":"2022-11-28T18:55:55","guid":{"rendered":"http:\/\/www.sakababeauty.com\/?post_type=product&#038;p=27002"},"modified":"2022-11-28T18:55:56","modified_gmt":"2022-11-28T18:55:56","slug":"witch-hazel-brightening-ph-balancing-toner","status":"publish","type":"product","link":"https:\/\/sakaba.mghosteur.com\/en\/product\/witch-hazel-brightening-ph-balancing-toner\/","title":{"rendered":"WITCH HAZEL BRIGHTENING &#038;PH BALANCING TONER"},"content":{"rendered":"","protected":false},"excerpt":{"rendered":"","protected":false},"featured_media":0,"comment_status":"closed","ping_status":"closed","template":"","meta":[],"product_brand":[],"product_cat":[377],"product_tag":[],"class_list":{"0":"post-27002","1":"product","2":"type-product","3":"status-publish","5":"product_cat-bath-body-works","7":"first","8":"instock","9":"shipping-taxable","10":"product-type-simple"},"jetpack-related-posts":[{"id":24066,"url":"https:\/\/sakaba.mghosteur.com\/en\/product\/thayers-facial-toner-witch-hazel\/","url_meta":{"origin":27002,"position":0},"title":"THAYERS Facial Toner Witch Hazel","author":"admin","date":"November 9, 2022","format":false,"excerpt":"","rel":"","context":"Similar post","block_context":{"text":"Similar post","link":""},"img":{"alt_text":"","src":"","width":0,"height":0},"classes":[]},{"id":27205,"url":"https:\/\/sakaba.mghosteur.com\/en\/product\/olay-toner-with-witch-hazel\/","url_meta":{"origin":27002,"position":1},"title":"Olay Toner with Witch Hazel","author":"admin","date":"November 29, 2022","format":false,"excerpt":"\u00c9liminez les impuret\u00e9s pour rafra\u00eechir la peau avec le tonique nettoyant minimisant l'huile d'Olay. Id\u00e9al pour les peaux grasses \u00e0 mixtes, ce tonique aide \u00e0 \u00e9liminer l'exc\u00e8s de s\u00e9bum en l'\u00e9liminant, ainsi que la salet\u00e9 et le maquillage, sans priver votre peau de son hydratation essentielle. Le tonique pour le\u2026","rel":"","context":"Similar post","block_context":{"text":"Similar post","link":""},"img":{"alt_text":"","src":"","width":0,"height":0},"classes":[]},{"id":27270,"url":"https:\/\/sakaba.mghosteur.com\/en\/product\/good-molecules-niacinamide-brightening-toner\/","url_meta":{"origin":27002,"position":2},"title":"GOOD MOLECULES NIACINAMIDE BRIGHTENING TONER","author":"admin","date":"November 29, 2022","format":false,"excerpt":"D\u00e9couvrez le toner \u00e9claircissant niacinamide de Good Molecules, un produit phare pour une peau \u00e9clatante et uniforme. Ce toner sans alcool a \u00e9t\u00e9 sp\u00e9cialement formul\u00e9 avec des ingr\u00e9dients \u00e9claircissants pour r\u00e9duire les signes de matit\u00e9, de teint irr\u00e9gulier et de pores dilat\u00e9s. Avec un pH de 6,4, il convient parfaitement\u2026","rel":"","context":"Similar post","block_context":{"text":"Similar post","link":""},"img":{"alt_text":"","src":"","width":0,"height":0},"classes":[]},{"id":29453,"url":"https:\/\/sakaba.mghosteur.com\/en\/product\/cosrx-galactomyces-95-tone-balancing-essence\/","url_meta":{"origin":27002,"position":3},"title":"COSRX GALACTOMYCES 95 TONE BALANCING ESSENCE","author":"admin","date":"April 4, 2023","format":false,"excerpt":"D\u00e9couvrez l'essence \u00e9quilibrante de ton Galactomyces 95 de la marque COSRX ! Cette essence multi-action est con\u00e7ue pour les peaux ternes et rugueuses. Elle contient 95% de filtrat de ferment de Galactomyces pour nourrir et hydrater la peau, tout en la rendant plus \u00e9clatante et plus claire. Gr\u00e2ce \u00e0 l'acide\u2026","rel":"","context":"Similar post","block_context":{"text":"Similar post","link":""},"img":{"alt_text":"","src":"","width":0,"height":0},"classes":[]},{"id":24312,"url":"https:\/\/sakaba.mghosteur.com\/en\/product\/neutrogena-rapid-tone-repair-brightening-20-vitamin-c-serum-capsules\/","url_meta":{"origin":27002,"position":4},"title":"Neutrogena Rapid Tone Repair Brightening 20% Vitamin C Serum Capsules","author":"admin","date":"November 10, 2022","format":false,"excerpt":"","rel":"","context":"Similar post","block_context":{"text":"Similar post","link":""},"img":{"alt_text":"","src":"","width":0,"height":0},"classes":[]},{"id":30379,"url":"https:\/\/sakaba.mghosteur.com\/en\/product\/neutrogena-skin-balancing-2-polyhydroxy-acid\/","url_meta":{"origin":27002,"position":5},"title":"NEUTROGENA SKIN BALANCING 2% POLYHYDROXY ACID","author":"admin","date":"May 9, 2023","format":false,"excerpt":"Optez pour le Gel nettoyant \u00e9quilibrant pour la peau pour peaux mixtes de Neutrogena, une formule douce et efficace qui nettoie, exfolie et revitalise votre peau en une seule \u00e9tape. Avec sa formule hypoallerg\u00e9nique d\u00e9velopp\u00e9e avec des dermatologues, ce gel nettoyant respecte le pH naturel de votre peau, la laissant\u2026","rel":"","context":"Similar post","block_context":{"text":"Similar post","link":""},"img":{"alt_text":"","src":"","width":0,"height":0},"classes":[]}],"_links":{"self":[{"href":"https:\/\/sakaba.mghosteur.com\/en\/wp-json\/wp\/v2\/product\/27002","targetHints":{"allow":["GET"]}}],"collection":[{"href":"https:\/\/sakaba.mghosteur.com\/en\/wp-json\/wp\/v2\/product"}],"about":[{"href":"https:\/\/sakaba.mghosteur.com\/en\/wp-json\/wp\/v2\/types\/product"}],"replies":[{"embeddable":true,"href":"https:\/\/sakaba.mghosteur.com\/en\/wp-json\/wp\/v2\/comments?post=27002"}],"version-history":[{"count":0,"href":"https:\/\/sakaba.mghosteur.com\/en\/wp-json\/wp\/v2\/product\/27002\/revisions"}],"wp:attachment":[{"href":"https:\/\/sakaba.mghosteur.com\/en\/wp-json\/wp\/v2\/media?parent=27002"}],"wp:term":[{"taxonomy":"product_brand","embeddable":true,"href":"https:\/\/sakaba.mghosteur.com\/en\/wp-json\/wp\/v2\/product_brand?post=27002"},{"taxonomy":"product_cat","embeddable":true,"href":"https:\/\/sakaba.mghosteur.com\/en\/wp-json\/wp\/v2\/product_cat?post=27002"},{"taxonomy":"product_tag","embeddable":true,"href":"https:\/\/sakaba.mghosteur.com\/en\/wp-json\/wp\/v2\/product_tag?post=27002"}],"curies":[{"name":"wp","href":"https:\/\/api.w.org\/{rel}","templated":true}]}}