{"id":27010,"date":"2022-11-28T18:59:00","date_gmt":"2022-11-28T18:59:00","guid":{"rendered":"http:\/\/www.sakababeauty.com\/?post_type=product&#038;p=27010"},"modified":"2022-11-28T18:59:01","modified_gmt":"2022-11-28T18:59:01","slug":"clear-collective-exfoliating-jelly-cleanser","status":"publish","type":"product","link":"https:\/\/sakaba.mghosteur.com\/en\/product\/clear-collective-exfoliating-jelly-cleanser\/","title":{"rendered":"CLEAR COLLECTIVE EXFOLIATING JELLY CLEANSER"},"content":{"rendered":"","protected":false},"excerpt":{"rendered":"","protected":false},"featured_media":0,"comment_status":"closed","ping_status":"closed","template":"","meta":[],"product_brand":[],"product_cat":[446],"product_tag":[],"class_list":{"0":"post-27010","1":"product","2":"type-product","3":"status-publish","5":"product_cat-nettoyant","7":"first","8":"instock","9":"shipping-taxable","10":"product-type-simple"},"jetpack-related-posts":[{"id":28044,"url":"https:\/\/sakaba.mghosteur.com\/en\/product\/squalane-elderberry-jelly-cleanser\/","url_meta":{"origin":27010,"position":0},"title":"SQUALANE + ELDERBERRY JELLY CLEANSER","author":"admin","date":"November 29, 2022","format":false,"excerpt":"","rel":"","context":"Similar post","block_context":{"text":"Similar post","link":""},"img":{"alt_text":"","src":"","width":0,"height":0},"classes":[]},{"id":26255,"url":"https:\/\/sakaba.mghosteur.com\/en\/product\/lighten-up-plus-powdered-exfoliating-cleanser\/","url_meta":{"origin":27010,"position":1},"title":"LIGHTEN UP PLUS POWDERED EXFOLIATING CLEANSER","author":"admin","date":"November 24, 2022","format":false,"excerpt":"","rel":"","context":"Similar post","block_context":{"text":"Similar post","link":""},"img":{"alt_text":"","src":"","width":0,"height":0},"classes":[]},{"id":24459,"url":"https:\/\/sakaba.mghosteur.com\/en\/product\/ambi-even-clear-exfoliating-wash\/","url_meta":{"origin":27010,"position":2},"title":"AMBI even &amp; clear exfoliating wash","author":"admin","date":"November 10, 2022","format":false,"excerpt":"","rel":"","context":"Similar post","block_context":{"text":"Similar post","link":""},"img":{"alt_text":"","src":"","width":0,"height":0},"classes":[]},{"id":29589,"url":"https:\/\/sakaba.mghosteur.com\/en\/product\/fenty-skin-melt-awf-jelly-oil-makeup-melting-cleanser\/","url_meta":{"origin":27010,"position":3},"title":"FENTY SKIN MELT AWF JELLY OIL MAKEUP-MELTING CLEANSER","author":"admin","date":"April 10, 2023","format":false,"excerpt":"D\u00e9couvrez le MELT AWF JELLY OIL MAKEUP-MELTING CLEANSER de la marque FENTY, un nettoyant innovant qui enl\u00e8ve tous les types de maquillage, m\u00eame les formules longue tenue et waterproof, sans stress ni frottement. Gr\u00e2ce \u00e0 sa texture unique en gel\u00e9e qui se transforme en huile l\u00e9g\u00e8re, ce produit contient un\u2026","rel":"","context":"Similar post","block_context":{"text":"Similar post","link":""},"img":{"alt_text":"","src":"","width":0,"height":0},"classes":[]},{"id":31735,"url":"https:\/\/sakaba.mghosteur.com\/en\/product\/byoma-creamy-jelly-cleanser\/","url_meta":{"origin":27010,"position":4},"title":"BYOMA CREAMY JELLY CLEANSER","author":"admin","date":"May 10, 2024","format":false,"excerpt":"GEL\u00c9E NETTOYANTE CR\u00c9MEUSE HYDRATANTE ET \u00c9CLAIRCISSANTE 175 ML\/5,91 FL.OZ Cette gel\u00e9e nettoyante hydratante ultra-cr\u00e8me \u00e9limine en douceur et efficacement la salet\u00e9, l'exc\u00e8s de s\u00e9bum et le maquillage sans perturber la barri\u00e8re cutan\u00e9e. C'est le nettoyant quotidien id\u00e9al pour votre visage, tout-en-un. Infus\u00e9e de notre complexe tri-c\u00e9ramide, qui renforce la barri\u00e8re\u2026","rel":"","context":"Similar post","block_context":{"text":"Similar post","link":""},"img":{"alt_text":"","src":"","width":0,"height":0},"classes":[]},{"id":24551,"url":"https:\/\/sakaba.mghosteur.com\/en\/product\/clean-clear-morning-burst-facial-cleanser\/","url_meta":{"origin":27010,"position":5},"title":"CLEAN &amp; CLEAR MORNING BURST FACIAL CLEANSER","author":"admin","date":"November 10, 2022","format":false,"excerpt":"Le nettoyant visage Clean & Clear Morning Burst nourrit la peau tout en \u00e9liminant la salet\u00e9, le s\u00e9bum et les impuret\u00e9s qui s'accumulent pendant la nuit. Con\u00e7u pour nettoyer et dynamiser, ce nettoyant visage quotidien sans huile \u00e9limine en douceur les cellules mortes de la peau et nettoie la peau.\u2026","rel":"","context":"Similar post","block_context":{"text":"Similar post","link":""},"img":{"alt_text":"","src":"","width":0,"height":0},"classes":[]}],"_links":{"self":[{"href":"https:\/\/sakaba.mghosteur.com\/en\/wp-json\/wp\/v2\/product\/27010","targetHints":{"allow":["GET"]}}],"collection":[{"href":"https:\/\/sakaba.mghosteur.com\/en\/wp-json\/wp\/v2\/product"}],"about":[{"href":"https:\/\/sakaba.mghosteur.com\/en\/wp-json\/wp\/v2\/types\/product"}],"replies":[{"embeddable":true,"href":"https:\/\/sakaba.mghosteur.com\/en\/wp-json\/wp\/v2\/comments?post=27010"}],"version-history":[{"count":0,"href":"https:\/\/sakaba.mghosteur.com\/en\/wp-json\/wp\/v2\/product\/27010\/revisions"}],"wp:attachment":[{"href":"https:\/\/sakaba.mghosteur.com\/en\/wp-json\/wp\/v2\/media?parent=27010"}],"wp:term":[{"taxonomy":"product_brand","embeddable":true,"href":"https:\/\/sakaba.mghosteur.com\/en\/wp-json\/wp\/v2\/product_brand?post=27010"},{"taxonomy":"product_cat","embeddable":true,"href":"https:\/\/sakaba.mghosteur.com\/en\/wp-json\/wp\/v2\/product_cat?post=27010"},{"taxonomy":"product_tag","embeddable":true,"href":"https:\/\/sakaba.mghosteur.com\/en\/wp-json\/wp\/v2\/product_tag?post=27010"}],"curies":[{"name":"wp","href":"https:\/\/api.w.org\/{rel}","templated":true}]}}