{"id":27013,"date":"2022-11-28T19:00:21","date_gmt":"2022-11-28T19:00:21","guid":{"rendered":"http:\/\/www.sakababeauty.com\/?post_type=product&#038;p=27013"},"modified":"2022-11-28T19:00:21","modified_gmt":"2022-11-28T19:00:21","slug":"urban-skin-rx-advanced-even-tone-day-night-treatment","status":"publish","type":"product","link":"https:\/\/sakaba.mghosteur.com\/en\/product\/urban-skin-rx-advanced-even-tone-day-night-treatment\/","title":{"rendered":"URBAN SKIN RX ADVANCED EVEN TONE DAY &#038; NIGHT TREATMENT"},"content":{"rendered":"","protected":false},"excerpt":{"rendered":"","protected":false},"featured_media":0,"comment_status":"closed","ping_status":"closed","template":"","meta":[],"product_brand":[],"product_cat":[377],"product_tag":[],"class_list":{"0":"post-27013","1":"product","2":"type-product","3":"status-publish","5":"product_cat-bath-body-works","7":"first","8":"instock","9":"shipping-taxable","10":"product-type-simple"},"jetpack-related-posts":[{"id":27007,"url":"https:\/\/sakaba.mghosteur.com\/en\/product\/urban-skin-rx-even-tone-smoothing-body-treatment\/","url_meta":{"origin":27013,"position":0},"title":"URBAN SKIN RX EVEN TONE SMOOTHING BODY TREATMENT","author":"admin","date":"November 28, 2022","format":false,"excerpt":"","rel":"","context":"Similar post","block_context":{"text":"Similar post","link":""},"img":{"alt_text":"","src":"","width":0,"height":0},"classes":[]},{"id":26995,"url":"https:\/\/sakaba.mghosteur.com\/en\/product\/urban-skin-rx-even-tone-cleansing-bar-100g\/","url_meta":{"origin":27013,"position":1},"title":"URBAN SKIN RX EVEN TONE CLEANSING BAR 100G","author":"admin","date":"November 28, 2022","format":false,"excerpt":"","rel":"","context":"Similar post","block_context":{"text":"Similar post","link":""},"img":{"alt_text":"","src":"","width":0,"height":0},"classes":[]},{"id":30525,"url":"https:\/\/sakaba.mghosteur.com\/en\/product\/even-tone-cleansing-bar-3-in-1-treatment\/","url_meta":{"origin":27013,"position":2},"title":"EVEN TONE CLEANSING BAR 3 IN 1 TREATMENT","author":"admin","date":"May 13, 2023","format":false,"excerpt":"D\u00e9couvrez la barre nettoyante Even Tone de la marque Urban Skin pour am\u00e9liorer l'apparence de votre teint irr\u00e9gulier. Cette barre nettoyante est un nettoyant, un masque et un exfoliant tout-en-un pour cibler les taches brunes tenaces et r\u00e9v\u00e9ler un teint plus lumineux et plus uniforme. La formule prim\u00e9e est renforc\u00e9e\u2026","rel":"","context":"Similar post","block_context":{"text":"Similar post","link":""},"img":{"alt_text":"","src":"","width":0,"height":0},"classes":[]},{"id":34159,"url":"https:\/\/sakaba.mghosteur.com\/en\/product\/combination-skin-cleansing-bar-3-in-1-treatment-56g\/","url_meta":{"origin":27013,"position":3},"title":"COMBINATION SKIN CLEANSING BAR 3 IN 1 TREATMENT 56G","author":"admin","date":"May 27, 2024","format":false,"excerpt":"","rel":"","context":"Similar post","block_context":{"text":"Similar post","link":""},"img":{"alt_text":"","src":"","width":0,"height":0},"classes":[]},{"id":34271,"url":"https:\/\/sakaba.mghosteur.com\/en\/product\/urban-skin-rx-clear-skin-deep-cleans-pores-and-oil\/","url_meta":{"origin":27013,"position":4},"title":"URBAN SKIN RX CLEAR SKIN DEEP CLEANS PORES AND OIL","author":"admin","date":"May 27, 2024","format":false,"excerpt":"","rel":"","context":"Similar post","block_context":{"text":"Similar post","link":""},"img":{"alt_text":"","src":"","width":0,"height":0},"classes":[]},{"id":34268,"url":"https:\/\/sakaba.mghosteur.com\/en\/product\/urban-skin-rx-cleansing-100g-anti-aging\/","url_meta":{"origin":27013,"position":5},"title":"URBAN SKIN RX CLEANSING 100G ANTI AGING","author":"admin","date":"May 27, 2024","format":false,"excerpt":"","rel":"","context":"Similar post","block_context":{"text":"Similar post","link":""},"img":{"alt_text":"","src":"","width":0,"height":0},"classes":[]}],"_links":{"self":[{"href":"https:\/\/sakaba.mghosteur.com\/en\/wp-json\/wp\/v2\/product\/27013","targetHints":{"allow":["GET"]}}],"collection":[{"href":"https:\/\/sakaba.mghosteur.com\/en\/wp-json\/wp\/v2\/product"}],"about":[{"href":"https:\/\/sakaba.mghosteur.com\/en\/wp-json\/wp\/v2\/types\/product"}],"replies":[{"embeddable":true,"href":"https:\/\/sakaba.mghosteur.com\/en\/wp-json\/wp\/v2\/comments?post=27013"}],"version-history":[{"count":0,"href":"https:\/\/sakaba.mghosteur.com\/en\/wp-json\/wp\/v2\/product\/27013\/revisions"}],"wp:attachment":[{"href":"https:\/\/sakaba.mghosteur.com\/en\/wp-json\/wp\/v2\/media?parent=27013"}],"wp:term":[{"taxonomy":"product_brand","embeddable":true,"href":"https:\/\/sakaba.mghosteur.com\/en\/wp-json\/wp\/v2\/product_brand?post=27013"},{"taxonomy":"product_cat","embeddable":true,"href":"https:\/\/sakaba.mghosteur.com\/en\/wp-json\/wp\/v2\/product_cat?post=27013"},{"taxonomy":"product_tag","embeddable":true,"href":"https:\/\/sakaba.mghosteur.com\/en\/wp-json\/wp\/v2\/product_tag?post=27013"}],"curies":[{"name":"wp","href":"https:\/\/api.w.org\/{rel}","templated":true}]}}