{"id":27016,"date":"2022-11-28T19:01:29","date_gmt":"2022-11-28T19:01:29","guid":{"rendered":"http:\/\/www.sakababeauty.com\/?post_type=product&#038;p=27016"},"modified":"2022-11-28T19:01:29","modified_gmt":"2022-11-28T19:01:29","slug":"rescue-balm-post-blemish-recovery-cream","status":"publish","type":"product","link":"https:\/\/sakaba.mghosteur.com\/en\/product\/rescue-balm-post-blemish-recovery-cream\/","title":{"rendered":"RESCUE BALM POST BLEMISH RECOVERY CREAM"},"content":{"rendered":"","protected":false},"excerpt":{"rendered":"","protected":false},"featured_media":0,"comment_status":"closed","ping_status":"closed","template":"","meta":[],"product_brand":[],"product_cat":[377],"product_tag":[],"class_list":{"0":"post-27016","1":"product","2":"type-product","3":"status-publish","5":"product_cat-bath-body-works","7":"first","8":"instock","9":"shipping-taxable","10":"product-type-simple"},"jetpack-related-posts":[{"id":26385,"url":"https:\/\/sakaba.mghosteur.com\/en\/product\/snail-rescue-blemish-busting-toner\/","url_meta":{"origin":27016,"position":0},"title":"SNAIL RESCUE BLEMISH BUSTING TONER","author":"admin","date":"November 25, 2022","format":false,"excerpt":"","rel":"","context":"Similar post","block_context":{"text":"Similar post","link":""},"img":{"alt_text":"","src":"","width":0,"height":0},"classes":[]},{"id":27409,"url":"https:\/\/sakaba.mghosteur.com\/en\/product\/noxzema-ultimate-clear-anti-blemish-pads\/","url_meta":{"origin":27016,"position":1},"title":"Noxzema ultimate clear anti blemish pads","author":"admin","date":"November 29, 2022","format":false,"excerpt":"","rel":"","context":"Similar post","block_context":{"text":"Similar post","link":""},"img":{"alt_text":"","src":"","width":0,"height":0},"classes":[]},{"id":26273,"url":"https:\/\/sakaba.mghosteur.com\/en\/product\/clear-essence-blemish-control-formula-for-acne\/","url_meta":{"origin":27016,"position":2},"title":"CLEAR ESSENCE BLEMISH CONTROL FORMULA FOR ACNE","author":"admin","date":"November 24, 2022","format":false,"excerpt":"","rel":"","context":"Similar post","block_context":{"text":"Similar post","link":""},"img":{"alt_text":"","src":"","width":0,"height":0},"classes":[]},{"id":24884,"url":"https:\/\/sakaba.mghosteur.com\/en\/product\/la-roche-posay-lipika-balm-ap\/","url_meta":{"origin":27016,"position":3},"title":"La Roche-Posay Lipika Balm AP+","author":"admin","date":"November 11, 2022","format":false,"excerpt":"D\u00e9couvrez Lipikar Balm AP+ Body Cream for Extra Dry Skin de La Roche-Posay, une cr\u00e8me hydratante sp\u00e9cialement con\u00e7ue pour nourrir en profondeur les peaux s\u00e8ches et sensibles. Cette cr\u00e8me pour le corps est enrichie en niacinamide et beurre de karit\u00e9 pour offrir une hydratation longue dur\u00e9e et apaiser les sympt\u00f4mes\u2026","rel":"","context":"Similar post","block_context":{"text":"Similar post","link":""},"img":{"alt_text":"","src":"","width":0,"height":0},"classes":[]},{"id":27070,"url":"https:\/\/sakaba.mghosteur.com\/en\/product\/lotus-youth-preserve-rescue-mask\/","url_meta":{"origin":27016,"position":4},"title":"LOTUS YOUTH PRESERVE RESCUE MASK","author":"admin","date":"November 28, 2022","format":false,"excerpt":"","rel":"","context":"Similar post","block_context":{"text":"Similar post","link":""},"img":{"alt_text":"","src":"","width":0,"height":0},"classes":[]},{"id":27808,"url":"https:\/\/sakaba.mghosteur.com\/en\/product\/skin-rescue-oil-free-mattifying-gel\/","url_meta":{"origin":27016,"position":5},"title":"SKIN RESCUE OIL FREE MATTIFYING GEL","author":"admin","date":"November 29, 2022","format":false,"excerpt":"","rel":"","context":"Similar post","block_context":{"text":"Similar post","link":""},"img":{"alt_text":"","src":"","width":0,"height":0},"classes":[]}],"_links":{"self":[{"href":"https:\/\/sakaba.mghosteur.com\/en\/wp-json\/wp\/v2\/product\/27016","targetHints":{"allow":["GET"]}}],"collection":[{"href":"https:\/\/sakaba.mghosteur.com\/en\/wp-json\/wp\/v2\/product"}],"about":[{"href":"https:\/\/sakaba.mghosteur.com\/en\/wp-json\/wp\/v2\/types\/product"}],"replies":[{"embeddable":true,"href":"https:\/\/sakaba.mghosteur.com\/en\/wp-json\/wp\/v2\/comments?post=27016"}],"version-history":[{"count":0,"href":"https:\/\/sakaba.mghosteur.com\/en\/wp-json\/wp\/v2\/product\/27016\/revisions"}],"wp:attachment":[{"href":"https:\/\/sakaba.mghosteur.com\/en\/wp-json\/wp\/v2\/media?parent=27016"}],"wp:term":[{"taxonomy":"product_brand","embeddable":true,"href":"https:\/\/sakaba.mghosteur.com\/en\/wp-json\/wp\/v2\/product_brand?post=27016"},{"taxonomy":"product_cat","embeddable":true,"href":"https:\/\/sakaba.mghosteur.com\/en\/wp-json\/wp\/v2\/product_cat?post=27016"},{"taxonomy":"product_tag","embeddable":true,"href":"https:\/\/sakaba.mghosteur.com\/en\/wp-json\/wp\/v2\/product_tag?post=27016"}],"curies":[{"name":"wp","href":"https:\/\/api.w.org\/{rel}","templated":true}]}}