{"id":27019,"date":"2022-11-28T19:04:01","date_gmt":"2022-11-28T19:04:01","guid":{"rendered":"http:\/\/www.sakababeauty.com\/?post_type=product&#038;p=27019"},"modified":"2024-08-07T03:57:37","modified_gmt":"2024-08-07T03:57:37","slug":"combination-skin-cleansing-bar-3-in-1-treatment","status":"publish","type":"product","link":"https:\/\/sakaba.mghosteur.com\/en\/product\/combination-skin-cleansing-bar-3-in-1-treatment\/","title":{"rendered":"COMBINATION SKIN CLEANSING BAR 3 IN 1 TREATMENT"},"content":{"rendered":"<p>D\u00e9couvrez la barre nettoyante pour peaux mixtes de la marque Urban Skin, r\u00e9compens\u00e9e par le prestigieux prix Allure Best of Beauty Award. Con\u00e7ue sp\u00e9cialement pour les peaux mixtes, s\u00e8ches et vieillissantes, cette barre nettoyante offre une exp\u00e9rience de nettoyage ultime en lissant, hydratant et illuminant votre peau pour r\u00e9v\u00e9ler votre \u00e9clat naturel.<\/p>\n<p>La barre nettoyante est formul\u00e9e avec un m\u00e9lange de sauveteurs pour la peau s\u00e8che, de r\u00e9sorcinol et d&#8217;huile de noix de coco, pour hydrater et restaurer les niveaux d&#8217;hydratation de la peau, am\u00e9liorer l&#8217;apparence de la texture rugueuse et des peaux s\u00e8ches, mixtes et vieillissantes. Elle est \u00e9galement \u00e9quip\u00e9e de la technologie ClearTone Advanced qui aide \u00e0 r\u00e9duire l&#8217;apparence des marques sombres et du teint irr\u00e9gulier.<\/p>\n<p>Ce produit est un traitement 3 en 1 qui agit comme un nettoyant quotidien, un masque et un exfoliant, offrant une exp\u00e9rience de nettoyage multit\u00e2che sans pr\u00e9c\u00e9dent. Pour transformer cette barre en une mousse l\u00e9g\u00e8re et a\u00e9r\u00e9e, humidifiez l&#8217;\u00e9ponge fournie et frottez-la autour de la barre pour la rendre agr\u00e9able et mousseuse. Massez doucement le tampon sur votre visage en mouvements circulaires, en \u00e9vitant le contour des yeux.<\/p>\n<p>Utilisez ce nettoyant le matin et le soir pour une peau nettoy\u00e9e en profondeur et une apparence plus lisse et plus jeune. Vous pouvez \u00e9galement l&#8217;utiliser comme un masque rapide en le laissant agir jusqu&#8217;\u00e0 3 minutes avant de rincer et d&#8217;appliquer vos s\u00e9rums et hydratants.<\/p>\n<p>Obtenez une peau plus lumineuse et plus saine avec la barre nettoyante pour peaux mixtes de la marque Urban Skin.<\/p>","protected":false},"excerpt":{"rendered":"<p>D\u00e9couvrez la barre nettoyante pour peaux mixtes de la marque Urban Skin, r\u00e9compens\u00e9e par le prestigieux prix Allure Best of Beauty Award. Con\u00e7ue sp\u00e9cialement pour les peaux mixtes, s\u00e8ches et vieillissantes, cette barre nettoyante offre une exp\u00e9rience de nettoyage ultime en lissant, hydratant et illuminant votre peau pour r\u00e9v\u00e9ler votre \u00e9clat naturel. La barre nettoyante<span class=\"read-more-faq\"><a href=\"https:\/\/sakaba.mghosteur.com\/en\/product\/combination-skin-cleansing-bar-3-in-1-treatment\/\">Read More<\/a><\/span><\/p>","protected":false},"featured_media":0,"comment_status":"closed","ping_status":"closed","template":"","meta":[],"product_brand":[],"product_cat":[294,293,324,451],"product_tag":[],"class_list":{"0":"post-27019","1":"product","2":"type-product","3":"status-publish","5":"product_cat-acne","6":"product_cat-anti-taches","7":"product_cat-demaquillant-nettoyant","8":"product_cat-aab-soin-du-visage","10":"first","11":"instock","12":"shipping-taxable","13":"product-type-simple"},"jetpack-related-posts":[{"id":33409,"url":"https:\/\/sakaba.mghosteur.com\/en\/product\/sctch-porter-hydrate-nourish-beard-conditioner\/","url_meta":{"origin":27019,"position":0},"title":"SCOTCH PORTER HYDRATE &amp; NOURISH BEARD CONDITIONER","author":"admin","date":"May 21, 2024","format":false,"excerpt":"Scotch Porter Hydrate & Nourish Beard Conditioner is a sulfate-free, paraben-free, organic, and cruelty-free conditioner that is designed to hydrate and nourish beards while strengthening facial hair.\u00a0It contains coconut, biotin, and shea butter.\u00a0The conditioner is gentle on the skin and uses natural ingredients like biotin liposome and marshmallow root to\u2026","rel":"","context":"Similar post","block_context":{"text":"Similar post","link":""},"img":{"alt_text":"","src":"","width":0,"height":0},"classes":[]}],"_links":{"self":[{"href":"https:\/\/sakaba.mghosteur.com\/en\/wp-json\/wp\/v2\/product\/27019","targetHints":{"allow":["GET"]}}],"collection":[{"href":"https:\/\/sakaba.mghosteur.com\/en\/wp-json\/wp\/v2\/product"}],"about":[{"href":"https:\/\/sakaba.mghosteur.com\/en\/wp-json\/wp\/v2\/types\/product"}],"replies":[{"embeddable":true,"href":"https:\/\/sakaba.mghosteur.com\/en\/wp-json\/wp\/v2\/comments?post=27019"}],"version-history":[{"count":0,"href":"https:\/\/sakaba.mghosteur.com\/en\/wp-json\/wp\/v2\/product\/27019\/revisions"}],"wp:attachment":[{"href":"https:\/\/sakaba.mghosteur.com\/en\/wp-json\/wp\/v2\/media?parent=27019"}],"wp:term":[{"taxonomy":"product_brand","embeddable":true,"href":"https:\/\/sakaba.mghosteur.com\/en\/wp-json\/wp\/v2\/product_brand?post=27019"},{"taxonomy":"product_cat","embeddable":true,"href":"https:\/\/sakaba.mghosteur.com\/en\/wp-json\/wp\/v2\/product_cat?post=27019"},{"taxonomy":"product_tag","embeddable":true,"href":"https:\/\/sakaba.mghosteur.com\/en\/wp-json\/wp\/v2\/product_tag?post=27019"}],"curies":[{"name":"wp","href":"https:\/\/api.w.org\/{rel}","templated":true}]}}