{"id":27025,"date":"2022-11-28T19:06:37","date_gmt":"2022-11-28T19:06:37","guid":{"rendered":"http:\/\/www.sakababeauty.com\/?post_type=product&#038;p=27025"},"modified":"2022-11-28T19:06:38","modified_gmt":"2022-11-28T19:06:38","slug":"hero-balacing-capsule-toner","status":"publish","type":"product","link":"https:\/\/sakaba.mghosteur.com\/en\/product\/hero-balacing-capsule-toner\/","title":{"rendered":"HERO BALACING CAPSULE TONER"},"content":{"rendered":"","protected":false},"excerpt":{"rendered":"","protected":false},"featured_media":0,"comment_status":"closed","ping_status":"closed","template":"","meta":[],"product_brand":[],"product_cat":[377],"product_tag":[],"class_list":{"0":"post-27025","1":"product","2":"type-product","3":"status-publish","5":"product_cat-bath-body-works","7":"first","8":"instock","9":"shipping-taxable","10":"product-type-simple"},"jetpack-related-posts":[{"id":24312,"url":"https:\/\/sakaba.mghosteur.com\/en\/product\/neutrogena-rapid-tone-repair-brightening-20-vitamin-c-serum-capsules\/","url_meta":{"origin":27025,"position":0},"title":"Neutrogena Rapid Tone Repair Brightening 20% Vitamin C Serum Capsules","author":"admin","date":"November 10, 2022","format":false,"excerpt":"","rel":"","context":"Similar post","block_context":{"text":"Similar post","link":""},"img":{"alt_text":"","src":"","width":0,"height":0},"classes":[]},{"id":30367,"url":"https:\/\/sakaba.mghosteur.com\/en\/product\/neutrogena-rapid-tone-repair-200-vitamin-c-serum\/","url_meta":{"origin":27025,"position":1},"title":"Neutrogena Rapid Tone Repair Brightening 20% Vitamin C Serum Capsules","author":"admin","date":"May 9, 2023","format":false,"excerpt":"Obtenez une peau plus jeune et plus \u00e9clatante en une semaine avec les capsules de s\u00e9rum \u00e0 la vitamine C Rapid Tone Repair de Neutrogena. Chaque capsule biod\u00e9gradable contient 20 % de vitamine C pure pour r\u00e9duire visiblement les taches brunes et les signes du vieillissement cutan\u00e9. Ce s\u00e9rum lissant\u2026","rel":"","context":"Similar post","block_context":{"text":"Similar post","link":""},"img":{"alt_text":"","src":"","width":0,"height":0},"classes":[]},{"id":27022,"url":"https:\/\/sakaba.mghosteur.com\/en\/product\/hero-clairifying-prebiotic-moisturizer\/","url_meta":{"origin":27025,"position":2},"title":"HERO CLAIRIFYING PREBIOTIC MOISTURIZER","author":"admin","date":"November 28, 2022","format":false,"excerpt":"","rel":"","context":"Similar post","block_context":{"text":"Similar post","link":""},"img":{"alt_text":"","src":"","width":0,"height":0},"classes":[]},{"id":27966,"url":"https:\/\/sakaba.mghosteur.com\/en\/product\/isdin-photo-sunisdin-sofgel-capsules\/","url_meta":{"origin":27025,"position":3},"title":"ISDIN PHOTO SUNISDIN SOFGEL CAPSULES","author":"admin","date":"November 29, 2022","format":false,"excerpt":"","rel":"","context":"Similar post","block_context":{"text":"Similar post","link":""},"img":{"alt_text":"","src":"","width":0,"height":0},"classes":[]},{"id":25959,"url":"https:\/\/sakaba.mghosteur.com\/en\/product\/the-mane-choice-hair-vitamin-capsules\/","url_meta":{"origin":27025,"position":4},"title":"THE MANE CHOICE HAIR VITAMIN CAPSULES","author":"admin","date":"November 24, 2022","format":false,"excerpt":"","rel":"","context":"Similar post","block_context":{"text":"Similar post","link":""},"img":{"alt_text":"","src":"","width":0,"height":0},"classes":[]},{"id":29988,"url":"https:\/\/sakaba.mghosteur.com\/en\/product\/neocell-marine-collagene-120-capsules\/","url_meta":{"origin":27025,"position":5},"title":"NEOCELL MARINE C\u00d4LLAGENE 120 CAPSULES","author":"admin","date":"May 1, 2023","format":false,"excerpt":"D\u00e9couvrez le Collag\u00e8ne Marin NeoCell, un compl\u00e9ment alimentaire haut de gamme formul\u00e9 pour favoriser une peau saine et hydrat\u00e9e. Avec 2 000mg de collag\u00e8ne marin, cet ingr\u00e9dient cl\u00e9 est responsable de l'int\u00e9grit\u00e9 structurelle de la peau. Associ\u00e9 \u00e0 l'acide hyaluronique et le Vita-Mineral Youth Boost, ce complexe de soutien au\u2026","rel":"","context":"Similar post","block_context":{"text":"Similar post","link":""},"img":{"alt_text":"","src":"","width":0,"height":0},"classes":[]}],"_links":{"self":[{"href":"https:\/\/sakaba.mghosteur.com\/en\/wp-json\/wp\/v2\/product\/27025","targetHints":{"allow":["GET"]}}],"collection":[{"href":"https:\/\/sakaba.mghosteur.com\/en\/wp-json\/wp\/v2\/product"}],"about":[{"href":"https:\/\/sakaba.mghosteur.com\/en\/wp-json\/wp\/v2\/types\/product"}],"replies":[{"embeddable":true,"href":"https:\/\/sakaba.mghosteur.com\/en\/wp-json\/wp\/v2\/comments?post=27025"}],"version-history":[{"count":0,"href":"https:\/\/sakaba.mghosteur.com\/en\/wp-json\/wp\/v2\/product\/27025\/revisions"}],"wp:attachment":[{"href":"https:\/\/sakaba.mghosteur.com\/en\/wp-json\/wp\/v2\/media?parent=27025"}],"wp:term":[{"taxonomy":"product_brand","embeddable":true,"href":"https:\/\/sakaba.mghosteur.com\/en\/wp-json\/wp\/v2\/product_brand?post=27025"},{"taxonomy":"product_cat","embeddable":true,"href":"https:\/\/sakaba.mghosteur.com\/en\/wp-json\/wp\/v2\/product_cat?post=27025"},{"taxonomy":"product_tag","embeddable":true,"href":"https:\/\/sakaba.mghosteur.com\/en\/wp-json\/wp\/v2\/product_tag?post=27025"}],"curies":[{"name":"wp","href":"https:\/\/api.w.org\/{rel}","templated":true}]}}