{"id":27032,"date":"2022-11-28T19:10:46","date_gmt":"2022-11-28T19:10:46","guid":{"rendered":"http:\/\/www.sakababeauty.com\/?post_type=product&#038;p=27032"},"modified":"2024-08-08T15:35:25","modified_gmt":"2024-08-08T15:35:25","slug":"urban-retinol-rapid-repair-dark-spot-treatment","status":"publish","type":"product","link":"https:\/\/sakaba.mghosteur.com\/en\/product\/urban-retinol-rapid-repair-dark-spot-treatment\/","title":{"rendered":"URBAN RETINOL RAPID REPAIR &amp; DARK SPOT TREATMENT"},"content":{"rendered":"<p>L&#8217;arme secr\u00e8te de cette formule est bien s\u00fbr le r\u00e9tinol, qui agit pour exfolier et am\u00e9liorer l&#8217;apparence du teint, de la texture, des \u00e9ruptions cutan\u00e9es et des marques post-\u00e9ruptions cutan\u00e9es et vous mettre sur la voie d&#8217;une peau lisse et \u00e9clatante. Il contient \u00e9galement de l&#8217;acide kojique pour cibler l&#8217;hyperpigmentation et 5 % de niacinamide pour am\u00e9liorer l&#8217;apparence des taches brunes, du vieillissement cutan\u00e9 et des rougeurs caus\u00e9es par les irritants cutan\u00e9s. Il comprend \u00e9galement notre technologie avanc\u00e9e ClearTone qui agit au fil du temps pour r\u00e9v\u00e9ler un teint plus sain et plus uniforme.<\/p>","protected":false},"excerpt":{"rendered":"<p>L&#8217;arme secr\u00e8te de cette formule est bien s\u00fbr le r\u00e9tinol, qui agit pour exfolier et am\u00e9liorer l&#8217;apparence du teint, de la texture, des \u00e9ruptions cutan\u00e9es et des marques post-\u00e9ruptions cutan\u00e9es et vous mettre sur la voie d&#8217;une peau lisse et \u00e9clatante. Il contient \u00e9galement de l&#8217;acide kojique pour cibler l&#8217;hyperpigmentation et 5 % de niacinamide<span class=\"read-more-faq\"><a href=\"https:\/\/sakaba.mghosteur.com\/en\/product\/urban-retinol-rapid-repair-dark-spot-treatment\/\">Read More<\/a><\/span><\/p>","protected":false},"featured_media":0,"comment_status":"closed","ping_status":"closed","template":"","meta":[],"product_brand":[],"product_cat":[293,451,334],"product_tag":[],"class_list":{"0":"post-27032","1":"product","2":"type-product","3":"status-publish","5":"product_cat-anti-taches","6":"product_cat-aab-soin-du-visage","7":"product_cat-traitement-serum","9":"first","10":"instock","11":"shipping-taxable","12":"product-type-simple"},"jetpack-related-posts":[{"id":35978,"url":"https:\/\/sakaba.mghosteur.com\/en\/product\/medix-5-5-retinol-ferulic-acid-age-rewind-444ml\/","url_meta":{"origin":27032,"position":0},"title":"MEDIX 5.5 RETINOL FERULIC ACID AGE REWIND 444ML","author":"admin","date":"August 10, 2024","format":false,"excerpt":"MEDIX 5.5 \u2013 RETINOL CREAM contient d\u2019autres ingr\u00e9dients actifs tels que l\u2019acide f\u00e9rulique, le th\u00e9 vert, la vitamine E, le beurre de karit\u00e9 et l\u2019aloe vera qui agissent en synergie pour am\u00e9liorer la sant\u00e9 globale et l\u2019apparence de votre peau afin de donner \u00e0 votre peau un \u00e9clat jeune et\u2026","rel":"","context":"Similar post","block_context":{"text":"Similar post","link":""},"img":{"alt_text":"","src":"","width":0,"height":0},"classes":[]},{"id":23903,"url":"https:\/\/sakaba.mghosteur.com\/en\/product\/cerave-resurfacing-retinol-serum\/","url_meta":{"origin":27032,"position":1},"title":"CERAVE RESURFACING RETINOL SERUM","author":"admin","date":"November 9, 2022","format":false,"excerpt":"Le s\u00e9rum resurfa\u00e7ant au r\u00e9tinol de la marque CeraVe est le choix id\u00e9al pour une peau douce et uniforme. Les marques d'acn\u00e9 et le teint irr\u00e9gulier peuvent \u00eatre g\u00eanants, m\u00eame apr\u00e8s que votre acn\u00e9 est sous contr\u00f4le. C'est l\u00e0 que notre s\u00e9rum resurfa\u00e7ant entre en jeu. Formul\u00e9 avec du r\u00e9tinol\u2026","rel":"","context":"Similar post","block_context":{"text":"Similar post","link":""},"img":{"alt_text":"","src":"","width":0,"height":0},"classes":[]},{"id":31636,"url":"https:\/\/sakaba.mghosteur.com\/en\/product\/the-inkey-list-tripeptide-plumpling-lip-balm\/","url_meta":{"origin":27032,"position":2},"title":"THE INKEY LIST TRIPEPTIDE PLUMPLING LIP BALM","author":"admin","date":"May 10, 2024","format":false,"excerpt":"Baume \u00e0 L\u00e8vres Repulpant Tripeptide \u2013 Teinte Roseamide ou du r\u00e9tinol. Cliniquement prouv\u00e9 pour repulper les l\u00e8vres jusqu'\u00e0 40 % en 4 semaines*, ce baume \u00e0 l\u00e8vres repulpant tripeptide viral et prim\u00e9 est de retour dans une nouvelle teinte rose \u00e0 l\u00e8vres modulable et universellement flatteuse pour redonner du volume\u2026","rel":"","context":"Similar post","block_context":{"text":"Similar post","link":""},"img":{"alt_text":"","src":"","width":0,"height":0},"classes":[]},{"id":28075,"url":"https:\/\/sakaba.mghosteur.com\/en\/product\/naturium-vitamin-c-super-serum-plus\/","url_meta":{"origin":27032,"position":3},"title":"NATURIUM VITAMIN C SUPER SERUM PLUS","author":"admin","date":"November 29, 2022","format":false,"excerpt":"Le s\u00e9rum suraliment\u00e9 et multi-b\u00e9n\u00e9fices est formul\u00e9 avec de la vitamine C, du r\u00e9tinol, de l'acide hyaluronique, de la niacinamide et de l'acide salicylique pour aider \u00e0 am\u00e9liorer l'apparence des ridules et des rides, lisser et \u00e9claircir l'apparence de la peau, tout en aidant \u00e0 prot\u00e9ger la peau des facteurs\u2026","rel":"","context":"Similar post","block_context":{"text":"Similar post","link":""},"img":{"alt_text":"","src":"","width":0,"height":0},"classes":[]},{"id":26865,"url":"https:\/\/sakaba.mghosteur.com\/en\/product\/paula-choice-1retinol-booster\/","url_meta":{"origin":27032,"position":4},"title":"PAULA CHOICE 1%RETINOL BOOSTER","author":"admin","date":"November 28, 2022","format":false,"excerpt":"Le Booster de R\u00e9tinol 1% de Paula's Choice est un concentr\u00e9 l\u00e9ger qui aide \u00e0 am\u00e9liorer l'apparence de votre peau en uniformisant le teint, en r\u00e9duisant l'apparence des rides et en cr\u00e9ant un teint plus lisse et plus \u00e9clatant. La formule pure de r\u00e9tinol est lib\u00e9r\u00e9e lentement pour une efficacit\u00e9\u2026","rel":"","context":"Similar post","block_context":{"text":"Similar post","link":""},"img":{"alt_text":"","src":"","width":0,"height":0},"classes":[]},{"id":31609,"url":"https:\/\/sakaba.mghosteur.com\/en\/product\/the-ordinary-aloe-2-nag-2-solution\/","url_meta":{"origin":27032,"position":5},"title":"The Ordinary ALOE 2% NAG 2% SOLUTION","author":"admin","date":"May 10, 2024","format":false,"excerpt":"Aloe 2% + NAG 2% Solution Une solution apaisante pour les marques post-acn\u00e9iques. Aloe 2% + NAG 2% Solution repr\u00e9sente un s\u00e9rum apaisant l\u00e9ger sp\u00e9cialement \u00e9labor\u00e9 pour les peaux sujettes aux imperfections. Cette formule agit efficacement pour r\u00e9duire l'apparence des marques post-acn\u00e9iques en ciblant les aspects in\u00e9gaux du teint et\u2026","rel":"","context":"Similar post","block_context":{"text":"Similar post","link":""},"img":{"alt_text":"","src":"","width":0,"height":0},"classes":[]}],"_links":{"self":[{"href":"https:\/\/sakaba.mghosteur.com\/en\/wp-json\/wp\/v2\/product\/27032","targetHints":{"allow":["GET"]}}],"collection":[{"href":"https:\/\/sakaba.mghosteur.com\/en\/wp-json\/wp\/v2\/product"}],"about":[{"href":"https:\/\/sakaba.mghosteur.com\/en\/wp-json\/wp\/v2\/types\/product"}],"replies":[{"embeddable":true,"href":"https:\/\/sakaba.mghosteur.com\/en\/wp-json\/wp\/v2\/comments?post=27032"}],"version-history":[{"count":0,"href":"https:\/\/sakaba.mghosteur.com\/en\/wp-json\/wp\/v2\/product\/27032\/revisions"}],"wp:attachment":[{"href":"https:\/\/sakaba.mghosteur.com\/en\/wp-json\/wp\/v2\/media?parent=27032"}],"wp:term":[{"taxonomy":"product_brand","embeddable":true,"href":"https:\/\/sakaba.mghosteur.com\/en\/wp-json\/wp\/v2\/product_brand?post=27032"},{"taxonomy":"product_cat","embeddable":true,"href":"https:\/\/sakaba.mghosteur.com\/en\/wp-json\/wp\/v2\/product_cat?post=27032"},{"taxonomy":"product_tag","embeddable":true,"href":"https:\/\/sakaba.mghosteur.com\/en\/wp-json\/wp\/v2\/product_tag?post=27032"}],"curies":[{"name":"wp","href":"https:\/\/api.w.org\/{rel}","templated":true}]}}