{"id":27038,"date":"2022-11-28T19:18:14","date_gmt":"2022-11-28T19:18:14","guid":{"rendered":"http:\/\/www.sakababeauty.com\/?post_type=product&#038;p=27038"},"modified":"2024-08-25T03:50:29","modified_gmt":"2024-08-25T03:50:29","slug":"selsun-blue","status":"publish","type":"product","link":"https:\/\/sakaba.mghosteur.com\/en\/product\/selsun-blue\/","title":{"rendered":"Selsun Blue Shampoo"},"content":{"rendered":"<p>Ce shampooing antipelliculaire m\u00e9dicamenteux contient du menthol rafra\u00eechissant pour procurer une sensation apaisante et revigorante \u00e0 votre cuir chevelu et 1 % de sulfure de s\u00e9l\u00e9nium pour un contr\u00f4le maximal des pellicules.<\/p>","protected":false},"excerpt":{"rendered":"<p>Ce shampooing antipelliculaire m\u00e9dicamenteux contient du menthol rafra\u00eechissant pour procurer une sensation apaisante et revigorante \u00e0 votre cuir chevelu et 1 % de sulfure de s\u00e9l\u00e9nium pour un contr\u00f4le maximal des pellicules.<\/p>","protected":false},"featured_media":0,"comment_status":"closed","ping_status":"closed","template":"","meta":[],"product_brand":[],"product_cat":[284,368],"product_tag":[],"class_list":{"0":"post-27038","1":"product","2":"type-product","3":"status-publish","5":"product_cat-aad-cheveux","6":"product_cat-shampoing-et-apres-shampoing","8":"first","9":"instock","10":"shipping-taxable","11":"product-type-simple"},"jetpack-related-posts":[],"_links":{"self":[{"href":"https:\/\/sakaba.mghosteur.com\/en\/wp-json\/wp\/v2\/product\/27038","targetHints":{"allow":["GET"]}}],"collection":[{"href":"https:\/\/sakaba.mghosteur.com\/en\/wp-json\/wp\/v2\/product"}],"about":[{"href":"https:\/\/sakaba.mghosteur.com\/en\/wp-json\/wp\/v2\/types\/product"}],"replies":[{"embeddable":true,"href":"https:\/\/sakaba.mghosteur.com\/en\/wp-json\/wp\/v2\/comments?post=27038"}],"version-history":[{"count":0,"href":"https:\/\/sakaba.mghosteur.com\/en\/wp-json\/wp\/v2\/product\/27038\/revisions"}],"wp:attachment":[{"href":"https:\/\/sakaba.mghosteur.com\/en\/wp-json\/wp\/v2\/media?parent=27038"}],"wp:term":[{"taxonomy":"product_brand","embeddable":true,"href":"https:\/\/sakaba.mghosteur.com\/en\/wp-json\/wp\/v2\/product_brand?post=27038"},{"taxonomy":"product_cat","embeddable":true,"href":"https:\/\/sakaba.mghosteur.com\/en\/wp-json\/wp\/v2\/product_cat?post=27038"},{"taxonomy":"product_tag","embeddable":true,"href":"https:\/\/sakaba.mghosteur.com\/en\/wp-json\/wp\/v2\/product_tag?post=27038"}],"curies":[{"name":"wp","href":"https:\/\/api.w.org\/{rel}","templated":true}]}}