{"id":27040,"date":"2022-11-28T19:16:30","date_gmt":"2022-11-28T19:16:30","guid":{"rendered":"http:\/\/www.sakababeauty.com\/?post_type=product&#038;p=27040"},"modified":"2022-11-28T19:16:31","modified_gmt":"2022-11-28T19:16:31","slug":"even-tone-super-glow-serum","status":"publish","type":"product","link":"https:\/\/sakaba.mghosteur.com\/en\/product\/even-tone-super-glow-serum\/","title":{"rendered":"EVEN TONE SUPER GLOW SERUM"},"content":{"rendered":"","protected":false},"excerpt":{"rendered":"","protected":false},"featured_media":0,"comment_status":"closed","ping_status":"closed","template":"","meta":[],"product_brand":[],"product_cat":[446],"product_tag":[],"class_list":{"0":"post-27040","1":"product","2":"type-product","3":"status-publish","5":"product_cat-nettoyant","7":"first","8":"instock","9":"shipping-taxable","10":"product-type-simple"},"jetpack-related-posts":[{"id":31445,"url":"https:\/\/sakaba.mghosteur.com\/en\/product\/numbuzin-3-toner-super-glowing-essence-200ml\/","url_meta":{"origin":27040,"position":0},"title":"NUMBUZIN 3 TONER SUPER GLOWING ESSENCE 200ML","author":"admin","date":"May 10, 2024","format":false,"excerpt":"D\u00e9couvrez le Numbuzin No.3 Super Glowing Essence Toner, une v\u00e9ritable r\u00e9v\u00e9lation pour votre routine de soins de la peau. Compos\u00e9 de 50 types d'ingr\u00e9dients ferment\u00e9s, ce toner est un indispensable pour am\u00e9liorer l'\u00e9clat, l'\u00e9lasticit\u00e9 et l'apparence g\u00e9n\u00e9rale de votre peau. Con\u00e7u pour ceux qui souffrent d'un teint terne ou d'un\u2026","rel":"","context":"Similar post","block_context":{"text":"Similar post","link":""},"img":{"alt_text":"","src":"","width":0,"height":0},"classes":[]},{"id":33178,"url":"https:\/\/sakaba.mghosteur.com\/en\/product\/advanced-clinicals-c-glow-toner\/","url_meta":{"origin":27040,"position":1},"title":"ADVANCED CLINICALS C GLOW TONER","author":"admin","date":"May 20, 2024","format":false,"excerpt":"","rel":"","context":"Similar post","block_context":{"text":"Similar post","link":""},"img":{"alt_text":"","src":"","width":0,"height":0},"classes":[]},{"id":31367,"url":"https:\/\/sakaba.mghosteur.com\/en\/product\/beauty-of-joseon-glow-deep-serum-rice-alpha-arbutin\/","url_meta":{"origin":27040,"position":2},"title":"BEAUTY OF JOSEON GLOW DEEP SERUM RICE + ALPHA ARBUTIN","author":"admin","date":"May 10, 2024","format":false,"excerpt":"Glow Deep Serum : Rice + Alpha-Arbutin Description : Le S\u00e9rum Glow Deep : Rice + Alpha-Arbutin est sp\u00e9cialement formul\u00e9 pour les personnes souffrant de probl\u00e8mes de pigmentation et de teint irr\u00e9gulier. Enrichi avec 68 % d'eau de son de riz et 2 % d'alpha-arbutine, ce s\u00e9rum agit efficacement pour\u2026","rel":"","context":"Similar post","block_context":{"text":"Similar post","link":""},"img":{"alt_text":"","src":"","width":0,"height":0},"classes":[]},{"id":27686,"url":"https:\/\/sakaba.mghosteur.com\/en\/product\/ole-henriksen-glow-oh-dark-spot-toner\/","url_meta":{"origin":27040,"position":3},"title":"OLE HENRIKSEN GLOW OH DARK SPOT TONER","author":"admin","date":"November 29, 2022","format":false,"excerpt":"Le tonique anti-taches Glow 2 OH d'Ole Henriksen aide \u00e0 clarifier et \u00e0 affiner l'apparence de la peau pour des r\u00e9sultats \u00e9quilibr\u00e9s. Infus\u00e9e d'un m\u00e9lange d'acides alpha-hydroxy, la formule agit pour minimiser visiblement les taches brunes en sept jours*. Les acides glycolique et lactique combinent leurs pouvoirs exfoliants pour \u00e9liminer\u2026","rel":"","context":"Similar post","block_context":{"text":"Similar post","link":""},"img":{"alt_text":"","src":"","width":0,"height":0},"classes":[]},{"id":34863,"url":"https:\/\/sakaba.mghosteur.com\/en\/product\/glow-recipe-plum-plump-hyaluronic-serum\/","url_meta":{"origin":27040,"position":4},"title":"GLOW RECIPE PLUM PLUMP HYALURONIC SERUM","author":"admin","date":"June 3, 2024","format":false,"excerpt":"","rel":"","context":"Similar post","block_context":{"text":"Similar post","link":""},"img":{"alt_text":"","src":"","width":0,"height":0},"classes":[]},{"id":34857,"url":"https:\/\/sakaba.mghosteur.com\/en\/product\/glow-recipe-guava-vitamin-c-dark-spot-serum\/","url_meta":{"origin":27040,"position":5},"title":"GLOW RECIPE  GUAVA VITAMIN C DARK SPOT SERUM","author":"admin","date":"June 3, 2024","format":false,"excerpt":"","rel":"","context":"Similar post","block_context":{"text":"Similar post","link":""},"img":{"alt_text":"","src":"","width":0,"height":0},"classes":[]}],"_links":{"self":[{"href":"https:\/\/sakaba.mghosteur.com\/en\/wp-json\/wp\/v2\/product\/27040","targetHints":{"allow":["GET"]}}],"collection":[{"href":"https:\/\/sakaba.mghosteur.com\/en\/wp-json\/wp\/v2\/product"}],"about":[{"href":"https:\/\/sakaba.mghosteur.com\/en\/wp-json\/wp\/v2\/types\/product"}],"replies":[{"embeddable":true,"href":"https:\/\/sakaba.mghosteur.com\/en\/wp-json\/wp\/v2\/comments?post=27040"}],"version-history":[{"count":0,"href":"https:\/\/sakaba.mghosteur.com\/en\/wp-json\/wp\/v2\/product\/27040\/revisions"}],"wp:attachment":[{"href":"https:\/\/sakaba.mghosteur.com\/en\/wp-json\/wp\/v2\/media?parent=27040"}],"wp:term":[{"taxonomy":"product_brand","embeddable":true,"href":"https:\/\/sakaba.mghosteur.com\/en\/wp-json\/wp\/v2\/product_brand?post=27040"},{"taxonomy":"product_cat","embeddable":true,"href":"https:\/\/sakaba.mghosteur.com\/en\/wp-json\/wp\/v2\/product_cat?post=27040"},{"taxonomy":"product_tag","embeddable":true,"href":"https:\/\/sakaba.mghosteur.com\/en\/wp-json\/wp\/v2\/product_tag?post=27040"}],"curies":[{"name":"wp","href":"https:\/\/api.w.org\/{rel}","templated":true}]}}