{"id":27044,"date":"2022-11-28T19:18:15","date_gmt":"2022-11-28T19:18:15","guid":{"rendered":"http:\/\/www.sakababeauty.com\/?post_type=product&#038;p=27044"},"modified":"2022-11-28T19:18:16","modified_gmt":"2022-11-28T19:18:16","slug":"fresh-rose-deep-hydration-facial-toner","status":"publish","type":"product","link":"https:\/\/sakaba.mghosteur.com\/en\/product\/fresh-rose-deep-hydration-facial-toner\/","title":{"rendered":"FRESH ROSE DEEP HYDRATION FACIAL TONER"},"content":{"rendered":"","protected":false},"excerpt":{"rendered":"","protected":false},"featured_media":0,"comment_status":"closed","ping_status":"closed","template":"","meta":[],"product_brand":[],"product_cat":[377],"product_tag":[],"class_list":{"0":"post-27044","1":"product","2":"type-product","3":"status-publish","5":"product_cat-bath-body-works","7":"first","8":"instock","9":"shipping-taxable","10":"product-type-simple"},"jetpack-related-posts":[{"id":34216,"url":"https:\/\/sakaba.mghosteur.com\/en\/product\/fresh-rose-deep-hydratation-cafe-cream\/","url_meta":{"origin":27044,"position":0},"title":"FRESH ROSE DEEP HYDRATATION FACE CREAM","author":"admin","date":"May 27, 2024","format":false,"excerpt":"R\u00e9hydratez les peaux s\u00e8ches avec la cr\u00e8me visage Fresh Rose Deep Hydration. La formule l\u00e9g\u00e8re mais intense offre une hydratation jusqu'\u00e0 72 heures. Infus\u00e9e d'acide hyaluronique de poids mol\u00e9culaire \u00e9lev\u00e9 et faible, la cr\u00e8me aide \u00e0 d\u00e9salt\u00e9rer le teint. La technologie \u00e0 lib\u00e9ration prolong\u00e9e offre une hydratation continue, tandis que\u2026","rel":"","context":"Similar post","block_context":{"text":"Similar post","link":""},"img":{"alt_text":"","src":"","width":0,"height":0},"classes":[]},{"id":26026,"url":"https:\/\/sakaba.mghosteur.com\/en\/product\/camille-rose-fresh-honey-nectar-deep-conditioning\/","url_meta":{"origin":27044,"position":1},"title":"CAMILLE ROSE FRESH HONEY NECTAR DEEP CONDITIONING","author":"admin","date":"November 24, 2022","format":false,"excerpt":"","rel":"","context":"Similar post","block_context":{"text":"Similar post","link":""},"img":{"alt_text":"","src":"","width":0,"height":0},"classes":[]},{"id":34219,"url":"https:\/\/sakaba.mghosteur.com\/en\/product\/fresh-rose-petal-soft-lip-cream\/","url_meta":{"origin":27044,"position":2},"title":"FRESH ROSE PETAL SOFT LIP CREAM","author":"admin","date":"May 27, 2024","format":false,"excerpt":"Hydratez vos l\u00e8vres avec la cr\u00e8me pour les l\u00e8vres hydratante en profondeur Rose Petal-Soft de Fresh. Cette formule soyeuse est enrichie en huile de fleur de rose nourrissante pour offrir jusqu'\u00e0 24 heures d'hydratation. Contribuant \u00e0 soulager les l\u00e8vres s\u00e8ches ou gerc\u00e9es, la cr\u00e8me revitalise pour favoriser une texture lisse\u2026","rel":"","context":"Similar post","block_context":{"text":"Similar post","link":""},"img":{"alt_text":"","src":"","width":0,"height":0},"classes":[]},{"id":34222,"url":"https:\/\/sakaba.mghosteur.com\/en\/product\/fresh-sugar-lip-treatment-rose\/","url_meta":{"origin":27044,"position":3},"title":"FRESH SUGAR  LIP TREATMENT ROSE","author":"admin","date":"May 27, 2024","format":false,"excerpt":"Un baume \u00e0 l\u00e8vres hydratant 24 heures aliment\u00e9 par du sucre de betterave et de la canne \u00e0 sucre qui offre une couleur transparente et modulable avec une texture lisse et beurr\u00e9e.","rel":"","context":"Similar post","block_context":{"text":"Similar post","link":""},"img":{"alt_text":"","src":"","width":0,"height":0},"classes":[]},{"id":31943,"url":"https:\/\/sakaba.mghosteur.com\/en\/product\/camille-rose-algae-renew-deep-conditioing-mask\/","url_meta":{"origin":27044,"position":4},"title":"CAMILLE ROSE ALGAE RENEW DEEP CONDITIONING MASK","author":"admin","date":"May 13, 2024","format":false,"excerpt":"Un soin hydratant et fortifiant riche en vitamines, infus\u00e9 d'algues bleu-vert. Ce soin riche est infus\u00e9 d'un m\u00e9lange d'algues bleu-vert pures, contenant 65 vitamines, min\u00e9raux et antioxydants. Le cacao non raffin\u00e9 et le beurre de mangue sont astucieusement m\u00e9lang\u00e9s dans cette formule revitalisante intense en profondeur pour un maximum de\u2026","rel":"","context":"Similar post","block_context":{"text":"Similar post","link":""},"img":{"alt_text":"","src":"","width":0,"height":0},"classes":[]},{"id":31966,"url":"https:\/\/sakaba.mghosteur.com\/en\/product\/camille-rose-black-castor-oil-chebe-deep-conditi\/","url_meta":{"origin":27044,"position":5},"title":"CAMILLE ROSE BLACK CASTOR OIL + CHEBE DEEP CONDITIONER","author":"admin","date":"May 13, 2024","format":false,"excerpt":"Un soin revitalisant et hydratant intensif con\u00e7u pour renforcer la tige capillaire et redonner de la vitalit\u00e9 aux m\u00e8ches ab\u00eem\u00e9es et stress\u00e9es. Mode d'emploi: Sur des m\u00e8ches fra\u00eechement lav\u00e9es, appliquez une quantit\u00e9 g\u00e9n\u00e9reuse sur les cheveux. Utilisez les doigts ou un peigne \u00e0 dents larges pour r\u00e9partir uniform\u00e9ment de la\u2026","rel":"","context":"Similar post","block_context":{"text":"Similar post","link":""},"img":{"alt_text":"","src":"","width":0,"height":0},"classes":[]}],"_links":{"self":[{"href":"https:\/\/sakaba.mghosteur.com\/en\/wp-json\/wp\/v2\/product\/27044","targetHints":{"allow":["GET"]}}],"collection":[{"href":"https:\/\/sakaba.mghosteur.com\/en\/wp-json\/wp\/v2\/product"}],"about":[{"href":"https:\/\/sakaba.mghosteur.com\/en\/wp-json\/wp\/v2\/types\/product"}],"replies":[{"embeddable":true,"href":"https:\/\/sakaba.mghosteur.com\/en\/wp-json\/wp\/v2\/comments?post=27044"}],"version-history":[{"count":0,"href":"https:\/\/sakaba.mghosteur.com\/en\/wp-json\/wp\/v2\/product\/27044\/revisions"}],"wp:attachment":[{"href":"https:\/\/sakaba.mghosteur.com\/en\/wp-json\/wp\/v2\/media?parent=27044"}],"wp:term":[{"taxonomy":"product_brand","embeddable":true,"href":"https:\/\/sakaba.mghosteur.com\/en\/wp-json\/wp\/v2\/product_brand?post=27044"},{"taxonomy":"product_cat","embeddable":true,"href":"https:\/\/sakaba.mghosteur.com\/en\/wp-json\/wp\/v2\/product_cat?post=27044"},{"taxonomy":"product_tag","embeddable":true,"href":"https:\/\/sakaba.mghosteur.com\/en\/wp-json\/wp\/v2\/product_tag?post=27044"}],"curies":[{"name":"wp","href":"https:\/\/api.w.org\/{rel}","templated":true}]}}