{"id":27052,"date":"2022-11-28T19:21:30","date_gmt":"2022-11-28T19:21:30","guid":{"rendered":"http:\/\/www.sakababeauty.com\/?post_type=product&#038;p=27052"},"modified":"2022-11-28T19:21:31","modified_gmt":"2022-11-28T19:21:31","slug":"fresh-soy-face-cleanser","status":"publish","type":"product","link":"https:\/\/sakaba.mghosteur.com\/en\/product\/fresh-soy-face-cleanser\/","title":{"rendered":"FRESH SOY FACE CLEANSER"},"content":{"rendered":"","protected":false},"excerpt":{"rendered":"","protected":false},"featured_media":0,"comment_status":"closed","ping_status":"closed","template":"","meta":[],"product_brand":[],"product_cat":[446],"product_tag":[],"class_list":{"0":"post-27052","1":"product","2":"type-product","3":"status-publish","5":"product_cat-nettoyant","7":"first","8":"instock","9":"shipping-taxable","10":"product-type-simple"},"jetpack-related-posts":[{"id":27163,"url":"https:\/\/sakaba.mghosteur.com\/en\/product\/fresh-soy-face-cleanser-2\/","url_meta":{"origin":27052,"position":0},"title":"FRESH SOY FACE CLEANSER","author":"admin","date":"November 29, 2022","format":false,"excerpt":"","rel":"","context":"Similar post","block_context":{"text":"Similar post","link":""},"img":{"alt_text":"","src":"","width":0,"height":0},"classes":[]},{"id":34213,"url":"https:\/\/sakaba.mghosteur.com\/en\/product\/fresh-lotus-youth-preserve-dream-face-cream-night\/","url_meta":{"origin":27052,"position":1},"title":"FRESH LOTUS YOUTH PRESERVE DREAM FACE CREAM NIGHT","author":"admin","date":"May 27, 2024","format":false,"excerpt":"La cr\u00e8me de nuit Fresh Lotus Youth Preserve Dream Face Cream est une cr\u00e8me de nuit l\u00e9g\u00e8re et non grasse con\u00e7ue pour vous aider \u00e0 obtenir un teint radieux et \u00e9clatant. Elle est formul\u00e9e avec du super lotus, de l'extrait de feuille de carambole et de la vitamine E pour\u2026","rel":"","context":"Similar post","block_context":{"text":"Similar post","link":""},"img":{"alt_text":"","src":"","width":0,"height":0},"classes":[]},{"id":34189,"url":"https:\/\/sakaba.mghosteur.com\/en\/product\/first-aid-beauty-face-cleanser-142g\/","url_meta":{"origin":27052,"position":2},"title":"FIRST AID BEAUTY FACE CLEANSER 142G","author":"admin","date":"May 27, 2024","format":false,"excerpt":"Un nettoyant doux sans parfum qui convient aux peaux sensibles et \u00e9limine efficacement le maquillage, la salet\u00e9 et les impuret\u00e9s, laissant la peau douce et souple. Le nettoyant quotidien pour le visage non d\u00e9capant au pH \u00e9quilibr\u00e9 aide \u00e0 maintenir l'acidit\u00e9 naturelle de la peau pour garder les peaux sensibles\u2026","rel":"","context":"Similar post","block_context":{"text":"Similar post","link":""},"img":{"alt_text":"","src":"","width":0,"height":0},"classes":[]},{"id":34186,"url":"https:\/\/sakaba.mghosteur.com\/en\/product\/first-aid-beauty-face-cleanser-56-5-g\/","url_meta":{"origin":27052,"position":3},"title":"FIRST AID BEAUTY FACE CLEANSER 56.5 G","author":"admin","date":"May 27, 2024","format":false,"excerpt":"Un nettoyant doux sans parfum qui convient aux peaux sensibles et \u00e9limine efficacement le maquillage, la salet\u00e9 et les impuret\u00e9s, laissant la peau douce et souple. Le nettoyant quotidien pour le visage non d\u00e9capant au pH \u00e9quilibr\u00e9 aide \u00e0 maintenir l'acidit\u00e9 naturelle de la peau pour garder les peaux sensibles\u2026","rel":"","context":"Similar post","block_context":{"text":"Similar post","link":""},"img":{"alt_text":"","src":"","width":0,"height":0},"classes":[]},{"id":33484,"url":"https:\/\/sakaba.mghosteur.com\/en\/product\/clairol-professional-soy-4-plex-activator-20-clear\/","url_meta":{"origin":27052,"position":4},"title":"Clairol Professional Soy 4 Plex Activator 20 Clear","author":"admin","date":"May 21, 2024","format":false,"excerpt":"","rel":"","context":"Similar post","block_context":{"text":"Similar post","link":""},"img":{"alt_text":"","src":"","width":0,"height":0},"classes":[]},{"id":34216,"url":"https:\/\/sakaba.mghosteur.com\/en\/product\/fresh-rose-deep-hydratation-cafe-cream\/","url_meta":{"origin":27052,"position":5},"title":"FRESH ROSE DEEP HYDRATATION FACE CREAM","author":"admin","date":"May 27, 2024","format":false,"excerpt":"R\u00e9hydratez les peaux s\u00e8ches avec la cr\u00e8me visage Fresh Rose Deep Hydration. La formule l\u00e9g\u00e8re mais intense offre une hydratation jusqu'\u00e0 72 heures. Infus\u00e9e d'acide hyaluronique de poids mol\u00e9culaire \u00e9lev\u00e9 et faible, la cr\u00e8me aide \u00e0 d\u00e9salt\u00e9rer le teint. La technologie \u00e0 lib\u00e9ration prolong\u00e9e offre une hydratation continue, tandis que\u2026","rel":"","context":"Similar post","block_context":{"text":"Similar post","link":""},"img":{"alt_text":"","src":"","width":0,"height":0},"classes":[]}],"_links":{"self":[{"href":"https:\/\/sakaba.mghosteur.com\/en\/wp-json\/wp\/v2\/product\/27052","targetHints":{"allow":["GET"]}}],"collection":[{"href":"https:\/\/sakaba.mghosteur.com\/en\/wp-json\/wp\/v2\/product"}],"about":[{"href":"https:\/\/sakaba.mghosteur.com\/en\/wp-json\/wp\/v2\/types\/product"}],"replies":[{"embeddable":true,"href":"https:\/\/sakaba.mghosteur.com\/en\/wp-json\/wp\/v2\/comments?post=27052"}],"version-history":[{"count":0,"href":"https:\/\/sakaba.mghosteur.com\/en\/wp-json\/wp\/v2\/product\/27052\/revisions"}],"wp:attachment":[{"href":"https:\/\/sakaba.mghosteur.com\/en\/wp-json\/wp\/v2\/media?parent=27052"}],"wp:term":[{"taxonomy":"product_brand","embeddable":true,"href":"https:\/\/sakaba.mghosteur.com\/en\/wp-json\/wp\/v2\/product_brand?post=27052"},{"taxonomy":"product_cat","embeddable":true,"href":"https:\/\/sakaba.mghosteur.com\/en\/wp-json\/wp\/v2\/product_cat?post=27052"},{"taxonomy":"product_tag","embeddable":true,"href":"https:\/\/sakaba.mghosteur.com\/en\/wp-json\/wp\/v2\/product_tag?post=27052"}],"curies":[{"name":"wp","href":"https:\/\/api.w.org\/{rel}","templated":true}]}}