{"id":27055,"date":"2022-11-28T19:22:40","date_gmt":"2022-11-28T19:22:40","guid":{"rendered":"http:\/\/www.sakababeauty.com\/?post_type=product&#038;p=27055"},"modified":"2022-11-28T19:22:40","modified_gmt":"2022-11-28T19:22:40","slug":"fresh-kombucha-facial-treatment-essence","status":"publish","type":"product","link":"https:\/\/sakaba.mghosteur.com\/en\/product\/fresh-kombucha-facial-treatment-essence\/","title":{"rendered":"FRESH KOMBUCHA FACIAL TREATMENT ESSENCE"},"content":{"rendered":"","protected":false},"excerpt":{"rendered":"","protected":false},"featured_media":0,"comment_status":"closed","ping_status":"closed","template":"","meta":[],"product_brand":[],"product_cat":[377],"product_tag":[],"class_list":{"0":"post-27055","1":"product","2":"type-product","3":"status-publish","5":"product_cat-bath-body-works","7":"first","8":"instock","9":"shipping-taxable","10":"product-type-simple"},"jetpack-related-posts":[{"id":27979,"url":"https:\/\/sakaba.mghosteur.com\/en\/product\/sk-ii-facial-treatment-essence\/","url_meta":{"origin":27055,"position":0},"title":"SK II FACIAL TREATMENT ESSENCE","author":"admin","date":"November 29, 2022","format":false,"excerpt":"","rel":"","context":"Similar post","block_context":{"text":"Similar post","link":""},"img":{"alt_text":"","src":"","width":0,"height":0},"classes":[]},{"id":34210,"url":"https:\/\/sakaba.mghosteur.com\/en\/product\/fresh-lip-treatment\/","url_meta":{"origin":27055,"position":1},"title":"FRESH LIP TREATMENT","author":"admin","date":"May 27, 2024","format":false,"excerpt":"Un baume \u00e0 l\u00e8vres hydratant 24 heures aliment\u00e9 par du sucre de betterave et de la canne \u00e0 sucre qui offre une couleur transparente et modulable avec une texture lisse et beurr\u00e9e.","rel":"","context":"Similar post","block_context":{"text":"Similar post","link":""},"img":{"alt_text":"","src":"","width":0,"height":0},"classes":[]},{"id":34222,"url":"https:\/\/sakaba.mghosteur.com\/en\/product\/fresh-sugar-lip-treatment-rose\/","url_meta":{"origin":27055,"position":2},"title":"FRESH SUGAR  LIP TREATMENT ROSE","author":"admin","date":"May 27, 2024","format":false,"excerpt":"Un baume \u00e0 l\u00e8vres hydratant 24 heures aliment\u00e9 par du sucre de betterave et de la canne \u00e0 sucre qui offre une couleur transparente et modulable avec une texture lisse et beurr\u00e9e.","rel":"","context":"Similar post","block_context":{"text":"Similar post","link":""},"img":{"alt_text":"","src":"","width":0,"height":0},"classes":[]},{"id":27044,"url":"https:\/\/sakaba.mghosteur.com\/en\/product\/fresh-rose-deep-hydration-facial-toner\/","url_meta":{"origin":27055,"position":3},"title":"FRESH ROSE DEEP HYDRATION FACIAL TONER","author":"admin","date":"November 28, 2022","format":false,"excerpt":"","rel":"","context":"Similar post","block_context":{"text":"Similar post","link":""},"img":{"alt_text":"","src":"","width":0,"height":0},"classes":[]},{"id":27202,"url":"https:\/\/sakaba.mghosteur.com\/en\/product\/olay-sensitive-facial-cleanser-with-hungarian-water-essence\/","url_meta":{"origin":27055,"position":4},"title":"Olay Sensitive Facial Cleanser with Hungarian Water Essence","author":"admin","date":"November 29, 2022","format":false,"excerpt":"Ce nettoyant apaisant pour le visage \u00e9limine les toxines et hydrate la peau. Inspir\u00e9 de l'essence d'eau hongroise, ce nettoyant pour le visage pour peau sensible est infus\u00e9 d'essences d'alo\u00e8s et de concombre qui agissent avec la formule douce pour la peau d'Olay pour aider \u00e0 combattre la peau s\u00e8che\u2026","rel":"","context":"Similar post","block_context":{"text":"Similar post","link":""},"img":{"alt_text":"","src":"","width":0,"height":0},"classes":[]},{"id":34228,"url":"https:\/\/sakaba.mghosteur.com\/en\/product\/fresh-sugar-advanced-therapy-lip-treatment\/","url_meta":{"origin":27055,"position":5},"title":"FRESH SUGAR ADVANCED THERAPY LIP TREATMENT","author":"admin","date":"May 27, 2024","format":false,"excerpt":"Un soin intensif pour les l\u00e8vres qui hydrate les l\u00e8vres tr\u00e8s s\u00e8ches pendant 24 heures et dont l'efficacit\u00e9 pour r\u00e9parer l'apparence des l\u00e8vres ab\u00eem\u00e9es est cliniquement prouv\u00e9e. Notre soin pour les l\u00e8vres test\u00e9 par des dermatologues r\u00e9g\u00e9n\u00e8re et r\u00e9pare instantan\u00e9ment les l\u00e8vres s\u00e8ches et qui p\u00e8lent gr\u00e2ce \u00e0 un extrait\u2026","rel":"","context":"Similar post","block_context":{"text":"Similar post","link":""},"img":{"alt_text":"","src":"","width":0,"height":0},"classes":[]}],"_links":{"self":[{"href":"https:\/\/sakaba.mghosteur.com\/en\/wp-json\/wp\/v2\/product\/27055","targetHints":{"allow":["GET"]}}],"collection":[{"href":"https:\/\/sakaba.mghosteur.com\/en\/wp-json\/wp\/v2\/product"}],"about":[{"href":"https:\/\/sakaba.mghosteur.com\/en\/wp-json\/wp\/v2\/types\/product"}],"replies":[{"embeddable":true,"href":"https:\/\/sakaba.mghosteur.com\/en\/wp-json\/wp\/v2\/comments?post=27055"}],"version-history":[{"count":0,"href":"https:\/\/sakaba.mghosteur.com\/en\/wp-json\/wp\/v2\/product\/27055\/revisions"}],"wp:attachment":[{"href":"https:\/\/sakaba.mghosteur.com\/en\/wp-json\/wp\/v2\/media?parent=27055"}],"wp:term":[{"taxonomy":"product_brand","embeddable":true,"href":"https:\/\/sakaba.mghosteur.com\/en\/wp-json\/wp\/v2\/product_brand?post=27055"},{"taxonomy":"product_cat","embeddable":true,"href":"https:\/\/sakaba.mghosteur.com\/en\/wp-json\/wp\/v2\/product_cat?post=27055"},{"taxonomy":"product_tag","embeddable":true,"href":"https:\/\/sakaba.mghosteur.com\/en\/wp-json\/wp\/v2\/product_tag?post=27055"}],"curies":[{"name":"wp","href":"https:\/\/api.w.org\/{rel}","templated":true}]}}