{"id":27058,"date":"2022-11-28T19:24:26","date_gmt":"2022-11-28T19:24:26","guid":{"rendered":"http:\/\/www.sakababeauty.com\/?post_type=product&#038;p=27058"},"modified":"2022-11-28T19:24:26","modified_gmt":"2022-11-28T19:24:26","slug":"skin-lightening-cream-nighttime-hydration","status":"publish","type":"product","link":"https:\/\/sakaba.mghosteur.com\/en\/product\/skin-lightening-cream-nighttime-hydration\/","title":{"rendered":"SKIN LIGHTENING CREAM NIGHTTIME HYDRATION"},"content":{"rendered":"","protected":false},"excerpt":{"rendered":"","protected":false},"featured_media":0,"comment_status":"closed","ping_status":"closed","template":"","meta":[],"product_brand":[],"product_cat":[377],"product_tag":[],"class_list":{"0":"post-27058","1":"product","2":"type-product","3":"status-publish","5":"product_cat-bath-body-works","7":"first","8":"instock","9":"shipping-taxable","10":"product-type-simple"},"jetpack-related-posts":[{"id":27062,"url":"https:\/\/sakaba.mghosteur.com\/en\/product\/skin-lightening-cream-day-time-protection\/","url_meta":{"origin":27058,"position":0},"title":"SKIN LIGHTENING CREAM DAY TIME PROTECTION","author":"admin","date":"November 28, 2022","format":false,"excerpt":"","rel":"","context":"Similar post","block_context":{"text":"Similar post","link":""},"img":{"alt_text":"","src":"","width":0,"height":0},"classes":[]},{"id":26265,"url":"https:\/\/sakaba.mghosteur.com\/en\/product\/clear-essence-skin-lightening-serum\/","url_meta":{"origin":27058,"position":1},"title":"CLEAR ESSENCE SKIN LIGHTENING SERUM","author":"admin","date":"November 24, 2022","format":false,"excerpt":"","rel":"","context":"Similar post","block_context":{"text":"Similar post","link":""},"img":{"alt_text":"","src":"","width":0,"height":0},"classes":[]},{"id":26188,"url":"https:\/\/sakaba.mghosteur.com\/en\/product\/lightening-cream-with-vitamin-chyaluronic-acid\/","url_meta":{"origin":27058,"position":2},"title":"LIGHTENING CREAM WITH VITAMIN C+HYALURONIC ACID","author":"admin","date":"November 24, 2022","format":false,"excerpt":"","rel":"","context":"Similar post","block_context":{"text":"Similar post","link":""},"img":{"alt_text":"","src":"","width":0,"height":0},"classes":[]},{"id":29851,"url":"https:\/\/sakaba.mghosteur.com\/en\/product\/kojie-san-skin-lightening-facial-wash-with-hydromoist\/","url_meta":{"origin":27058,"position":3},"title":"Kojie San Skin Lightening Facial Wash with Hydromoist","author":"admin","date":"April 26, 2023","format":false,"excerpt":"D\u00e9couvrez le Kojie San Skin Lightening Facial Wash with Hydromoist, un nettoyant pour le visage de qualit\u00e9 de 100g qui \u00e9claircit, restaure et hydrate la peau. L'acide kojique et la niacinamide travaillent ensemble pour \u00e9claircir et apaiser la peau, laissant votre visage \u00e9clatant et hydrat\u00e9. Ce nettoyant en bouteille de\u2026","rel":"","context":"Similar post","block_context":{"text":"Similar post","link":""},"img":{"alt_text":"","src":"","width":0,"height":0},"classes":[]},{"id":29878,"url":"https:\/\/sakaba.mghosteur.com\/en\/product\/kojie-san-face-lightening-cream\/","url_meta":{"origin":27058,"position":4},"title":"Kojie San Face Lightening Cream","author":"admin","date":"April 26, 2023","format":false,"excerpt":"D\u00e9couvrez la Cr\u00e8me Eclaircissante pour le Visage Kojie San, un produit de beaut\u00e9 l\u00e9ger de 30g formul\u00e9 avec des \u00e9glantiers et de la vitamine E pour une hydratation douce et non grasse. La cr\u00e8me est infus\u00e9e avec de l'acide kojique enti\u00e8rement naturel, qui \u00e9claircit d\u00e9licatement et en toute s\u00e9curit\u00e9 la\u2026","rel":"","context":"Similar post","block_context":{"text":"Similar post","link":""},"img":{"alt_text":"","src":"","width":0,"height":0},"classes":[]},{"id":24689,"url":"https:\/\/sakaba.mghosteur.com\/en\/product\/cetaphil-moisturizing-cream-very-dry-sensitive-skin\/","url_meta":{"origin":27058,"position":5},"title":"Cetaphil Moisturizing Cream Very Dry sensitive skin","author":"admin","date":"November 10, 2022","format":false,"excerpt":"","rel":"","context":"Similar post","block_context":{"text":"Similar post","link":""},"img":{"alt_text":"","src":"","width":0,"height":0},"classes":[]}],"_links":{"self":[{"href":"https:\/\/sakaba.mghosteur.com\/en\/wp-json\/wp\/v2\/product\/27058","targetHints":{"allow":["GET"]}}],"collection":[{"href":"https:\/\/sakaba.mghosteur.com\/en\/wp-json\/wp\/v2\/product"}],"about":[{"href":"https:\/\/sakaba.mghosteur.com\/en\/wp-json\/wp\/v2\/types\/product"}],"replies":[{"embeddable":true,"href":"https:\/\/sakaba.mghosteur.com\/en\/wp-json\/wp\/v2\/comments?post=27058"}],"version-history":[{"count":0,"href":"https:\/\/sakaba.mghosteur.com\/en\/wp-json\/wp\/v2\/product\/27058\/revisions"}],"wp:attachment":[{"href":"https:\/\/sakaba.mghosteur.com\/en\/wp-json\/wp\/v2\/media?parent=27058"}],"wp:term":[{"taxonomy":"product_brand","embeddable":true,"href":"https:\/\/sakaba.mghosteur.com\/en\/wp-json\/wp\/v2\/product_brand?post=27058"},{"taxonomy":"product_cat","embeddable":true,"href":"https:\/\/sakaba.mghosteur.com\/en\/wp-json\/wp\/v2\/product_cat?post=27058"},{"taxonomy":"product_tag","embeddable":true,"href":"https:\/\/sakaba.mghosteur.com\/en\/wp-json\/wp\/v2\/product_tag?post=27058"}],"curies":[{"name":"wp","href":"https:\/\/api.w.org\/{rel}","templated":true}]}}