{"id":27065,"date":"2022-11-28T19:28:46","date_gmt":"2022-11-28T19:28:46","guid":{"rendered":"http:\/\/www.sakababeauty.com\/?post_type=product&#038;p=27065"},"modified":"2022-11-28T19:28:46","modified_gmt":"2022-11-28T19:28:46","slug":"sugar-lip-wonder-drops-advanced-therapy","status":"publish","type":"product","link":"https:\/\/sakaba.mghosteur.com\/en\/product\/sugar-lip-wonder-drops-advanced-therapy\/","title":{"rendered":"SUGAR LIP WONDER DROPS ADVANCED THERAPY"},"content":{"rendered":"","protected":false},"excerpt":{"rendered":"","protected":false},"featured_media":0,"comment_status":"closed","ping_status":"closed","template":"","meta":[],"product_brand":[],"product_cat":[305],"product_tag":[],"class_list":{"0":"post-27065","1":"product","2":"type-product","3":"status-publish","5":"product_cat-levres","7":"first","8":"instock","9":"shipping-taxable","10":"product-type-simple"},"jetpack-related-posts":[{"id":34228,"url":"https:\/\/sakaba.mghosteur.com\/en\/product\/fresh-sugar-advanced-therapy-lip-treatment\/","url_meta":{"origin":27065,"position":0},"title":"FRESH SUGAR ADVANCED THERAPY LIP TREATMENT","author":"admin","date":"May 27, 2024","format":false,"excerpt":"Un soin intensif pour les l\u00e8vres qui hydrate les l\u00e8vres tr\u00e8s s\u00e8ches pendant 24 heures et dont l'efficacit\u00e9 pour r\u00e9parer l'apparence des l\u00e8vres ab\u00eem\u00e9es est cliniquement prouv\u00e9e. Notre soin pour les l\u00e8vres test\u00e9 par des dermatologues r\u00e9g\u00e9n\u00e8re et r\u00e9pare instantan\u00e9ment les l\u00e8vres s\u00e8ches et qui p\u00e8lent gr\u00e2ce \u00e0 un extrait\u2026","rel":"","context":"Similar post","block_context":{"text":"Similar post","link":""},"img":{"alt_text":"","src":"","width":0,"height":0},"classes":[]},{"id":34225,"url":"https:\/\/sakaba.mghosteur.com\/en\/product\/fresh-sugar-advanced-recovery-lip-mask-10g\/","url_meta":{"origin":27065,"position":1},"title":"FRESH SUGAR ADVANCED RECOVERY LIP MASK 10G","author":"admin","date":"May 27, 2024","format":false,"excerpt":"Le masque pour les l\u00e8vres Fresh Sugar Advanced Therapy Recovery est un masque pour les l\u00e8vres sans rin\u00e7age qui, selon des \u00e9tudes cliniques, r\u00e9pare l'apparence des l\u00e8vres tr\u00e8s s\u00e8ches pendant la nuit tout en conservant l'hydratation pour une apparence lisse et pulpeuse. Il est infus\u00e9 de cire de baies, de\u2026","rel":"","context":"Similar post","block_context":{"text":"Similar post","link":""},"img":{"alt_text":"","src":"","width":0,"height":0},"classes":[]},{"id":31550,"url":"https:\/\/sakaba.mghosteur.com\/en\/product\/vaseline-lip-therapy-original\/","url_meta":{"origin":27065,"position":2},"title":"VASELINE LIP THERAPY ORIGINAL","author":"admin","date":"May 10, 2024","format":false,"excerpt":"Le baume \u00e0 l\u00e8vres Vaseline Lip Therapy Mini Original est un incontournable pour garder vos l\u00e8vres hydrat\u00e9es et en bonne sant\u00e9. Cliniquement prouv\u00e9 pour gu\u00e9rir les l\u00e8vres s\u00e8ches, sa formule non collante et douce fond d\u00e9licatement sur vos l\u00e8vres, procurant un soulagement durable. Pr\u00e9sent\u00e9 dans un emballage embl\u00e9matique, ce baume\u2026","rel":"","context":"Similar post","block_context":{"text":"Similar post","link":""},"img":{"alt_text":"","src":"","width":0,"height":0},"classes":[]},{"id":27048,"url":"https:\/\/sakaba.mghosteur.com\/en\/product\/fresh-sugar-lip-polish\/","url_meta":{"origin":27065,"position":3},"title":"FRESH SUGAR  LIP POLISH","author":"admin","date":"November 28, 2022","format":false,"excerpt":"","rel":"","context":"Similar post","block_context":{"text":"Similar post","link":""},"img":{"alt_text":"","src":"","width":0,"height":0},"classes":[]},{"id":34222,"url":"https:\/\/sakaba.mghosteur.com\/en\/product\/fresh-sugar-lip-treatment-rose\/","url_meta":{"origin":27065,"position":4},"title":"FRESH SUGAR  LIP TREATMENT ROSE","author":"admin","date":"May 27, 2024","format":false,"excerpt":"Un baume \u00e0 l\u00e8vres hydratant 24 heures aliment\u00e9 par du sucre de betterave et de la canne \u00e0 sucre qui offre une couleur transparente et modulable avec une texture lisse et beurr\u00e9e.","rel":"","context":"Similar post","block_context":{"text":"Similar post","link":""},"img":{"alt_text":"","src":"","width":0,"height":0},"classes":[]},{"id":28834,"url":"https:\/\/sakaba.mghosteur.com\/en\/product\/vaseline-lip-therapy-rosy-lips-pink-lips\/","url_meta":{"origin":27065,"position":5},"title":"VASELINE LIP THERAPY ROSE MINI","author":"admin","date":"December 13, 2022","format":false,"excerpt":"D\u00e9couvrez Vaseline Lip Therapy Rosy Mini pour des l\u00e8vres plus douces, plus lisses et plus saines avec une touche de rose transparente. Sa formule non collante et son parfum de rose aident \u00e0 apaiser et \u00e0 soigner les l\u00e8vres s\u00e8ches en emprisonnant l'humidit\u00e9, pour des l\u00e8vres visiblement plus belles et\u2026","rel":"","context":"Similar post","block_context":{"text":"Similar post","link":""},"img":{"alt_text":"","src":"","width":0,"height":0},"classes":[]}],"_links":{"self":[{"href":"https:\/\/sakaba.mghosteur.com\/en\/wp-json\/wp\/v2\/product\/27065","targetHints":{"allow":["GET"]}}],"collection":[{"href":"https:\/\/sakaba.mghosteur.com\/en\/wp-json\/wp\/v2\/product"}],"about":[{"href":"https:\/\/sakaba.mghosteur.com\/en\/wp-json\/wp\/v2\/types\/product"}],"replies":[{"embeddable":true,"href":"https:\/\/sakaba.mghosteur.com\/en\/wp-json\/wp\/v2\/comments?post=27065"}],"version-history":[{"count":0,"href":"https:\/\/sakaba.mghosteur.com\/en\/wp-json\/wp\/v2\/product\/27065\/revisions"}],"wp:attachment":[{"href":"https:\/\/sakaba.mghosteur.com\/en\/wp-json\/wp\/v2\/media?parent=27065"}],"wp:term":[{"taxonomy":"product_brand","embeddable":true,"href":"https:\/\/sakaba.mghosteur.com\/en\/wp-json\/wp\/v2\/product_brand?post=27065"},{"taxonomy":"product_cat","embeddable":true,"href":"https:\/\/sakaba.mghosteur.com\/en\/wp-json\/wp\/v2\/product_cat?post=27065"},{"taxonomy":"product_tag","embeddable":true,"href":"https:\/\/sakaba.mghosteur.com\/en\/wp-json\/wp\/v2\/product_tag?post=27065"}],"curies":[{"name":"wp","href":"https:\/\/api.w.org\/{rel}","templated":true}]}}