{"id":27069,"date":"2022-11-28T19:32:59","date_gmt":"2022-11-28T19:32:59","guid":{"rendered":"http:\/\/www.sakababeauty.com\/?post_type=product&#038;p=27069"},"modified":"2022-11-28T19:33:00","modified_gmt":"2022-11-28T19:33:00","slug":"aussie-men-deep-clean-shampoo","status":"publish","type":"product","link":"https:\/\/sakaba.mghosteur.com\/en\/product\/aussie-men-deep-clean-shampoo\/","title":{"rendered":"Aussie men deep clean shampoo"},"content":{"rendered":"","protected":false},"excerpt":{"rendered":"","protected":false},"featured_media":0,"comment_status":"closed","ping_status":"closed","template":"","meta":[],"product_brand":[],"product_cat":[284,372,339],"product_tag":[],"class_list":{"0":"post-27069","1":"product","2":"type-product","3":"status-publish","5":"product_cat-aad-cheveux","6":"product_cat-cheveux-homme","7":"product_cat-soin-cheveux","9":"first","10":"instock","11":"shipping-taxable","12":"product-type-simple"},"jetpack-related-posts":[{"id":30242,"url":"https:\/\/sakaba.mghosteur.com\/en\/product\/deep-clean-purifying-wash-off-clay-mask\/","url_meta":{"origin":27069,"position":0},"title":"Deep Clean Purifying Wash-Off Clay Mask","author":"admin","date":"May 4, 2023","format":false,"excerpt":"Un masque \u00e0 l'argile purifiant et nettoyant en profondeur est un type de produit de soin con\u00e7u pour aider \u00e0 \u00e9liminer les impuret\u00e9s et l'exc\u00e8s de s\u00e9bum de la peau. Le masque est g\u00e9n\u00e9ralement fabriqu\u00e9 \u00e0 partir d'une combinaison d'argiles naturelles, telles que la bentonite, le kaolin ou Pour utiliser\u2026","rel":"","context":"Similar post","block_context":{"text":"Similar post","link":""},"img":{"alt_text":"","src":"","width":0,"height":0},"classes":[]},{"id":23878,"url":"https:\/\/sakaba.mghosteur.com\/en\/product\/2in-1-shampoo-conditioner-classic-clean\/","url_meta":{"origin":27069,"position":1},"title":"2IN 1 SHAMPOO+ CONDITIONER CLASSIC CLEAN","author":"admin","date":"November 9, 2022","format":false,"excerpt":"","rel":"","context":"Similar post","block_context":{"text":"Similar post","link":""},"img":{"alt_text":"","src":"","width":0,"height":0},"classes":[]},{"id":25961,"url":"https:\/\/sakaba.mghosteur.com\/en\/product\/the-mane-choice-deep-hydration-shampoo\/","url_meta":{"origin":27069,"position":2},"title":"THE MANE CHOICE DEEP HYDRATION SHAMPOO","author":"admin","date":"November 24, 2022","format":false,"excerpt":"","rel":"","context":"Similar post","block_context":{"text":"Similar post","link":""},"img":{"alt_text":"","src":"","width":0,"height":0},"classes":[]},{"id":33948,"url":"https:\/\/sakaba.mghosteur.com\/en\/product\/alba-botanica-acne-dote-deep-clean-astringent\/","url_meta":{"origin":27069,"position":3},"title":"ALBA BOTANICA ACNE DOTE DEEP CLEAN ASTRINGENT","author":"admin","date":"May 24, 2024","format":false,"excerpt":"","rel":"","context":"Similar post","block_context":{"text":"Similar post","link":""},"img":{"alt_text":"","src":"","width":0,"height":0},"classes":[]},{"id":24019,"url":"https:\/\/sakaba.mghosteur.com\/en\/product\/neutrogena-deep-clean-purifying-cream-to-foam\/","url_meta":{"origin":27069,"position":4},"title":"NEUTROGENA DEEP CLEAN PURIFYING CREAM TO FOAM","author":"admin","date":"November 9, 2022","format":false,"excerpt":"D\u00e9couvrez le Deep Clean Purifying Cream to Foam Detox Cleanser de Neutrogena, une cr\u00e8me nettoyante qui purifie votre peau en une seule \u00e9tape facile. Ce nettoyant pour le visage \u00e0 base de cr\u00e8me nettoie efficacement en profondeur les pores pour \u00e9liminer la salet\u00e9, l'huile et autres impuret\u00e9s qui polluent votre\u2026","rel":"","context":"Similar post","block_context":{"text":"Similar post","link":""},"img":{"alt_text":"","src":"","width":0,"height":0},"classes":[]},{"id":34271,"url":"https:\/\/sakaba.mghosteur.com\/en\/product\/urban-skin-rx-clear-skin-deep-cleans-pores-and-oil\/","url_meta":{"origin":27069,"position":5},"title":"URBAN SKIN RX CLEAR SKIN DEEP CLEANS PORES AND OIL","author":"admin","date":"May 27, 2024","format":false,"excerpt":"","rel":"","context":"Similar post","block_context":{"text":"Similar post","link":""},"img":{"alt_text":"","src":"","width":0,"height":0},"classes":[]}],"_links":{"self":[{"href":"https:\/\/sakaba.mghosteur.com\/en\/wp-json\/wp\/v2\/product\/27069","targetHints":{"allow":["GET"]}}],"collection":[{"href":"https:\/\/sakaba.mghosteur.com\/en\/wp-json\/wp\/v2\/product"}],"about":[{"href":"https:\/\/sakaba.mghosteur.com\/en\/wp-json\/wp\/v2\/types\/product"}],"replies":[{"embeddable":true,"href":"https:\/\/sakaba.mghosteur.com\/en\/wp-json\/wp\/v2\/comments?post=27069"}],"version-history":[{"count":0,"href":"https:\/\/sakaba.mghosteur.com\/en\/wp-json\/wp\/v2\/product\/27069\/revisions"}],"wp:attachment":[{"href":"https:\/\/sakaba.mghosteur.com\/en\/wp-json\/wp\/v2\/media?parent=27069"}],"wp:term":[{"taxonomy":"product_brand","embeddable":true,"href":"https:\/\/sakaba.mghosteur.com\/en\/wp-json\/wp\/v2\/product_brand?post=27069"},{"taxonomy":"product_cat","embeddable":true,"href":"https:\/\/sakaba.mghosteur.com\/en\/wp-json\/wp\/v2\/product_cat?post=27069"},{"taxonomy":"product_tag","embeddable":true,"href":"https:\/\/sakaba.mghosteur.com\/en\/wp-json\/wp\/v2\/product_tag?post=27069"}],"curies":[{"name":"wp","href":"https:\/\/api.w.org\/{rel}","templated":true}]}}