{"id":27070,"date":"2022-11-28T19:29:49","date_gmt":"2022-11-28T19:29:49","guid":{"rendered":"http:\/\/www.sakababeauty.com\/?post_type=product&#038;p=27070"},"modified":"2022-11-28T19:29:49","modified_gmt":"2022-11-28T19:29:49","slug":"lotus-youth-preserve-rescue-mask","status":"publish","type":"product","link":"https:\/\/sakaba.mghosteur.com\/en\/product\/lotus-youth-preserve-rescue-mask\/","title":{"rendered":"LOTUS YOUTH PRESERVE RESCUE MASK"},"content":{"rendered":"","protected":false},"excerpt":{"rendered":"","protected":false},"featured_media":0,"comment_status":"closed","ping_status":"closed","template":"","meta":[],"product_brand":[],"product_cat":[377],"product_tag":[],"class_list":{"0":"post-27070","1":"product","2":"type-product","3":"status-publish","5":"product_cat-bath-body-works","7":"first","8":"instock","9":"shipping-taxable","10":"product-type-simple"},"jetpack-related-posts":[{"id":27080,"url":"https:\/\/sakaba.mghosteur.com\/en\/product\/lotus-youth-preserve-moisturizer\/","url_meta":{"origin":27070,"position":0},"title":"LOTUS YOUTH PRESERVE MOISTURIZER","author":"admin","date":"November 28, 2022","format":false,"excerpt":"","rel":"","context":"Similar post","block_context":{"text":"Similar post","link":""},"img":{"alt_text":"","src":"","width":0,"height":0},"classes":[]},{"id":34213,"url":"https:\/\/sakaba.mghosteur.com\/en\/product\/fresh-lotus-youth-preserve-dream-face-cream-night\/","url_meta":{"origin":27070,"position":1},"title":"FRESH LOTUS YOUTH PRESERVE DREAM FACE CREAM NIGHT","author":"admin","date":"May 27, 2024","format":false,"excerpt":"La cr\u00e8me de nuit Fresh Lotus Youth Preserve Dream Face Cream est une cr\u00e8me de nuit l\u00e9g\u00e8re et non grasse con\u00e7ue pour vous aider \u00e0 obtenir un teint radieux et \u00e9clatant. Elle est formul\u00e9e avec du super lotus, de l'extrait de feuille de carambole et de la vitamine E pour\u2026","rel":"","context":"Similar post","block_context":{"text":"Similar post","link":""},"img":{"alt_text":"","src":"","width":0,"height":0},"classes":[]},{"id":26436,"url":"https:\/\/sakaba.mghosteur.com\/en\/product\/snail-rescue-intensive-wash-off-mask\/","url_meta":{"origin":27070,"position":2},"title":"SNAIL RESCUE INTENSIVE WASH OFF MASK","author":"admin","date":"November 25, 2022","format":false,"excerpt":"","rel":"","context":"Similar post","block_context":{"text":"Similar post","link":""},"img":{"alt_text":"","src":"","width":0,"height":0},"classes":[]},{"id":27846,"url":"https:\/\/sakaba.mghosteur.com\/en\/product\/skin-rescue-purifying-mask-whit-red-clay\/","url_meta":{"origin":27070,"position":3},"title":"SKIN RESCUE PURIFYING MASK WHIT RED CLAY","author":"admin","date":"November 29, 2022","format":false,"excerpt":"","rel":"","context":"Similar post","block_context":{"text":"Similar post","link":""},"img":{"alt_text":"","src":"","width":0,"height":0},"classes":[]},{"id":26385,"url":"https:\/\/sakaba.mghosteur.com\/en\/product\/snail-rescue-blemish-busting-toner\/","url_meta":{"origin":27070,"position":4},"title":"SNAIL RESCUE BLEMISH BUSTING TONER","author":"admin","date":"November 25, 2022","format":false,"excerpt":"","rel":"","context":"Similar post","block_context":{"text":"Similar post","link":""},"img":{"alt_text":"","src":"","width":0,"height":0},"classes":[]},{"id":27808,"url":"https:\/\/sakaba.mghosteur.com\/en\/product\/skin-rescue-oil-free-mattifying-gel\/","url_meta":{"origin":27070,"position":5},"title":"SKIN RESCUE OIL FREE MATTIFYING GEL","author":"admin","date":"November 29, 2022","format":false,"excerpt":"","rel":"","context":"Similar post","block_context":{"text":"Similar post","link":""},"img":{"alt_text":"","src":"","width":0,"height":0},"classes":[]}],"_links":{"self":[{"href":"https:\/\/sakaba.mghosteur.com\/en\/wp-json\/wp\/v2\/product\/27070","targetHints":{"allow":["GET"]}}],"collection":[{"href":"https:\/\/sakaba.mghosteur.com\/en\/wp-json\/wp\/v2\/product"}],"about":[{"href":"https:\/\/sakaba.mghosteur.com\/en\/wp-json\/wp\/v2\/types\/product"}],"replies":[{"embeddable":true,"href":"https:\/\/sakaba.mghosteur.com\/en\/wp-json\/wp\/v2\/comments?post=27070"}],"version-history":[{"count":0,"href":"https:\/\/sakaba.mghosteur.com\/en\/wp-json\/wp\/v2\/product\/27070\/revisions"}],"wp:attachment":[{"href":"https:\/\/sakaba.mghosteur.com\/en\/wp-json\/wp\/v2\/media?parent=27070"}],"wp:term":[{"taxonomy":"product_brand","embeddable":true,"href":"https:\/\/sakaba.mghosteur.com\/en\/wp-json\/wp\/v2\/product_brand?post=27070"},{"taxonomy":"product_cat","embeddable":true,"href":"https:\/\/sakaba.mghosteur.com\/en\/wp-json\/wp\/v2\/product_cat?post=27070"},{"taxonomy":"product_tag","embeddable":true,"href":"https:\/\/sakaba.mghosteur.com\/en\/wp-json\/wp\/v2\/product_tag?post=27070"}],"curies":[{"name":"wp","href":"https:\/\/api.w.org\/{rel}","templated":true}]}}