{"id":27077,"date":"2022-11-28T19:32:19","date_gmt":"2022-11-28T19:32:19","guid":{"rendered":"http:\/\/www.sakababeauty.com\/?post_type=product&#038;p=27077"},"modified":"2022-11-28T19:32:20","modified_gmt":"2022-11-28T19:32:20","slug":"snail-ultimate-serum","status":"publish","type":"product","link":"https:\/\/sakaba.mghosteur.com\/en\/product\/snail-ultimate-serum\/","title":{"rendered":"SNAIL ULTIMATE SERUM"},"content":{"rendered":"","protected":false},"excerpt":{"rendered":"","protected":false},"featured_media":0,"comment_status":"closed","ping_status":"closed","template":"","meta":[],"product_brand":[],"product_cat":[377],"product_tag":[],"class_list":{"0":"post-27077","1":"product","2":"type-product","3":"status-publish","5":"product_cat-bath-body-works","7":"first","8":"instock","9":"shipping-taxable","10":"product-type-simple"},"jetpack-related-posts":[{"id":27615,"url":"https:\/\/sakaba.mghosteur.com\/en\/product\/repair-serum-ginseng-snail-mucin\/","url_meta":{"origin":27077,"position":0},"title":"REPAIR SERUM GINSENG + SNAIL MUCIN","author":"admin","date":"November 29, 2022","format":false,"excerpt":"","rel":"","context":"Similar post","block_context":{"text":"Similar post","link":""},"img":{"alt_text":"","src":"","width":0,"height":0},"classes":[]},{"id":34426,"url":"https:\/\/sakaba.mghosteur.com\/en\/product\/peach-slices-snail-rescue-intensive-serum\/","url_meta":{"origin":27077,"position":1},"title":"PEACH SLICES SNAIL RESCUE INTENSIVE SERUM","author":"admin","date":"May 28, 2024","format":false,"excerpt":"","rel":"","context":"Similar post","block_context":{"text":"Similar post","link":""},"img":{"alt_text":"","src":"","width":0,"height":0},"classes":[]},{"id":30222,"url":"https:\/\/sakaba.mghosteur.com\/en\/product\/beauty-of-joseon-revive-serum-ginseng-snail-muci\/","url_meta":{"origin":27077,"position":2},"title":"BEAUTY OF JOSEON REVIVE SERUM GINSENG + SNAIL MUCI","author":"admin","date":"May 4, 2023","format":false,"excerpt":"D\u00e9couvrez le S\u00e9rum Revive de la marque Beauty of Joseon, sp\u00e9cialement con\u00e7u pour revitaliser les peaux en manque d'\u00e9nergie. Ce s\u00e9rum contient du ginseng, un ingr\u00e9dient v\u00e9g\u00e9tal utilis\u00e9 depuis des si\u00e8cles en phytoth\u00e9rapie orientale pour ses propri\u00e9t\u00e9s b\u00e9n\u00e9fiques. Avec une concentration de 63% en eau de racine de ginseng, ce\u2026","rel":"","context":"Similar post","block_context":{"text":"Similar post","link":""},"img":{"alt_text":"","src":"","width":0,"height":0},"classes":[]},{"id":31393,"url":"https:\/\/sakaba.mghosteur.com\/en\/product\/beauty-of-joseon-revive-serum-ginseng-snail-mucin\/","url_meta":{"origin":27077,"position":3},"title":"BEAUTY OF JOSEON Revive Serum  Ginseng + Snail Mucin","author":"admin","date":"May 10, 2024","format":false,"excerpt":"D\u00e9couvrez le S\u00e9rum Revive : Ginseng + Mucus d'escargot Un s\u00e9rum con\u00e7u pour raviver les peaux en manque de vitalit\u00e9. Formul\u00e9 avec du ginseng, un ingr\u00e9dient v\u00e9g\u00e9tal r\u00e9put\u00e9 depuis des si\u00e8cles, et 3 % de filtrat de s\u00e9cr\u00e9tion d'escargot, cette combinaison offre une synergie optimale pour renforcer l'\u00e9lasticit\u00e9 de la\u2026","rel":"","context":"Similar post","block_context":{"text":"Similar post","link":""},"img":{"alt_text":"","src":"","width":0,"height":0},"classes":[]},{"id":26024,"url":"https:\/\/sakaba.mghosteur.com\/en\/product\/camille-cocoa-nibs-honey-ultimate-growth-serum\/","url_meta":{"origin":27077,"position":4},"title":"CAMILLE COCOA NIBS &#038; HONEY ULTIMATE GROWTH SERUM","author":"admin","date":"November 24, 2022","format":false,"excerpt":"","rel":"","context":"Similar post","block_context":{"text":"Similar post","link":""},"img":{"alt_text":"","src":"","width":0,"height":0},"classes":[]},{"id":29438,"url":"https:\/\/sakaba.mghosteur.com\/en\/product\/cosrx-advanced-snail-radiance-dual-essence\/","url_meta":{"origin":27077,"position":5},"title":"COSRX ADVANCED SNAIL RADIANCE DUAL ESSENCE","author":"admin","date":"April 4, 2023","format":false,"excerpt":"Le Advanced Snail Radiance Dual Essence de COSRX est un produit r\u00e9volutionnaire qui offre une solution 2 en 1 pour am\u00e9liorer l'\u00e9lasticit\u00e9 et l'\u00e9clat de votre peau. Cette essence est con\u00e7ue pour combiner les bienfaits hydratants et r\u00e9g\u00e9n\u00e9rants de l'essence d'escargot avec les propri\u00e9t\u00e9s \u00e9claircissantes de l'essence de luminosit\u00e9, afin\u2026","rel":"","context":"Similar post","block_context":{"text":"Similar post","link":""},"img":{"alt_text":"","src":"","width":0,"height":0},"classes":[]}],"_links":{"self":[{"href":"https:\/\/sakaba.mghosteur.com\/en\/wp-json\/wp\/v2\/product\/27077","targetHints":{"allow":["GET"]}}],"collection":[{"href":"https:\/\/sakaba.mghosteur.com\/en\/wp-json\/wp\/v2\/product"}],"about":[{"href":"https:\/\/sakaba.mghosteur.com\/en\/wp-json\/wp\/v2\/types\/product"}],"replies":[{"embeddable":true,"href":"https:\/\/sakaba.mghosteur.com\/en\/wp-json\/wp\/v2\/comments?post=27077"}],"version-history":[{"count":0,"href":"https:\/\/sakaba.mghosteur.com\/en\/wp-json\/wp\/v2\/product\/27077\/revisions"}],"wp:attachment":[{"href":"https:\/\/sakaba.mghosteur.com\/en\/wp-json\/wp\/v2\/media?parent=27077"}],"wp:term":[{"taxonomy":"product_brand","embeddable":true,"href":"https:\/\/sakaba.mghosteur.com\/en\/wp-json\/wp\/v2\/product_brand?post=27077"},{"taxonomy":"product_cat","embeddable":true,"href":"https:\/\/sakaba.mghosteur.com\/en\/wp-json\/wp\/v2\/product_cat?post=27077"},{"taxonomy":"product_tag","embeddable":true,"href":"https:\/\/sakaba.mghosteur.com\/en\/wp-json\/wp\/v2\/product_tag?post=27077"}],"curies":[{"name":"wp","href":"https:\/\/api.w.org\/{rel}","templated":true}]}}