{"id":27080,"date":"2022-11-28T19:33:40","date_gmt":"2022-11-28T19:33:40","guid":{"rendered":"http:\/\/www.sakababeauty.com\/?post_type=product&#038;p=27080"},"modified":"2022-11-28T19:33:41","modified_gmt":"2022-11-28T19:33:41","slug":"lotus-youth-preserve-moisturizer","status":"publish","type":"product","link":"https:\/\/sakaba.mghosteur.com\/en\/product\/lotus-youth-preserve-moisturizer\/","title":{"rendered":"LOTUS YOUTH PRESERVE MOISTURIZER"},"content":{"rendered":"","protected":false},"excerpt":{"rendered":"","protected":false},"featured_media":0,"comment_status":"closed","ping_status":"closed","template":"","meta":[],"product_brand":[],"product_cat":[377],"product_tag":[],"class_list":{"0":"post-27080","1":"product","2":"type-product","3":"status-publish","5":"product_cat-bath-body-works","7":"first","8":"instock","9":"shipping-taxable","10":"product-type-simple"},"jetpack-related-posts":[{"id":27070,"url":"https:\/\/sakaba.mghosteur.com\/en\/product\/lotus-youth-preserve-rescue-mask\/","url_meta":{"origin":27080,"position":0},"title":"LOTUS YOUTH PRESERVE RESCUE MASK","author":"admin","date":"November 28, 2022","format":false,"excerpt":"","rel":"","context":"Similar post","block_context":{"text":"Similar post","link":""},"img":{"alt_text":"","src":"","width":0,"height":0},"classes":[]},{"id":34213,"url":"https:\/\/sakaba.mghosteur.com\/en\/product\/fresh-lotus-youth-preserve-dream-face-cream-night\/","url_meta":{"origin":27080,"position":1},"title":"FRESH LOTUS YOUTH PRESERVE DREAM FACE CREAM NIGHT","author":"admin","date":"May 27, 2024","format":false,"excerpt":"La cr\u00e8me de nuit Fresh Lotus Youth Preserve Dream Face Cream est une cr\u00e8me de nuit l\u00e9g\u00e8re et non grasse con\u00e7ue pour vous aider \u00e0 obtenir un teint radieux et \u00e9clatant. Elle est formul\u00e9e avec du super lotus, de l'extrait de feuille de carambole et de la vitamine E pour\u2026","rel":"","context":"Similar post","block_context":{"text":"Similar post","link":""},"img":{"alt_text":"","src":"","width":0,"height":0},"classes":[]},{"id":26895,"url":"https:\/\/sakaba.mghosteur.com\/en\/product\/paula-choice-youth-extending-daily-hydrating-fluid-2\/","url_meta":{"origin":27080,"position":2},"title":"PAULA CHOICE YOUTH EXTENDING DAILY HYDRATING FLUID","author":"admin","date":"November 28, 2022","format":false,"excerpt":"Le Fluide Hydratant Quotidien Prolongateur de Jeunesse FPS 50 de la marque Paula's Choice est un produit l\u00e9ger \u00e0 base d'eau qui contient des antioxydants essentiels et une protection solaire \u00e0 large spectre pour pr\u00e9venir les signes de vieillissement et prot\u00e9ger votre peau des agressions ext\u00e9rieures. Il aide \u00e0 maintenir\u2026","rel":"","context":"Similar post","block_context":{"text":"Similar post","link":""},"img":{"alt_text":"","src":"","width":0,"height":0},"classes":[]},{"id":24736,"url":"https:\/\/sakaba.mghosteur.com\/en\/product\/differen-moisturizer-oil-absorbing\/","url_meta":{"origin":27080,"position":3},"title":"DIFFEREN MOISTURIZER OIL ABSORBING","author":"admin","date":"November 10, 2022","format":false,"excerpt":"","rel":"","context":"Similar post","block_context":{"text":"Similar post","link":""},"img":{"alt_text":"","src":"","width":0,"height":0},"classes":[]},{"id":27022,"url":"https:\/\/sakaba.mghosteur.com\/en\/product\/hero-clairifying-prebiotic-moisturizer\/","url_meta":{"origin":27080,"position":4},"title":"HERO CLAIRIFYING PREBIOTIC MOISTURIZER","author":"admin","date":"November 28, 2022","format":false,"excerpt":"","rel":"","context":"Similar post","block_context":{"text":"Similar post","link":""},"img":{"alt_text":"","src":"","width":0,"height":0},"classes":[]},{"id":27530,"url":"https:\/\/sakaba.mghosteur.com\/en\/product\/touch-plant-collagen-moisturizer\/","url_meta":{"origin":27080,"position":5},"title":"TOUCH PLANT COLLAGEN MOISTURIZER","author":"admin","date":"November 29, 2022","format":false,"excerpt":"","rel":"","context":"Similar post","block_context":{"text":"Similar post","link":""},"img":{"alt_text":"","src":"","width":0,"height":0},"classes":[]}],"_links":{"self":[{"href":"https:\/\/sakaba.mghosteur.com\/en\/wp-json\/wp\/v2\/product\/27080","targetHints":{"allow":["GET"]}}],"collection":[{"href":"https:\/\/sakaba.mghosteur.com\/en\/wp-json\/wp\/v2\/product"}],"about":[{"href":"https:\/\/sakaba.mghosteur.com\/en\/wp-json\/wp\/v2\/types\/product"}],"replies":[{"embeddable":true,"href":"https:\/\/sakaba.mghosteur.com\/en\/wp-json\/wp\/v2\/comments?post=27080"}],"version-history":[{"count":0,"href":"https:\/\/sakaba.mghosteur.com\/en\/wp-json\/wp\/v2\/product\/27080\/revisions"}],"wp:attachment":[{"href":"https:\/\/sakaba.mghosteur.com\/en\/wp-json\/wp\/v2\/media?parent=27080"}],"wp:term":[{"taxonomy":"product_brand","embeddable":true,"href":"https:\/\/sakaba.mghosteur.com\/en\/wp-json\/wp\/v2\/product_brand?post=27080"},{"taxonomy":"product_cat","embeddable":true,"href":"https:\/\/sakaba.mghosteur.com\/en\/wp-json\/wp\/v2\/product_cat?post=27080"},{"taxonomy":"product_tag","embeddable":true,"href":"https:\/\/sakaba.mghosteur.com\/en\/wp-json\/wp\/v2\/product_tag?post=27080"}],"curies":[{"name":"wp","href":"https:\/\/api.w.org\/{rel}","templated":true}]}}