{"id":27084,"date":"2022-11-28T19:34:54","date_gmt":"2022-11-28T19:34:54","guid":{"rendered":"http:\/\/www.sakababeauty.com\/?post_type=product&#038;p=27084"},"modified":"2022-11-28T19:40:21","modified_gmt":"2022-11-28T19:40:21","slug":"premium-gokujyun-premium","status":"publish","type":"product","link":"https:\/\/sakaba.mghosteur.com\/en\/product\/premium-gokujyun-premium\/","title":{"rendered":"PREMIUM GOKUJYUN PREMIUM"},"content":{"rendered":"","protected":false},"excerpt":{"rendered":"","protected":false},"featured_media":0,"comment_status":"closed","ping_status":"closed","template":"","meta":[],"product_brand":[],"product_cat":[377],"product_tag":[],"class_list":{"0":"post-27084","1":"product","2":"type-product","3":"status-publish","5":"product_cat-bath-body-works","7":"first","8":"instock","9":"shipping-taxable","10":"product-type-simple"},"jetpack-related-posts":[{"id":29940,"url":"https:\/\/sakaba.mghosteur.com\/en\/product\/hada-labo-gokujyun-emulsion-blanchissante-penetrante-medicamenteuse-premium\/","url_meta":{"origin":27084,"position":0},"title":"Hada Labo Gokujyun \u00c9mulsion Blanchissante P\u00e9n\u00e9trante M\u00e9dicamenteuse Premium","author":"admin","date":"April 28, 2023","format":false,"excerpt":"D\u00e9couvrez l'\u00c9mulsion Blanchissante P\u00e9n\u00e9trante M\u00e9dicamenteuse Premium HadaLabo Gokujyun, un produit innovant de la marque HadaLabo. Cette essence\/s\u00e9rum l\u00e9g\u00e8rement acide est infus\u00e9e de sept sortes d'acides hyaluroniques pour offrir une hydratation instantan\u00e9e et longue dur\u00e9e. Sa texture riche et soyeuse procure une sensation agr\u00e9able \u00e0 la peau. Cette \u00e9mulsion est sans\u2026","rel":"","context":"Similar post","block_context":{"text":"Similar post","link":""},"img":{"alt_text":"","src":"","width":0,"height":0},"classes":[]},{"id":27106,"url":"https:\/\/sakaba.mghosteur.com\/en\/product\/hadalabo-premium-shiro-jyun-premium\/","url_meta":{"origin":27084,"position":1},"title":"HADALABO PREMIUM SHIRO JYUN PREMIUM","author":"admin","date":"November 28, 2022","format":false,"excerpt":"D\u00e9couvrez la lotion HadaLabo Premium Shiro Jyun Premium, un produit de qualit\u00e9 de la marque HadaLabo, qui contient de l'acide hyaluronique, des d\u00e9riv\u00e9s de vitamine C et de la vitamine E pour hydrater la peau. Elle est \u00e9galement enrichie en acide tranexamique, un ingr\u00e9dient \u00e9claircissant reconnu, pour un teint plus\u2026","rel":"","context":"Similar post","block_context":{"text":"Similar post","link":""},"img":{"alt_text":"","src":"","width":0,"height":0},"classes":[]},{"id":26625,"url":"https:\/\/sakaba.mghosteur.com\/en\/product\/premium-brightening-cream\/","url_meta":{"origin":27084,"position":2},"title":"PREMIUM BRIGHTENING CREAM","author":"admin","date":"November 28, 2022","format":false,"excerpt":"","rel":"","context":"Similar post","block_context":{"text":"Similar post","link":""},"img":{"alt_text":"","src":"","width":0,"height":0},"classes":[]},{"id":26619,"url":"https:\/\/sakaba.mghosteur.com\/en\/product\/relumins-intense-glow-premium-brightening-serum\/","url_meta":{"origin":27084,"position":3},"title":"RELUMINS INTENSE GLOW PREMIUM BRIGHTENING SERUM","author":"admin","date":"November 28, 2022","format":false,"excerpt":"","rel":"","context":"Similar post","block_context":{"text":"Similar post","link":""},"img":{"alt_text":"","src":"","width":0,"height":0},"classes":[]},{"id":25375,"url":"https:\/\/sakaba.mghosteur.com\/en\/product\/swisspers-premium-cotton-rounds-100-count\/","url_meta":{"origin":27084,"position":4},"title":"Swisspers Premium Cotton Rounds 100 Count","author":"admin","date":"November 14, 2022","format":false,"excerpt":"","rel":"","context":"Similar post","block_context":{"text":"Similar post","link":""},"img":{"alt_text":"","src":"","width":0,"height":0},"classes":[]},{"id":32727,"url":"https:\/\/sakaba.mghosteur.com\/en\/product\/swisspers-premium-cotton-ovals-50-count\/","url_meta":{"origin":27084,"position":5},"title":"Swisspers Premium Cotton Ovals 50 Count","author":"admin","date":"May 15, 2024","format":false,"excerpt":"","rel":"","context":"Similar post","block_context":{"text":"Similar post","link":""},"img":{"alt_text":"","src":"","width":0,"height":0},"classes":[]}],"_links":{"self":[{"href":"https:\/\/sakaba.mghosteur.com\/en\/wp-json\/wp\/v2\/product\/27084","targetHints":{"allow":["GET"]}}],"collection":[{"href":"https:\/\/sakaba.mghosteur.com\/en\/wp-json\/wp\/v2\/product"}],"about":[{"href":"https:\/\/sakaba.mghosteur.com\/en\/wp-json\/wp\/v2\/types\/product"}],"replies":[{"embeddable":true,"href":"https:\/\/sakaba.mghosteur.com\/en\/wp-json\/wp\/v2\/comments?post=27084"}],"version-history":[{"count":0,"href":"https:\/\/sakaba.mghosteur.com\/en\/wp-json\/wp\/v2\/product\/27084\/revisions"}],"wp:attachment":[{"href":"https:\/\/sakaba.mghosteur.com\/en\/wp-json\/wp\/v2\/media?parent=27084"}],"wp:term":[{"taxonomy":"product_brand","embeddable":true,"href":"https:\/\/sakaba.mghosteur.com\/en\/wp-json\/wp\/v2\/product_brand?post=27084"},{"taxonomy":"product_cat","embeddable":true,"href":"https:\/\/sakaba.mghosteur.com\/en\/wp-json\/wp\/v2\/product_cat?post=27084"},{"taxonomy":"product_tag","embeddable":true,"href":"https:\/\/sakaba.mghosteur.com\/en\/wp-json\/wp\/v2\/product_tag?post=27084"}],"curies":[{"name":"wp","href":"https:\/\/api.w.org\/{rel}","templated":true}]}}