{"id":27087,"date":"2022-11-28T19:36:19","date_gmt":"2022-11-28T19:36:19","guid":{"rendered":"http:\/\/www.sakababeauty.com\/?post_type=product&#038;p=27087"},"modified":"2023-04-29T10:46:02","modified_gmt":"2023-04-29T10:46:02","slug":"hadalabo-gokujjun-lotion-rose","status":"publish","type":"product","link":"https:\/\/sakaba.mghosteur.com\/en\/product\/hadalabo-gokujjun-lotion-rose\/","title":{"rendered":"HADALABO GOKUJJUN LOTION ROSE"},"content":{"rendered":"<p>D\u00e9couvrez la Lotion Rose HadaLabo Gokujyun, une lotion hydratante japonaise de haute qualit\u00e9 qui constitue la base de votre routine d&#8217;hydratation. Cette lotion est enrichie en Super Acide Hyaluronique, un ingr\u00e9dient hydratant exceptionnel, pour une peau plus lisse et plus douce.<\/p>\n<p>La Lotion Rose HadaLabo Gokujyun peut \u00eatre utilis\u00e9e comme hydratant autonome, mais si vous ressentez le besoin d&#8217;une hydratation suppl\u00e9mentaire, vous pouvez utiliser d&#8217;autres produits de la s\u00e9rie HadaLabo, tels que le Serum HadaLabo Gokujyun, le Lait HadaLabo Gokujyun ou la Cr\u00e8me HadaLabo Gokujyun &#8211; ou une combinaison des trois, en fonction de vos besoins sp\u00e9cifiques en hydratation. Donnez \u00e0 votre peau la dose parfaite d&#8217;hydratation avec la Lotion Rose HadaLabo Gokujyun.<\/p>","protected":false},"excerpt":{"rendered":"<p>D\u00e9couvrez la Lotion Rose HadaLabo Gokujyun, une lotion hydratante japonaise de haute qualit\u00e9 qui constitue la base de votre routine d&#8217;hydratation. Cette lotion est enrichie en Super Acide Hyaluronique, un ingr\u00e9dient hydratant exceptionnel, pour une peau plus lisse et plus douce. La Lotion Rose HadaLabo Gokujyun peut \u00eatre utilis\u00e9e comme hydratant autonome, mais si vous<span class=\"read-more-faq\"><a href=\"https:\/\/sakaba.mghosteur.com\/en\/product\/hadalabo-gokujjun-lotion-rose\/\">Read More<\/a><\/span><\/p>","protected":false},"featured_media":0,"comment_status":"closed","ping_status":"closed","template":"","meta":[],"product_brand":[],"product_cat":[377],"product_tag":[],"class_list":{"0":"post-27087","1":"product","2":"type-product","3":"status-publish","5":"product_cat-bath-body-works","7":"first","8":"instock","9":"shipping-taxable","10":"product-type-simple"},"jetpack-related-posts":[{"id":33409,"url":"https:\/\/sakaba.mghosteur.com\/en\/product\/sctch-porter-hydrate-nourish-beard-conditioner\/","url_meta":{"origin":27087,"position":0},"title":"SCOTCH PORTER HYDRATE &amp; NOURISH BEARD CONDITIONER","author":"admin","date":"May 21, 2024","format":false,"excerpt":"Scotch Porter Hydrate & Nourish Beard Conditioner is a sulfate-free, paraben-free, organic, and cruelty-free conditioner that is designed to hydrate and nourish beards while strengthening facial hair.\u00a0It contains coconut, biotin, and shea butter.\u00a0The conditioner is gentle on the skin and uses natural ingredients like biotin liposome and marshmallow root to\u2026","rel":"","context":"Similar post","block_context":{"text":"Similar post","link":""},"img":{"alt_text":"","src":"","width":0,"height":0},"classes":[]}],"_links":{"self":[{"href":"https:\/\/sakaba.mghosteur.com\/en\/wp-json\/wp\/v2\/product\/27087","targetHints":{"allow":["GET"]}}],"collection":[{"href":"https:\/\/sakaba.mghosteur.com\/en\/wp-json\/wp\/v2\/product"}],"about":[{"href":"https:\/\/sakaba.mghosteur.com\/en\/wp-json\/wp\/v2\/types\/product"}],"replies":[{"embeddable":true,"href":"https:\/\/sakaba.mghosteur.com\/en\/wp-json\/wp\/v2\/comments?post=27087"}],"version-history":[{"count":0,"href":"https:\/\/sakaba.mghosteur.com\/en\/wp-json\/wp\/v2\/product\/27087\/revisions"}],"wp:attachment":[{"href":"https:\/\/sakaba.mghosteur.com\/en\/wp-json\/wp\/v2\/media?parent=27087"}],"wp:term":[{"taxonomy":"product_brand","embeddable":true,"href":"https:\/\/sakaba.mghosteur.com\/en\/wp-json\/wp\/v2\/product_brand?post=27087"},{"taxonomy":"product_cat","embeddable":true,"href":"https:\/\/sakaba.mghosteur.com\/en\/wp-json\/wp\/v2\/product_cat?post=27087"},{"taxonomy":"product_tag","embeddable":true,"href":"https:\/\/sakaba.mghosteur.com\/en\/wp-json\/wp\/v2\/product_tag?post=27087"}],"curies":[{"name":"wp","href":"https:\/\/api.w.org\/{rel}","templated":true}]}}