{"id":27091,"date":"2022-11-28T19:38:28","date_gmt":"2022-11-28T19:38:28","guid":{"rendered":"http:\/\/www.sakababeauty.com\/?post_type=product&#038;p=27091"},"modified":"2023-04-29T14:10:24","modified_gmt":"2023-04-29T14:10:24","slug":"hadalabo-shiro-jyun","status":"publish","type":"product","link":"https:\/\/sakaba.mghosteur.com\/en\/product\/hadalabo-shiro-jyun\/","title":{"rendered":"Rohto Hada Labo Shirojyun Lotion Blanchissante Moist"},"content":{"rendered":"<p>D\u00e9couvrez la lotion blanchissante Moist Hada Labo Shirojyun de Rohto, formul\u00e9e avec de l&#8217;arbutine, un ingr\u00e9dient naturellement blanchissant qui aide \u00e0 minimiser la formation de m\u00e9lanine. Cette lotion pour le visage est sp\u00e9cialement con\u00e7ue pour estomper les taches brunes et le teint in\u00e9gal et terne, pour un grain de peau affin\u00e9.<\/p>\n<p>En plus de l&#8217;arbutine, cette lotion contient d&#8217;autres ingr\u00e9dients comme le zyun et la vitamine C, qui contribuent \u00e0 cr\u00e9er un \u00e9clat radieux visible. Offrez \u00e0 votre peau une apparence plus lumineuse et plus uniforme avec la lotion blanchissante Moist Hada Labo Shirojyun de Rohto.<\/p>","protected":false},"excerpt":{"rendered":"<p>D\u00e9couvrez la lotion blanchissante Moist Hada Labo Shirojyun de Rohto, formul\u00e9e avec de l&#8217;arbutine, un ingr\u00e9dient naturellement blanchissant qui aide \u00e0 minimiser la formation de m\u00e9lanine. Cette lotion pour le visage est sp\u00e9cialement con\u00e7ue pour estomper les taches brunes et le teint in\u00e9gal et terne, pour un grain de peau affin\u00e9. En plus de l&#8217;arbutine,<span class=\"read-more-faq\"><a href=\"https:\/\/sakaba.mghosteur.com\/en\/product\/hadalabo-shiro-jyun\/\">Read More<\/a><\/span><\/p>","protected":false},"featured_media":0,"comment_status":"closed","ping_status":"closed","template":"","meta":[],"product_brand":[],"product_cat":[377],"product_tag":[],"class_list":{"0":"post-27091","1":"product","2":"type-product","3":"status-publish","5":"product_cat-bath-body-works","7":"first","8":"instock","9":"shipping-taxable","10":"product-type-simple"},"jetpack-related-posts":[{"id":29949,"url":"https:\/\/sakaba.mghosteur.com\/en\/product\/rohto-mentholatum-hada-labo-goku-jyun-nettoyant-moussant-visage-acide-hyaluronique\/","url_meta":{"origin":27091,"position":0},"title":"Rohto Mentholatum Hada Labo Goku-jyun Nettoyant Moussant Visage Acide Hyaluronique","author":"admin","date":"April 29, 2023","format":false,"excerpt":"D\u00e9couvrez le Nettoyant Moussant Visage Rohto Mentholatum Hada Labo Goku-jyun \u00e0 l'acide hyaluronique, un produit indispensable pour pr\u00e9server l'hydratation naturelle de votre peau tout en la nettoyant. Avec sa formule moussante instantan\u00e9e et facile \u00e0 masser, ce nettoyant vous permet de vous laver le visage sans dess\u00e9cher votre peau. Utilisez-le\u2026","rel":"","context":"Similar post","block_context":{"text":"Similar post","link":""},"img":{"alt_text":"","src":"","width":0,"height":0},"classes":[]},{"id":29940,"url":"https:\/\/sakaba.mghosteur.com\/en\/product\/hada-labo-gokujyun-emulsion-blanchissante-penetrante-medicamenteuse-premium\/","url_meta":{"origin":27091,"position":1},"title":"Hada Labo Gokujyun \u00c9mulsion Blanchissante P\u00e9n\u00e9trante M\u00e9dicamenteuse Premium","author":"admin","date":"April 28, 2023","format":false,"excerpt":"D\u00e9couvrez l'\u00c9mulsion Blanchissante P\u00e9n\u00e9trante M\u00e9dicamenteuse Premium HadaLabo Gokujyun, un produit innovant de la marque HadaLabo. Cette essence\/s\u00e9rum l\u00e9g\u00e8rement acide est infus\u00e9e de sept sortes d'acides hyaluroniques pour offrir une hydratation instantan\u00e9e et longue dur\u00e9e. Sa texture riche et soyeuse procure une sensation agr\u00e9able \u00e0 la peau. Cette \u00e9mulsion est sans\u2026","rel":"","context":"Similar post","block_context":{"text":"Similar post","link":""},"img":{"alt_text":"","src":"","width":0,"height":0},"classes":[]},{"id":27106,"url":"https:\/\/sakaba.mghosteur.com\/en\/product\/hadalabo-premium-shiro-jyun-premium\/","url_meta":{"origin":27091,"position":2},"title":"HADALABO PREMIUM SHIRO JYUN PREMIUM","author":"admin","date":"November 28, 2022","format":false,"excerpt":"D\u00e9couvrez la lotion HadaLabo Premium Shiro Jyun Premium, un produit de qualit\u00e9 de la marque HadaLabo, qui contient de l'acide hyaluronique, des d\u00e9riv\u00e9s de vitamine C et de la vitamine E pour hydrater la peau. Elle est \u00e9galement enrichie en acide tranexamique, un ingr\u00e9dient \u00e9claircissant reconnu, pour un teint plus\u2026","rel":"","context":"Similar post","block_context":{"text":"Similar post","link":""},"img":{"alt_text":"","src":"","width":0,"height":0},"classes":[]},{"id":29966,"url":"https:\/\/sakaba.mghosteur.com\/en\/product\/hada-labo-tokyo-skin-plumping-gel-cream-with-super-hyaluronic-acid-collagen\/","url_meta":{"origin":27091,"position":3},"title":"Hada Labo Tokyo Skin Plumping Gel Cream with Super Hyaluronic Acid &#038; Collagen","author":"admin","date":"April 29, 2023","format":false,"excerpt":"D\u00e9couvrez le traitement de nuit anti-\u00e2ge Hada Labo Tokyo pour une peau hydrat\u00e9e, r\u00e9par\u00e9e et raffermie pendant votre sommeil. Ce gel-cr\u00e8me repulpant pour la peau est formul\u00e9 avec des ingr\u00e9dients cl\u00e9s tels que l'acide super hyaluronique (TM), le complexe de peptides de soja, le collag\u00e8ne et le ch\u00e8vrefeuille japonais. Cette\u2026","rel":"","context":"Similar post","block_context":{"text":"Similar post","link":""},"img":{"alt_text":"","src":"","width":0,"height":0},"classes":[]},{"id":29956,"url":"https:\/\/sakaba.mghosteur.com\/en\/product\/rohto-hadalabo-gokujun-cleansing-oil\/","url_meta":{"origin":27091,"position":4},"title":"ROHTO Hadalabo Gokujun Cleansing Oil","author":"admin","date":"April 29, 2023","format":false,"excerpt":"D\u00e9couvrez le ROHTO Hadalabo Gokujun Cleansing Oil, un produit de qualit\u00e9 de la marque HadaLabo. Cette huile de nettoyage \u00e0 base d'olive est l\u00e9g\u00e8re et sans parfum, et contient de l'acide hyaluronique pour une hydratation en profondeur de votre peau. Gr\u00e2ce \u00e0 sa formule \u00e0 base d'huile, ce nettoyant dissout\u2026","rel":"","context":"Similar post","block_context":{"text":"Similar post","link":""},"img":{"alt_text":"","src":"","width":0,"height":0},"classes":[]},{"id":29963,"url":"https:\/\/sakaba.mghosteur.com\/en\/product\/traitement-de-nuit-hada-labo-tokyo\/","url_meta":{"origin":27091,"position":5},"title":"Traitement de nuit Hada Labo Tokyo","author":"admin","date":"April 29, 2023","format":false,"excerpt":"D\u00e9couvrez le Traitement de Nuit Hada Labo Tokyo, un produit phare de la marque HadaLabo. Ce contenant de 1,76 oz est un traitement de nuit anti-\u00e2ge qui hydrate, r\u00e9pare et raffermit votre peau pendant que vous dormez. Les ingr\u00e9dients cl\u00e9s de cette cr\u00e8me pour le visage tout-en-un incluent l'acide super\u2026","rel":"","context":"Similar post","block_context":{"text":"Similar post","link":""},"img":{"alt_text":"","src":"","width":0,"height":0},"classes":[]}],"_links":{"self":[{"href":"https:\/\/sakaba.mghosteur.com\/en\/wp-json\/wp\/v2\/product\/27091","targetHints":{"allow":["GET"]}}],"collection":[{"href":"https:\/\/sakaba.mghosteur.com\/en\/wp-json\/wp\/v2\/product"}],"about":[{"href":"https:\/\/sakaba.mghosteur.com\/en\/wp-json\/wp\/v2\/types\/product"}],"replies":[{"embeddable":true,"href":"https:\/\/sakaba.mghosteur.com\/en\/wp-json\/wp\/v2\/comments?post=27091"}],"version-history":[{"count":0,"href":"https:\/\/sakaba.mghosteur.com\/en\/wp-json\/wp\/v2\/product\/27091\/revisions"}],"wp:attachment":[{"href":"https:\/\/sakaba.mghosteur.com\/en\/wp-json\/wp\/v2\/media?parent=27091"}],"wp:term":[{"taxonomy":"product_brand","embeddable":true,"href":"https:\/\/sakaba.mghosteur.com\/en\/wp-json\/wp\/v2\/product_brand?post=27091"},{"taxonomy":"product_cat","embeddable":true,"href":"https:\/\/sakaba.mghosteur.com\/en\/wp-json\/wp\/v2\/product_cat?post=27091"},{"taxonomy":"product_tag","embeddable":true,"href":"https:\/\/sakaba.mghosteur.com\/en\/wp-json\/wp\/v2\/product_tag?post=27091"}],"curies":[{"name":"wp","href":"https:\/\/api.w.org\/{rel}","templated":true}]}}