{"id":27100,"date":"2022-11-28T19:53:24","date_gmt":"2022-11-28T19:53:24","guid":{"rendered":"http:\/\/www.sakababeauty.com\/?post_type=product&#038;p=27100"},"modified":"2022-11-28T19:55:47","modified_gmt":"2022-11-28T19:55:47","slug":"beard-oil-with-grotein","status":"publish","type":"product","link":"https:\/\/sakaba.mghosteur.com\/en\/product\/beard-oil-with-grotein\/","title":{"rendered":"Beard oil with grotein"},"content":{"rendered":"","protected":false},"excerpt":{"rendered":"","protected":false},"featured_media":0,"comment_status":"closed","ping_status":"closed","template":"","meta":[],"product_brand":[],"product_cat":[288,371],"product_tag":[],"class_list":{"0":"post-27100","1":"product","2":"type-product","3":"status-publish","5":"product_cat-aaf-homme","6":"product_cat-soin-de-la-barbe","8":"first","9":"instock","10":"shipping-taxable","11":"product-type-simple"},"jetpack-related-posts":[{"id":27232,"url":"https:\/\/sakaba.mghosteur.com\/en\/product\/beard-serum-with-grotein\/","url_meta":{"origin":27100,"position":0},"title":"Beard serum with Grotein","author":"admin","date":"November 29, 2022","format":false,"excerpt":"","rel":"","context":"Similar post","block_context":{"text":"Similar post","link":""},"img":{"alt_text":"","src":"","width":0,"height":0},"classes":[]},{"id":26785,"url":"https:\/\/sakaba.mghosteur.com\/en\/product\/cantu-shea-butter-beard-oil\/","url_meta":{"origin":27100,"position":1},"title":"Cantu shea butter beard oil","author":"admin","date":"November 28, 2022","format":false,"excerpt":"","rel":"","context":"Similar post","block_context":{"text":"Similar post","link":""},"img":{"alt_text":"","src":"","width":0,"height":0},"classes":[]},{"id":27089,"url":"https:\/\/sakaba.mghosteur.com\/en\/product\/by-natures-100-pure-natural-beard-oil\/","url_meta":{"origin":27100,"position":2},"title":"By natures 100% pure natural beard oil","author":"admin","date":"November 28, 2022","format":false,"excerpt":"","rel":"","context":"Similar post","block_context":{"text":"Similar post","link":""},"img":{"alt_text":"","src":"","width":0,"height":0},"classes":[]},{"id":32362,"url":"https:\/\/sakaba.mghosteur.com\/en\/product\/sheamoisture-beard-conditioning-oil\/","url_meta":{"origin":27100,"position":3},"title":"SheaMoisture BEARD CONDITIONING OIL","author":"admin","date":"May 14, 2024","format":false,"excerpt":"D\u00e9couvrez notre Huile revitalisante pour barbe \u00e0 l'huile de maracuja et au beurre de karit\u00e9 Shea Moisture, une solution de qualit\u00e9 pour l'entretien de votre barbe. Con\u00e7ue sp\u00e9cialement pour les hommes, cette huile est un incontournable pour ceux qui cherchent \u00e0 hydrater et \u00e0 adoucir leur barbe. L'huile de maracuja\u2026","rel":"","context":"Similar post","block_context":{"text":"Similar post","link":""},"img":{"alt_text":"","src":"","width":0,"height":0},"classes":[]},{"id":27319,"url":"https:\/\/sakaba.mghosteur.com\/en\/product\/battery-powered-beard-mustache-trimmer\/","url_meta":{"origin":27100,"position":4},"title":"Battery powered beard &#038; mustache trimmer","author":"admin","date":"November 29, 2022","format":false,"excerpt":"","rel":"","context":"Similar post","block_context":{"text":"Similar post","link":""},"img":{"alt_text":"","src":"","width":0,"height":0},"classes":[]},{"id":28408,"url":"https:\/\/sakaba.mghosteur.com\/en\/product\/scotch-porter-conditiooning-beard-balm\/","url_meta":{"origin":27100,"position":5},"title":"SCOTCH PORTER CONDITIOONING BEARD BALM","author":"admin","date":"November 30, 2022","format":false,"excerpt":"","rel":"","context":"Similar post","block_context":{"text":"Similar post","link":""},"img":{"alt_text":"","src":"","width":0,"height":0},"classes":[]}],"_links":{"self":[{"href":"https:\/\/sakaba.mghosteur.com\/en\/wp-json\/wp\/v2\/product\/27100","targetHints":{"allow":["GET"]}}],"collection":[{"href":"https:\/\/sakaba.mghosteur.com\/en\/wp-json\/wp\/v2\/product"}],"about":[{"href":"https:\/\/sakaba.mghosteur.com\/en\/wp-json\/wp\/v2\/types\/product"}],"replies":[{"embeddable":true,"href":"https:\/\/sakaba.mghosteur.com\/en\/wp-json\/wp\/v2\/comments?post=27100"}],"version-history":[{"count":0,"href":"https:\/\/sakaba.mghosteur.com\/en\/wp-json\/wp\/v2\/product\/27100\/revisions"}],"wp:attachment":[{"href":"https:\/\/sakaba.mghosteur.com\/en\/wp-json\/wp\/v2\/media?parent=27100"}],"wp:term":[{"taxonomy":"product_brand","embeddable":true,"href":"https:\/\/sakaba.mghosteur.com\/en\/wp-json\/wp\/v2\/product_brand?post=27100"},{"taxonomy":"product_cat","embeddable":true,"href":"https:\/\/sakaba.mghosteur.com\/en\/wp-json\/wp\/v2\/product_cat?post=27100"},{"taxonomy":"product_tag","embeddable":true,"href":"https:\/\/sakaba.mghosteur.com\/en\/wp-json\/wp\/v2\/product_tag?post=27100"}],"curies":[{"name":"wp","href":"https:\/\/api.w.org\/{rel}","templated":true}]}}