{"id":27103,"date":"2022-11-28T19:45:13","date_gmt":"2022-11-28T19:45:13","guid":{"rendered":"http:\/\/www.sakababeauty.com\/?post_type=product&#038;p=27103"},"modified":"2023-04-28T11:03:22","modified_gmt":"2023-04-28T11:03:22","slug":"goku-jyun","status":"publish","type":"product","link":"https:\/\/sakaba.mghosteur.com\/en\/product\/goku-jyun\/","title":{"rendered":"HadaLabo Gokujyun Alpha Emulsion Raffermissante"},"content":{"rendered":"<p>D\u00e9couvrez l&#8217;Emulsion Raffermissante HadaLabo Gokujyun Alpha, le produit phare de la marque HadaLabo, qui s&#8217;engage \u00e0 offrir des soins anti-\u00e2ge de qualit\u00e9. Cette \u00e9mulsion est formul\u00e9e avec de l&#8217;\u00e9lastine de bas poids mol\u00e9culaire, un ingr\u00e9dient hydratant qui aide \u00e0 restaurer l&#8217;\u00e9lasticit\u00e9 de la peau, ainsi que de l&#8217;acide hyaluronique 3D, un ingr\u00e9dient hydratant qui forme un filet d&#8217;hydratation sur la peau.<\/p>\n<p>Cette \u00e9mulsion se concentre sur le m\u00e9canisme qui fonctionne au niveau cellulaire, en particulier sur les k\u00e9ratinocytes, pour soutenir la fondation de la peau. Elle aide \u00e0 emprisonner l&#8217;hydratation et \u00e0 rendre la peau ferme et r\u00e9sistante en profondeur, pour des soins hydratants adapt\u00e9s \u00e0 l&#8217;\u00e2ge. Offrez \u00e0 votre peau le meilleur avec l&#8217;Emulsion Raffermissante HadaLabo Gokujyun Alpha.<\/p>","protected":false},"excerpt":{"rendered":"<p>D\u00e9couvrez l&#8217;Emulsion Raffermissante HadaLabo Gokujyun Alpha, le produit phare de la marque HadaLabo, qui s&#8217;engage \u00e0 offrir des soins anti-\u00e2ge de qualit\u00e9. Cette \u00e9mulsion est formul\u00e9e avec de l&#8217;\u00e9lastine de bas poids mol\u00e9culaire, un ingr\u00e9dient hydratant qui aide \u00e0 restaurer l&#8217;\u00e9lasticit\u00e9 de la peau, ainsi que de l&#8217;acide hyaluronique 3D, un ingr\u00e9dient hydratant qui forme<span class=\"read-more-faq\"><a href=\"https:\/\/sakaba.mghosteur.com\/en\/product\/goku-jyun\/\">Read More<\/a><\/span><\/p>","protected":false},"featured_media":0,"comment_status":"closed","ping_status":"closed","template":"","meta":[],"product_brand":[],"product_cat":[377],"product_tag":[],"class_list":{"0":"post-27103","1":"product","2":"type-product","3":"status-publish","5":"product_cat-bath-body-works","7":"first","8":"instock","9":"shipping-taxable","10":"product-type-simple"},"jetpack-related-posts":[{"id":33409,"url":"https:\/\/sakaba.mghosteur.com\/en\/product\/sctch-porter-hydrate-nourish-beard-conditioner\/","url_meta":{"origin":27103,"position":0},"title":"SCOTCH PORTER HYDRATE &amp; NOURISH BEARD CONDITIONER","author":"admin","date":"May 21, 2024","format":false,"excerpt":"Scotch Porter Hydrate & Nourish Beard Conditioner is a sulfate-free, paraben-free, organic, and cruelty-free conditioner that is designed to hydrate and nourish beards while strengthening facial hair.\u00a0It contains coconut, biotin, and shea butter.\u00a0The conditioner is gentle on the skin and uses natural ingredients like biotin liposome and marshmallow root to\u2026","rel":"","context":"Similar post","block_context":{"text":"Similar post","link":""},"img":{"alt_text":"","src":"","width":0,"height":0},"classes":[]}],"_links":{"self":[{"href":"https:\/\/sakaba.mghosteur.com\/en\/wp-json\/wp\/v2\/product\/27103","targetHints":{"allow":["GET"]}}],"collection":[{"href":"https:\/\/sakaba.mghosteur.com\/en\/wp-json\/wp\/v2\/product"}],"about":[{"href":"https:\/\/sakaba.mghosteur.com\/en\/wp-json\/wp\/v2\/types\/product"}],"replies":[{"embeddable":true,"href":"https:\/\/sakaba.mghosteur.com\/en\/wp-json\/wp\/v2\/comments?post=27103"}],"version-history":[{"count":0,"href":"https:\/\/sakaba.mghosteur.com\/en\/wp-json\/wp\/v2\/product\/27103\/revisions"}],"wp:attachment":[{"href":"https:\/\/sakaba.mghosteur.com\/en\/wp-json\/wp\/v2\/media?parent=27103"}],"wp:term":[{"taxonomy":"product_brand","embeddable":true,"href":"https:\/\/sakaba.mghosteur.com\/en\/wp-json\/wp\/v2\/product_brand?post=27103"},{"taxonomy":"product_cat","embeddable":true,"href":"https:\/\/sakaba.mghosteur.com\/en\/wp-json\/wp\/v2\/product_cat?post=27103"},{"taxonomy":"product_tag","embeddable":true,"href":"https:\/\/sakaba.mghosteur.com\/en\/wp-json\/wp\/v2\/product_tag?post=27103"}],"curies":[{"name":"wp","href":"https:\/\/api.w.org\/{rel}","templated":true}]}}