{"id":27106,"date":"2022-11-28T19:46:27","date_gmt":"2022-11-28T19:46:27","guid":{"rendered":"http:\/\/www.sakababeauty.com\/?post_type=product&#038;p=27106"},"modified":"2023-04-29T14:04:54","modified_gmt":"2023-04-29T14:04:54","slug":"hadalabo-premium-shiro-jyun-premium","status":"publish","type":"product","link":"https:\/\/sakaba.mghosteur.com\/en\/product\/hadalabo-premium-shiro-jyun-premium\/","title":{"rendered":"HADALABO PREMIUM SHIRO JYUN PREMIUM"},"content":{"rendered":"<p>D\u00e9couvrez la lotion HadaLabo Premium Shiro Jyun Premium, un produit de qualit\u00e9 de la marque HadaLabo, qui contient de l&#8217;acide hyaluronique, des d\u00e9riv\u00e9s de vitamine C et de la vitamine E pour hydrater la peau. Elle est \u00e9galement enrichie en acide tranexamique, un ingr\u00e9dient \u00e9claircissant reconnu, pour un teint plus clair et uniforme.<\/p>\n<p>Cette lotion au pH neutre offre une hydratation en profondeur tout en raffermissant la peau et en \u00e9liminant les taches de rousseur. Elle est id\u00e9ale pour les peaux endommag\u00e9es par le soleil et est disponible en deux formules diff\u00e9rentes : Light pour une action \u00e9claircissante et Moist pour une hydratation ultra-intense.<\/p>\n<p>Offrez \u00e0 votre peau le meilleur avec la lotion HadaLabo Premium Shiro Jyun Premium, un produit de qualit\u00e9 sup\u00e9rieure qui saura r\u00e9pondre \u00e0 tous vos besoins en mati\u00e8re de soins de la peau.<\/p>","protected":false},"excerpt":{"rendered":"<p>D\u00e9couvrez la lotion HadaLabo Premium Shiro Jyun Premium, un produit de qualit\u00e9 de la marque HadaLabo, qui contient de l&#8217;acide hyaluronique, des d\u00e9riv\u00e9s de vitamine C et de la vitamine E pour hydrater la peau. Elle est \u00e9galement enrichie en acide tranexamique, un ingr\u00e9dient \u00e9claircissant reconnu, pour un teint plus clair et uniforme. Cette lotion<span class=\"read-more-faq\"><a href=\"https:\/\/sakaba.mghosteur.com\/en\/product\/hadalabo-premium-shiro-jyun-premium\/\">Read More<\/a><\/span><\/p>","protected":false},"featured_media":0,"comment_status":"closed","ping_status":"closed","template":"","meta":[],"product_brand":[],"product_cat":[377],"product_tag":[],"class_list":{"0":"post-27106","1":"product","2":"type-product","3":"status-publish","5":"product_cat-bath-body-works","7":"first","8":"instock","9":"shipping-taxable","10":"product-type-simple"},"jetpack-related-posts":[{"id":27103,"url":"https:\/\/sakaba.mghosteur.com\/en\/product\/goku-jyun\/","url_meta":{"origin":27106,"position":0},"title":"HadaLabo Gokujyun Alpha Emulsion Raffermissante","author":"admin","date":"November 28, 2022","format":false,"excerpt":"D\u00e9couvrez l'Emulsion Raffermissante HadaLabo Gokujyun Alpha, le produit phare de la marque HadaLabo, qui s'engage \u00e0 offrir des soins anti-\u00e2ge de qualit\u00e9. Cette \u00e9mulsion est formul\u00e9e avec de l'\u00e9lastine de bas poids mol\u00e9culaire, un ingr\u00e9dient hydratant qui aide \u00e0 restaurer l'\u00e9lasticit\u00e9 de la peau, ainsi que de l'acide hyaluronique 3D,\u2026","rel":"","context":"Similar post","block_context":{"text":"Similar post","link":""},"img":{"alt_text":"","src":"","width":0,"height":0},"classes":[]},{"id":29940,"url":"https:\/\/sakaba.mghosteur.com\/en\/product\/hada-labo-gokujyun-emulsion-blanchissante-penetrante-medicamenteuse-premium\/","url_meta":{"origin":27106,"position":1},"title":"Hada Labo Gokujyun \u00c9mulsion Blanchissante P\u00e9n\u00e9trante M\u00e9dicamenteuse Premium","author":"admin","date":"April 28, 2023","format":false,"excerpt":"D\u00e9couvrez l'\u00c9mulsion Blanchissante P\u00e9n\u00e9trante M\u00e9dicamenteuse Premium HadaLabo Gokujyun, un produit innovant de la marque HadaLabo. Cette essence\/s\u00e9rum l\u00e9g\u00e8rement acide est infus\u00e9e de sept sortes d'acides hyaluroniques pour offrir une hydratation instantan\u00e9e et longue dur\u00e9e. Sa texture riche et soyeuse procure une sensation agr\u00e9able \u00e0 la peau. Cette \u00e9mulsion est sans\u2026","rel":"","context":"Similar post","block_context":{"text":"Similar post","link":""},"img":{"alt_text":"","src":"","width":0,"height":0},"classes":[]},{"id":27091,"url":"https:\/\/sakaba.mghosteur.com\/en\/product\/hadalabo-shiro-jyun\/","url_meta":{"origin":27106,"position":2},"title":"Rohto Hada Labo Shirojyun Lotion Blanchissante Moist","author":"admin","date":"November 28, 2022","format":false,"excerpt":"D\u00e9couvrez la lotion blanchissante Moist Hada Labo Shirojyun de Rohto, formul\u00e9e avec de l'arbutine, un ingr\u00e9dient naturellement blanchissant qui aide \u00e0 minimiser la formation de m\u00e9lanine. Cette lotion pour le visage est sp\u00e9cialement con\u00e7ue pour estomper les taches brunes et le teint in\u00e9gal et terne, pour un grain de peau\u2026","rel":"","context":"Similar post","block_context":{"text":"Similar post","link":""},"img":{"alt_text":"","src":"","width":0,"height":0},"classes":[]},{"id":27087,"url":"https:\/\/sakaba.mghosteur.com\/en\/product\/hadalabo-gokujjun-lotion-rose\/","url_meta":{"origin":27106,"position":3},"title":"HADALABO GOKUJJUN LOTION ROSE","author":"admin","date":"November 28, 2022","format":false,"excerpt":"D\u00e9couvrez la Lotion Rose HadaLabo Gokujyun, une lotion hydratante japonaise de haute qualit\u00e9 qui constitue la base de votre routine d'hydratation. Cette lotion est enrichie en Super Acide Hyaluronique, un ingr\u00e9dient hydratant exceptionnel, pour une peau plus lisse et plus douce. La Lotion Rose HadaLabo Gokujyun peut \u00eatre utilis\u00e9e comme\u2026","rel":"","context":"Similar post","block_context":{"text":"Similar post","link":""},"img":{"alt_text":"","src":"","width":0,"height":0},"classes":[]},{"id":27109,"url":"https:\/\/sakaba.mghosteur.com\/en\/product\/hadalabo-moisturizing-cream\/","url_meta":{"origin":27106,"position":4},"title":"HADALABO MOISTURIZING CREAM","author":"admin","date":"November 28, 2022","format":false,"excerpt":"D\u00e9couvrez la Super Cr\u00e8me Hydratante \u00e0 l'Acide Hyaluronique de ROHTO Hadalabo Gokujyun, un produit de qualit\u00e9 de la marque HadaLabo. Cette cr\u00e8me de 50g est formul\u00e9e avec de l'acide hyaluronique super hydratant qui permet de maintenir une hydratation intense de la peau. Cette cr\u00e8me gel enrobe la peau avec une\u2026","rel":"","context":"Similar post","block_context":{"text":"Similar post","link":""},"img":{"alt_text":"","src":"","width":0,"height":0},"classes":[]},{"id":29956,"url":"https:\/\/sakaba.mghosteur.com\/en\/product\/rohto-hadalabo-gokujun-cleansing-oil\/","url_meta":{"origin":27106,"position":5},"title":"ROHTO Hadalabo Gokujun Cleansing Oil","author":"admin","date":"April 29, 2023","format":false,"excerpt":"D\u00e9couvrez le ROHTO Hadalabo Gokujun Cleansing Oil, un produit de qualit\u00e9 de la marque HadaLabo. Cette huile de nettoyage \u00e0 base d'olive est l\u00e9g\u00e8re et sans parfum, et contient de l'acide hyaluronique pour une hydratation en profondeur de votre peau. Gr\u00e2ce \u00e0 sa formule \u00e0 base d'huile, ce nettoyant dissout\u2026","rel":"","context":"Similar post","block_context":{"text":"Similar post","link":""},"img":{"alt_text":"","src":"","width":0,"height":0},"classes":[]}],"_links":{"self":[{"href":"https:\/\/sakaba.mghosteur.com\/en\/wp-json\/wp\/v2\/product\/27106","targetHints":{"allow":["GET"]}}],"collection":[{"href":"https:\/\/sakaba.mghosteur.com\/en\/wp-json\/wp\/v2\/product"}],"about":[{"href":"https:\/\/sakaba.mghosteur.com\/en\/wp-json\/wp\/v2\/types\/product"}],"replies":[{"embeddable":true,"href":"https:\/\/sakaba.mghosteur.com\/en\/wp-json\/wp\/v2\/comments?post=27106"}],"version-history":[{"count":0,"href":"https:\/\/sakaba.mghosteur.com\/en\/wp-json\/wp\/v2\/product\/27106\/revisions"}],"wp:attachment":[{"href":"https:\/\/sakaba.mghosteur.com\/en\/wp-json\/wp\/v2\/media?parent=27106"}],"wp:term":[{"taxonomy":"product_brand","embeddable":true,"href":"https:\/\/sakaba.mghosteur.com\/en\/wp-json\/wp\/v2\/product_brand?post=27106"},{"taxonomy":"product_cat","embeddable":true,"href":"https:\/\/sakaba.mghosteur.com\/en\/wp-json\/wp\/v2\/product_cat?post=27106"},{"taxonomy":"product_tag","embeddable":true,"href":"https:\/\/sakaba.mghosteur.com\/en\/wp-json\/wp\/v2\/product_tag?post=27106"}],"curies":[{"name":"wp","href":"https:\/\/api.w.org\/{rel}","templated":true}]}}