{"id":27109,"date":"2022-11-28T19:48:20","date_gmt":"2022-11-28T19:48:20","guid":{"rendered":"http:\/\/www.sakababeauty.com\/?post_type=product&#038;p=27109"},"modified":"2023-04-29T11:04:23","modified_gmt":"2023-04-29T11:04:23","slug":"hadalabo-moisturizing-cream","status":"publish","type":"product","link":"https:\/\/sakaba.mghosteur.com\/en\/product\/hadalabo-moisturizing-cream\/","title":{"rendered":"HADALABO MOISTURIZING CREAM"},"content":{"rendered":"<p>D\u00e9couvrez la Super Cr\u00e8me Hydratante \u00e0 l&#8217;Acide Hyaluronique de ROHTO Hadalabo Gokujyun, un produit de qualit\u00e9 de la marque HadaLabo. Cette cr\u00e8me de 50g est formul\u00e9e avec de l&#8217;acide hyaluronique super hydratant qui permet de maintenir une hydratation intense de la peau.<\/p>\n<p>Cette cr\u00e8me gel enrobe la peau avec une hydratation dense pour une sensation de confort et de souplesse. La &#8220;Cr\u00e8me Hyaluronique Extr\u00eame&#8221; est une cr\u00e8me hydratante qui contient deux types d&#8217;acide hyaluronique pour un maximum d&#8217;efficacit\u00e9. Elle enveloppe la peau d&#8217;une hydratation intense et poss\u00e8de une faible acidit\u00e9 similaire \u00e0 celle de la peau saine.<\/p>\n<p>Elle est hypoallerg\u00e9nique, sans parfum, sans colorant, sans huile min\u00e9rale et sans alcool, offrant une grande douceur pour la peau. Les composants hydratants contiennent de l&#8217;acide hyaluronique ac\u00e9tyl\u00e9 Na (super acide hyaluronique) et de l&#8217;acide hyaluronique Na. Cette cr\u00e8me est facile \u00e0 utiliser pour les soins quotidiens de la peau, convenant \u00e0 toute la famille.<\/p>\n<p>Veuillez noter que les droits de douane, les taxes et les frais ne sont pas inclus dans le prix de l&#8217;article ni dans les frais d&#8217;exp\u00e9dition. Ils sont \u00e0 la charge de l&#8217;acheteur et peuvent varier en fonction des r\u00e9glementations douani\u00e8res de chaque pays. N&#8217;h\u00e9sitez pas \u00e0 nous contacter si vous avez des questions ou des demandes particuli\u00e8res.<\/p>\n<p>Nous sommes fiers de livrer la culture japonaise dans le monde entier en proposant des produits de qualit\u00e9 \u00e0 un prix comp\u00e9titif. Merci de votre confiance !<\/p>","protected":false},"excerpt":{"rendered":"<p>D\u00e9couvrez la Super Cr\u00e8me Hydratante \u00e0 l&#8217;Acide Hyaluronique de ROHTO Hadalabo Gokujyun, un produit de qualit\u00e9 de la marque HadaLabo. Cette cr\u00e8me de 50g est formul\u00e9e avec de l&#8217;acide hyaluronique super hydratant qui permet de maintenir une hydratation intense de la peau. Cette cr\u00e8me gel enrobe la peau avec une hydratation dense pour une sensation<span class=\"read-more-faq\"><a href=\"https:\/\/sakaba.mghosteur.com\/en\/product\/hadalabo-moisturizing-cream\/\">Read More<\/a><\/span><\/p>","protected":false},"featured_media":0,"comment_status":"closed","ping_status":"closed","template":"","meta":[],"product_brand":[],"product_cat":[377],"product_tag":[],"class_list":{"0":"post-27109","1":"product","2":"type-product","3":"status-publish","5":"product_cat-bath-body-works","7":"first","8":"instock","9":"shipping-taxable","10":"product-type-simple"},"jetpack-related-posts":[],"_links":{"self":[{"href":"https:\/\/sakaba.mghosteur.com\/en\/wp-json\/wp\/v2\/product\/27109","targetHints":{"allow":["GET"]}}],"collection":[{"href":"https:\/\/sakaba.mghosteur.com\/en\/wp-json\/wp\/v2\/product"}],"about":[{"href":"https:\/\/sakaba.mghosteur.com\/en\/wp-json\/wp\/v2\/types\/product"}],"replies":[{"embeddable":true,"href":"https:\/\/sakaba.mghosteur.com\/en\/wp-json\/wp\/v2\/comments?post=27109"}],"version-history":[{"count":0,"href":"https:\/\/sakaba.mghosteur.com\/en\/wp-json\/wp\/v2\/product\/27109\/revisions"}],"wp:attachment":[{"href":"https:\/\/sakaba.mghosteur.com\/en\/wp-json\/wp\/v2\/media?parent=27109"}],"wp:term":[{"taxonomy":"product_brand","embeddable":true,"href":"https:\/\/sakaba.mghosteur.com\/en\/wp-json\/wp\/v2\/product_brand?post=27109"},{"taxonomy":"product_cat","embeddable":true,"href":"https:\/\/sakaba.mghosteur.com\/en\/wp-json\/wp\/v2\/product_cat?post=27109"},{"taxonomy":"product_tag","embeddable":true,"href":"https:\/\/sakaba.mghosteur.com\/en\/wp-json\/wp\/v2\/product_tag?post=27109"}],"curies":[{"name":"wp","href":"https:\/\/api.w.org\/{rel}","templated":true}]}}