{"id":27112,"date":"2022-11-28T19:49:27","date_gmt":"2022-11-28T19:49:27","guid":{"rendered":"http:\/\/www.sakababeauty.com\/?post_type=product&#038;p=27112"},"modified":"2023-03-26T12:44:42","modified_gmt":"2023-03-26T12:44:42","slug":"hadalabo-oil-cleansing","status":"publish","type":"product","link":"https:\/\/sakaba.mghosteur.com\/en\/product\/hadalabo-oil-cleansing\/","title":{"rendered":"HADALABO OIL CLEANSING"},"content":{"rendered":"","protected":false},"excerpt":{"rendered":"","protected":false},"featured_media":0,"comment_status":"closed","ping_status":"closed","template":"","meta":[],"product_brand":[],"product_cat":[446],"product_tag":[],"class_list":{"0":"post-27112","1":"product","2":"type-product","3":"status-publish","5":"product_cat-nettoyant","7":"first","8":"instock","9":"shipping-taxable","10":"product-type-simple"},"jetpack-related-posts":[{"id":29956,"url":"https:\/\/sakaba.mghosteur.com\/en\/product\/rohto-hadalabo-gokujun-cleansing-oil\/","url_meta":{"origin":27112,"position":0},"title":"ROHTO Hadalabo Gokujun Cleansing Oil","author":"admin","date":"April 29, 2023","format":false,"excerpt":"D\u00e9couvrez le ROHTO Hadalabo Gokujun Cleansing Oil, un produit de qualit\u00e9 de la marque HadaLabo. Cette huile de nettoyage \u00e0 base d'olive est l\u00e9g\u00e8re et sans parfum, et contient de l'acide hyaluronique pour une hydratation en profondeur de votre peau. Gr\u00e2ce \u00e0 sa formule \u00e0 base d'huile, ce nettoyant dissout\u2026","rel":"","context":"Similar post","block_context":{"text":"Similar post","link":""},"img":{"alt_text":"","src":"","width":0,"height":0},"classes":[]},{"id":27508,"url":"https:\/\/sakaba.mghosteur.com\/en\/product\/deep-cleansing-oil-200ml\/","url_meta":{"origin":27112,"position":1},"title":"DEEP CLEANSING OIL 200ML","author":"admin","date":"November 29, 2022","format":false,"excerpt":"","rel":"","context":"Similar post","block_context":{"text":"Similar post","link":""},"img":{"alt_text":"","src":"","width":0,"height":0},"classes":[]},{"id":27533,"url":"https:\/\/sakaba.mghosteur.com\/en\/product\/deep-cleansing-oil-70ml\/","url_meta":{"origin":27112,"position":2},"title":"DEEP CLEANSING OIL 70ML","author":"admin","date":"November 29, 2022","format":false,"excerpt":"","rel":"","context":"Similar post","block_context":{"text":"Similar post","link":""},"img":{"alt_text":"","src":"","width":0,"height":0},"classes":[]},{"id":27553,"url":"https:\/\/sakaba.mghosteur.com\/en\/product\/dhc-deep-cleansing-oil-70ml\/","url_meta":{"origin":27112,"position":3},"title":"DHC DEEP CLEANSING OIL 70ML","author":"admin","date":"November 29, 2022","format":false,"excerpt":"","rel":"","context":"Similar post","block_context":{"text":"Similar post","link":""},"img":{"alt_text":"","src":"","width":0,"height":0},"classes":[]},{"id":31479,"url":"https:\/\/sakaba.mghosteur.com\/en\/product\/madagascar-centella-light-cleansing-oil-200ml\/","url_meta":{"origin":27112,"position":4},"title":"MADAGASCAR CENTELLA  LIGHT CLEANSING OIL 200ML","author":"admin","date":"May 10, 2024","format":false,"excerpt":"CENTELLA LIGHT CLEANSING OIL DESCRIPTION : D\u00e9couvrez notre Centella Light Cleansing Oil, un nettoyant l\u00e9ger \u00e0 base d'huile qui vous offre une exp\u00e9rience de nettoyage luxueuse. Formul\u00e9 pour fondre en douceur le maquillage, la salet\u00e9, les huiles et la cr\u00e8me solaire, ce nettoyant prend soin de votre peau sans agresser\u2026","rel":"","context":"Similar post","block_context":{"text":"Similar post","link":""},"img":{"alt_text":"","src":"","width":0,"height":0},"classes":[]},{"id":23977,"url":"https:\/\/sakaba.mghosteur.com\/en\/product\/garnier-skinactive-clean-purifying-oil-free-cleansing-towelettes\/","url_meta":{"origin":27112,"position":5},"title":"Garnier SkinActive Clean+ Purifying Oil-Free Cleansing Towelettes","author":"admin","date":"November 9, 2022","format":false,"excerpt":"","rel":"","context":"Similar post","block_context":{"text":"Similar post","link":""},"img":{"alt_text":"","src":"","width":0,"height":0},"classes":[]}],"_links":{"self":[{"href":"https:\/\/sakaba.mghosteur.com\/en\/wp-json\/wp\/v2\/product\/27112","targetHints":{"allow":["GET"]}}],"collection":[{"href":"https:\/\/sakaba.mghosteur.com\/en\/wp-json\/wp\/v2\/product"}],"about":[{"href":"https:\/\/sakaba.mghosteur.com\/en\/wp-json\/wp\/v2\/types\/product"}],"replies":[{"embeddable":true,"href":"https:\/\/sakaba.mghosteur.com\/en\/wp-json\/wp\/v2\/comments?post=27112"}],"version-history":[{"count":0,"href":"https:\/\/sakaba.mghosteur.com\/en\/wp-json\/wp\/v2\/product\/27112\/revisions"}],"wp:attachment":[{"href":"https:\/\/sakaba.mghosteur.com\/en\/wp-json\/wp\/v2\/media?parent=27112"}],"wp:term":[{"taxonomy":"product_brand","embeddable":true,"href":"https:\/\/sakaba.mghosteur.com\/en\/wp-json\/wp\/v2\/product_brand?post=27112"},{"taxonomy":"product_cat","embeddable":true,"href":"https:\/\/sakaba.mghosteur.com\/en\/wp-json\/wp\/v2\/product_cat?post=27112"},{"taxonomy":"product_tag","embeddable":true,"href":"https:\/\/sakaba.mghosteur.com\/en\/wp-json\/wp\/v2\/product_tag?post=27112"}],"curies":[{"name":"wp","href":"https:\/\/api.w.org\/{rel}","templated":true}]}}