{"id":27115,"date":"2022-11-28T19:51:06","date_gmt":"2022-11-28T19:51:06","guid":{"rendered":"http:\/\/www.sakababeauty.com\/?post_type=product&#038;p=27115"},"modified":"2022-11-28T19:51:06","modified_gmt":"2022-11-28T19:51:06","slug":"hadalabo","status":"publish","type":"product","link":"https:\/\/sakaba.mghosteur.com\/en\/product\/hadalabo\/","title":{"rendered":"HADALABO"},"content":{"rendered":"","protected":false},"excerpt":{"rendered":"","protected":false},"featured_media":0,"comment_status":"closed","ping_status":"closed","template":"","meta":[],"product_brand":[],"product_cat":[377],"product_tag":[],"class_list":{"0":"post-27115","1":"product","2":"type-product","3":"status-publish","5":"product_cat-bath-body-works","7":"first","8":"instock","9":"shipping-taxable","10":"product-type-simple"},"jetpack-related-posts":[{"id":27087,"url":"https:\/\/sakaba.mghosteur.com\/en\/product\/hadalabo-gokujjun-lotion-rose\/","url_meta":{"origin":27115,"position":0},"title":"HADALABO GOKUJJUN LOTION ROSE","author":"admin","date":"November 28, 2022","format":false,"excerpt":"D\u00e9couvrez la Lotion Rose HadaLabo Gokujyun, une lotion hydratante japonaise de haute qualit\u00e9 qui constitue la base de votre routine d'hydratation. Cette lotion est enrichie en Super Acide Hyaluronique, un ingr\u00e9dient hydratant exceptionnel, pour une peau plus lisse et plus douce. La Lotion Rose HadaLabo Gokujyun peut \u00eatre utilis\u00e9e comme\u2026","rel":"","context":"Similar post","block_context":{"text":"Similar post","link":""},"img":{"alt_text":"","src":"","width":0,"height":0},"classes":[]},{"id":27095,"url":"https:\/\/sakaba.mghosteur.com\/en\/product\/hadalabo-gokujyun\/","url_meta":{"origin":27115,"position":1},"title":"HADALABO GOKUJYUN","author":"admin","date":"November 28, 2022","format":false,"excerpt":"","rel":"","context":"Similar post","block_context":{"text":"Similar post","link":""},"img":{"alt_text":"","src":"","width":0,"height":0},"classes":[]},{"id":27112,"url":"https:\/\/sakaba.mghosteur.com\/en\/product\/hadalabo-oil-cleansing\/","url_meta":{"origin":27115,"position":2},"title":"HADALABO OIL CLEANSING","author":"admin","date":"November 28, 2022","format":false,"excerpt":"","rel":"","context":"Similar post","block_context":{"text":"Similar post","link":""},"img":{"alt_text":"","src":"","width":0,"height":0},"classes":[]},{"id":29956,"url":"https:\/\/sakaba.mghosteur.com\/en\/product\/rohto-hadalabo-gokujun-cleansing-oil\/","url_meta":{"origin":27115,"position":3},"title":"ROHTO Hadalabo Gokujun Cleansing Oil","author":"admin","date":"April 29, 2023","format":false,"excerpt":"D\u00e9couvrez le ROHTO Hadalabo Gokujun Cleansing Oil, un produit de qualit\u00e9 de la marque HadaLabo. Cette huile de nettoyage \u00e0 base d'olive est l\u00e9g\u00e8re et sans parfum, et contient de l'acide hyaluronique pour une hydratation en profondeur de votre peau. Gr\u00e2ce \u00e0 sa formule \u00e0 base d'huile, ce nettoyant dissout\u2026","rel":"","context":"Similar post","block_context":{"text":"Similar post","link":""},"img":{"alt_text":"","src":"","width":0,"height":0},"classes":[]},{"id":27106,"url":"https:\/\/sakaba.mghosteur.com\/en\/product\/hadalabo-premium-shiro-jyun-premium\/","url_meta":{"origin":27115,"position":4},"title":"HADALABO PREMIUM SHIRO JYUN PREMIUM","author":"admin","date":"November 28, 2022","format":false,"excerpt":"D\u00e9couvrez la lotion HadaLabo Premium Shiro Jyun Premium, un produit de qualit\u00e9 de la marque HadaLabo, qui contient de l'acide hyaluronique, des d\u00e9riv\u00e9s de vitamine C et de la vitamine E pour hydrater la peau. Elle est \u00e9galement enrichie en acide tranexamique, un ingr\u00e9dient \u00e9claircissant reconnu, pour un teint plus\u2026","rel":"","context":"Similar post","block_context":{"text":"Similar post","link":""},"img":{"alt_text":"","src":"","width":0,"height":0},"classes":[]},{"id":27098,"url":"https:\/\/sakaba.mghosteur.com\/en\/product\/hadalabo-anti-aging-hydrator\/","url_meta":{"origin":27115,"position":5},"title":"HADALABO ANTI AGING  HYDRATOR","author":"admin","date":"November 28, 2022","format":false,"excerpt":"","rel":"","context":"Similar post","block_context":{"text":"Similar post","link":""},"img":{"alt_text":"","src":"","width":0,"height":0},"classes":[]}],"_links":{"self":[{"href":"https:\/\/sakaba.mghosteur.com\/en\/wp-json\/wp\/v2\/product\/27115","targetHints":{"allow":["GET"]}}],"collection":[{"href":"https:\/\/sakaba.mghosteur.com\/en\/wp-json\/wp\/v2\/product"}],"about":[{"href":"https:\/\/sakaba.mghosteur.com\/en\/wp-json\/wp\/v2\/types\/product"}],"replies":[{"embeddable":true,"href":"https:\/\/sakaba.mghosteur.com\/en\/wp-json\/wp\/v2\/comments?post=27115"}],"version-history":[{"count":0,"href":"https:\/\/sakaba.mghosteur.com\/en\/wp-json\/wp\/v2\/product\/27115\/revisions"}],"wp:attachment":[{"href":"https:\/\/sakaba.mghosteur.com\/en\/wp-json\/wp\/v2\/media?parent=27115"}],"wp:term":[{"taxonomy":"product_brand","embeddable":true,"href":"https:\/\/sakaba.mghosteur.com\/en\/wp-json\/wp\/v2\/product_brand?post=27115"},{"taxonomy":"product_cat","embeddable":true,"href":"https:\/\/sakaba.mghosteur.com\/en\/wp-json\/wp\/v2\/product_cat?post=27115"},{"taxonomy":"product_tag","embeddable":true,"href":"https:\/\/sakaba.mghosteur.com\/en\/wp-json\/wp\/v2\/product_tag?post=27115"}],"curies":[{"name":"wp","href":"https:\/\/api.w.org\/{rel}","templated":true}]}}