{"id":27118,"date":"2022-11-28T19:52:28","date_gmt":"2022-11-28T19:52:28","guid":{"rendered":"http:\/\/www.sakababeauty.com\/?post_type=product&#038;p=27118"},"modified":"2022-11-28T19:52:29","modified_gmt":"2022-11-28T19:52:29","slug":"kravebeauty-great-body-relief-smooth-body-lotion","status":"publish","type":"product","link":"https:\/\/sakaba.mghosteur.com\/en\/product\/kravebeauty-great-body-relief-smooth-body-lotion\/","title":{"rendered":"KRAVEBEAUTY GREAT BODY RELIEF SMOOTH BODY LOTION"},"content":{"rendered":"","protected":false},"excerpt":{"rendered":"","protected":false},"featured_media":0,"comment_status":"closed","ping_status":"closed","template":"","meta":[],"product_brand":[],"product_cat":[286],"product_tag":[],"class_list":{"0":"post-27118","1":"product","2":"type-product","3":"status-publish","5":"product_cat-corps","7":"first","8":"instock","9":"shipping-taxable","10":"product-type-simple"},"jetpack-related-posts":[{"id":27139,"url":"https:\/\/sakaba.mghosteur.com\/en\/product\/krave-great-barrier-relief\/","url_meta":{"origin":27118,"position":0},"title":"KRAVE GREAT BARRIER RELIEF","author":"admin","date":"November 29, 2022","format":false,"excerpt":"","rel":"","context":"Similar post","block_context":{"text":"Similar post","link":""},"img":{"alt_text":"","src":"","width":0,"height":0},"classes":[]},{"id":27676,"url":"https:\/\/sakaba.mghosteur.com\/en\/product\/kravebeauty-gentle-aha-exfoliator\/","url_meta":{"origin":27118,"position":1},"title":"KRAVEBEAUTY GENTLE AHA EXFOLIATOR","author":"admin","date":"November 29, 2022","format":false,"excerpt":"","rel":"","context":"Similar post","block_context":{"text":"Similar post","link":""},"img":{"alt_text":"","src":"","width":0,"height":0},"classes":[]},{"id":23345,"url":"https:\/\/sakaba.mghosteur.com\/en\/product\/bath-body-works-stress-relief\/","url_meta":{"origin":27118,"position":2},"title":"Bath &amp; Body Works Stress Relief","author":"admin","date":"October 26, 2022","format":false,"excerpt":"","rel":"","context":"Similar post","block_context":{"text":"Similar post","link":""},"img":{"alt_text":"","src":"","width":0,"height":0},"classes":[]},{"id":32961,"url":"https:\/\/sakaba.mghosteur.com\/en\/product\/mustela-hydra-bebe-body-lotion\/","url_meta":{"origin":27118,"position":3},"title":"MUSTELA HYDRA BEBE BODY LOTION","author":"admin","date":"May 16, 2024","format":false,"excerpt":"","rel":"","context":"Similar post","block_context":{"text":"Similar post","link":""},"img":{"alt_text":"","src":"","width":0,"height":0},"classes":[]},{"id":27310,"url":"https:\/\/sakaba.mghosteur.com\/en\/product\/the-body-shop-tea-tree-soin-de-nuit-lotion\/","url_meta":{"origin":27118,"position":4},"title":"THE BODY SHOP TEA TREE SOIN DE NUIT LOTION","author":"admin","date":"November 29, 2022","format":false,"excerpt":"","rel":"","context":"Similar post","block_context":{"text":"Similar post","link":""},"img":{"alt_text":"","src":"","width":0,"height":0},"classes":[]},{"id":31900,"url":"https:\/\/sakaba.mghosteur.com\/en\/product\/aveeno-skin-relief-body-oil-spray-200ml\/","url_meta":{"origin":27118,"position":5},"title":"AVEENO SKIN RELIEF BODY OIL SPRAY 200ML","author":"admin","date":"May 10, 2024","format":false,"excerpt":"Le spray d'huile corporelle Aveeno Skin Relief aide \u00e0 soulager et \u00e0 r\u00e9parer la peau tr\u00e8s s\u00e8che d\u00e8s la premi\u00e8re application en apportant une hydratation longue dur\u00e9e. Sa formule unique contient de l'huile d'avoine et de l'huile de jojoba, des ingr\u00e9dients riches en lipides et en acides gras qui contribuent\u2026","rel":"","context":"Similar post","block_context":{"text":"Similar post","link":""},"img":{"alt_text":"","src":"","width":0,"height":0},"classes":[]}],"_links":{"self":[{"href":"https:\/\/sakaba.mghosteur.com\/en\/wp-json\/wp\/v2\/product\/27118","targetHints":{"allow":["GET"]}}],"collection":[{"href":"https:\/\/sakaba.mghosteur.com\/en\/wp-json\/wp\/v2\/product"}],"about":[{"href":"https:\/\/sakaba.mghosteur.com\/en\/wp-json\/wp\/v2\/types\/product"}],"replies":[{"embeddable":true,"href":"https:\/\/sakaba.mghosteur.com\/en\/wp-json\/wp\/v2\/comments?post=27118"}],"version-history":[{"count":0,"href":"https:\/\/sakaba.mghosteur.com\/en\/wp-json\/wp\/v2\/product\/27118\/revisions"}],"wp:attachment":[{"href":"https:\/\/sakaba.mghosteur.com\/en\/wp-json\/wp\/v2\/media?parent=27118"}],"wp:term":[{"taxonomy":"product_brand","embeddable":true,"href":"https:\/\/sakaba.mghosteur.com\/en\/wp-json\/wp\/v2\/product_brand?post=27118"},{"taxonomy":"product_cat","embeddable":true,"href":"https:\/\/sakaba.mghosteur.com\/en\/wp-json\/wp\/v2\/product_cat?post=27118"},{"taxonomy":"product_tag","embeddable":true,"href":"https:\/\/sakaba.mghosteur.com\/en\/wp-json\/wp\/v2\/product_tag?post=27118"}],"curies":[{"name":"wp","href":"https:\/\/api.w.org\/{rel}","templated":true}]}}