{"id":27123,"date":"2022-11-28T19:56:07","date_gmt":"2022-11-28T19:56:07","guid":{"rendered":"http:\/\/www.sakababeauty.com\/?post_type=product&#038;p=27123"},"modified":"2022-11-28T19:56:07","modified_gmt":"2022-11-28T19:56:07","slug":"mele-gentle-hydrating-cleansing-gel","status":"publish","type":"product","link":"https:\/\/sakaba.mghosteur.com\/en\/product\/mele-gentle-hydrating-cleansing-gel\/","title":{"rendered":"MELE GENTLE HYDRATING CLEANSING GEL"},"content":{"rendered":"","protected":false},"excerpt":{"rendered":"","protected":false},"featured_media":0,"comment_status":"closed","ping_status":"closed","template":"","meta":[],"product_brand":[],"product_cat":[377],"product_tag":[],"class_list":{"0":"post-27123","1":"product","2":"type-product","3":"status-publish","5":"product_cat-bath-body-works","7":"first","8":"instock","9":"shipping-taxable","10":"product-type-simple"},"jetpack-related-posts":[{"id":32003,"url":"https:\/\/sakaba.mghosteur.com\/en\/product\/good-molecules-hydrating-facial-cleansing-gel\/","url_meta":{"origin":27123,"position":0},"title":"GOOD MOLECULES HYDRATING FACIAL CLEANSING GEL","author":"admin","date":"May 13, 2024","format":false,"excerpt":"","rel":"","context":"Similar post","block_context":{"text":"Similar post","link":""},"img":{"alt_text":"","src":"","width":0,"height":0},"classes":[]},{"id":28872,"url":"https:\/\/sakaba.mghosteur.com\/en\/product\/hyper-even-gentle-brightening-cleansing-gel\/","url_meta":{"origin":27123,"position":1},"title":"HYPER EVEN GENTLE BRIGHTENING CLEANSING GEL","author":"admin","date":"March 6, 2023","format":false,"excerpt":"Le nettoyant Hyper Even Gentle Brightening Cleansing Gel de la marque Hyper Even est le choix parfait pour ceux qui cherchent \u00e0 am\u00e9liorer l'apparence de leur peau terne et fatigu\u00e9e. Sa formule douce est con\u00e7ue pour r\u00e9guler la production de s\u00e9bum, r\u00e9duire les \u00e9ruptions cutan\u00e9es et d\u00e9sobstruer les pores, tout\u2026","rel":"","context":"Similar post","block_context":{"text":"Similar post","link":""},"img":{"alt_text":"","src":"","width":0,"height":0},"classes":[]},{"id":24009,"url":"https:\/\/sakaba.mghosteur.com\/en\/product\/neutrogena-hydro-boost-hydrating-cleansing-gel\/","url_meta":{"origin":27123,"position":2},"title":"NEUTROGENA HYDRO BOOST HYDRATING CLEANSING GEL","author":"admin","date":"November 9, 2022","format":false,"excerpt":"D\u00e9couvrez le Gel Nettoyant et D\u00e9maquillant sans Huile de Neutrogena, le compagnon parfait pour une peau d'apparence saine et hydrat\u00e9e. Ce nettoyant pour le visage l\u00e9ger est formul\u00e9 avec de l'acide hyaluronique, offrant une hydratation en profondeur pour une peau douce et \u00e9clatante. Il \u00e9limine efficacement les impuret\u00e9s, l'exc\u00e8s de\u2026","rel":"","context":"Similar post","block_context":{"text":"Similar post","link":""},"img":{"alt_text":"","src":"","width":0,"height":0},"classes":[]},{"id":27599,"url":"https:\/\/sakaba.mghosteur.com\/en\/product\/gentle-hydrating-cleanser\/","url_meta":{"origin":27123,"position":3},"title":"GENTLE HYDRATING CLEANSER","author":"admin","date":"November 29, 2022","format":false,"excerpt":"Le Nettoyant Doux Hydratant de la marque HadaLabo est un nettoyant moussant riche et cr\u00e9meux qui nettoie en douceur et emprisonne l'hydratation essentielle pour une peau rafra\u00eechie et soyeuse. Sa formule s\u00fbre et douce d\u00e9riv\u00e9e d'acides amin\u00e9s naturels \u00e9limine efficacement la salet\u00e9, le s\u00e9bum et les impuret\u00e9s de la peau\u2026","rel":"","context":"Similar post","block_context":{"text":"Similar post","link":""},"img":{"alt_text":"","src":"","width":0,"height":0},"classes":[]},{"id":24295,"url":"https:\/\/sakaba.mghosteur.com\/en\/product\/neutrogena-ultra-gentle-hydrating-daily-facial-cleanser-for-sensitive-skin\/","url_meta":{"origin":27123,"position":4},"title":"Neutrogena Ultra Gentle Hydrating Daily Facial Cleanser for Sensitive Skin 171ML","author":"admin","date":"November 9, 2022","format":false,"excerpt":"D\u00e9couvrez le Nettoyant quotidien ultra doux Neutrogena, con\u00e7u pour r\u00e9pondre aux besoins des peaux sensibles. Sa formule brevet\u00e9e efficace mais douce nettoie en profondeur sans perturber la barri\u00e8re d'hydratation naturelle de la peau, laisse votre peau fra\u00eeche et propre sans r\u00e9sidu. Ce nettoyant moussant est hypoallerg\u00e9nique, non com\u00e9dog\u00e8ne, sans huile\u2026","rel":"","context":"Similar post","block_context":{"text":"Similar post","link":""},"img":{"alt_text":"","src":"","width":0,"height":0},"classes":[]},{"id":30396,"url":"https:\/\/sakaba.mghosteur.com\/en\/product\/neutrogena-ultra-gentle-hydrating-daily-facial-cleanser-for-sensitive-skin-354-ml\/","url_meta":{"origin":27123,"position":5},"title":"Neutrogena Ultra Gentle Hydrating Daily Facial Cleanser for Sensitive Skin 354 ML","author":"admin","date":"May 10, 2023","format":false,"excerpt":"D\u00e9couvrez le Nettoyant quotidien ultra doux Neutrogena, con\u00e7u pour r\u00e9pondre aux besoins des peaux sensibles. Sa formule brevet\u00e9e efficace mais douce nettoie en profondeur sans perturber la barri\u00e8re d'hydratation naturelle de la peau, laissant votre peau fra\u00eeche et propre sans r\u00e9sidu. Ce nettoyant moussant est hypoallerg\u00e9nique, non com\u00e9dog\u00e8ne, sans huile\u2026","rel":"","context":"Similar post","block_context":{"text":"Similar post","link":""},"img":{"alt_text":"","src":"","width":0,"height":0},"classes":[]}],"_links":{"self":[{"href":"https:\/\/sakaba.mghosteur.com\/en\/wp-json\/wp\/v2\/product\/27123","targetHints":{"allow":["GET"]}}],"collection":[{"href":"https:\/\/sakaba.mghosteur.com\/en\/wp-json\/wp\/v2\/product"}],"about":[{"href":"https:\/\/sakaba.mghosteur.com\/en\/wp-json\/wp\/v2\/types\/product"}],"replies":[{"embeddable":true,"href":"https:\/\/sakaba.mghosteur.com\/en\/wp-json\/wp\/v2\/comments?post=27123"}],"version-history":[{"count":0,"href":"https:\/\/sakaba.mghosteur.com\/en\/wp-json\/wp\/v2\/product\/27123\/revisions"}],"wp:attachment":[{"href":"https:\/\/sakaba.mghosteur.com\/en\/wp-json\/wp\/v2\/media?parent=27123"}],"wp:term":[{"taxonomy":"product_brand","embeddable":true,"href":"https:\/\/sakaba.mghosteur.com\/en\/wp-json\/wp\/v2\/product_brand?post=27123"},{"taxonomy":"product_cat","embeddable":true,"href":"https:\/\/sakaba.mghosteur.com\/en\/wp-json\/wp\/v2\/product_cat?post=27123"},{"taxonomy":"product_tag","embeddable":true,"href":"https:\/\/sakaba.mghosteur.com\/en\/wp-json\/wp\/v2\/product_tag?post=27123"}],"curies":[{"name":"wp","href":"https:\/\/api.w.org\/{rel}","templated":true}]}}