{"id":27127,"date":"2022-11-28T19:57:32","date_gmt":"2022-11-28T19:57:32","guid":{"rendered":"http:\/\/www.sakababeauty.com\/?post_type=product&#038;p=27127"},"modified":"2022-11-28T19:57:32","modified_gmt":"2022-11-28T19:57:32","slug":"the-body-wash-le-nettoyant-corps","status":"publish","type":"product","link":"https:\/\/sakaba.mghosteur.com\/en\/product\/the-body-wash-le-nettoyant-corps\/","title":{"rendered":"THE BODY WASH LE NETTOYANT CORPS"},"content":{"rendered":"","protected":false},"excerpt":{"rendered":"","protected":false},"featured_media":0,"comment_status":"closed","ping_status":"closed","template":"","meta":[],"product_brand":[],"product_cat":[446],"product_tag":[],"class_list":{"0":"post-27127","1":"product","2":"type-product","3":"status-publish","5":"product_cat-nettoyant","7":"first","8":"instock","9":"shipping-taxable","10":"product-type-simple"},"jetpack-related-posts":[{"id":30215,"url":"https:\/\/sakaba.mghosteur.com\/en\/product\/the-body-wash-le-nettoyant-corps-eucalyptus\/","url_meta":{"origin":27127,"position":0},"title":"THE BODY WASH LE NETTOYANT CORPS Eucalyptus","author":"admin","date":"May 4, 2023","format":false,"excerpt":"D\u00e9couvrez le Nettoyant pour le corps Eucalyptus de la marque N\u00e9cessaire, con\u00e7u pour prendre soin de votre corps tout en pr\u00e9servant l'environnement. Infus\u00e9 de niacinamide, de glyc\u00e9rine et d'huile de marula riche en vitamine C\/E + om\u00e9ga 6\/9, ce nettoyant hybride gel-huile est parfait pour \u00e9quilibrer, r\u00e9g\u00e9n\u00e9rer et adoucir votre\u2026","rel":"","context":"Similar post","block_context":{"text":"Similar post","link":""},"img":{"alt_text":"","src":"","width":0,"height":0},"classes":[]},{"id":30212,"url":"https:\/\/sakaba.mghosteur.com\/en\/product\/the-body-wash-fragrance-free\/","url_meta":{"origin":27127,"position":1},"title":"THE BODY WASH FRAGRANCE FREE","author":"admin","date":"May 4, 2023","format":false,"excerpt":"D\u00e9couvrez le nettoyant pour le corps Sans parfum de la marque NECESSAIRE, con\u00e7u pour prendre soin de votre corps et de la plan\u00e8te. Le Body Wash est un nettoyant quotidien doux pour la peau, formul\u00e9 avec du niacinamide, de la glyc\u00e9rine et de l'huile de marula riche en vitamines C\/E\u2026","rel":"","context":"Similar post","block_context":{"text":"Similar post","link":""},"img":{"alt_text":"","src":"","width":0,"height":0},"classes":[]},{"id":32096,"url":"https:\/\/sakaba.mghosteur.com\/en\/product\/naturium-the-booster-hyaluronic-acid-body-wash-500ml\/","url_meta":{"origin":27127,"position":2},"title":"NATURIUM THE BOOSTER HYALURONIC ACID BODY WASH 500ml","author":"admin","date":"May 13, 2024","format":false,"excerpt":"Le gel nettoyant ultra-hydratant pour le corps stimule l'hydratation pour aider \u00e0 r\u00e9duire la s\u00e9cheresse et l'irritation pour une peau d'apparence plus saine. Formul\u00e9 avec de l'acide hyaluronique hydrolys\u00e9 et sept poids mol\u00e9culaires d'hyaluronate de sodium, ce gel nettoyant riche procure une hydratation essentielle. De plus, 30 % de glyc\u00e9rine,\u2026","rel":"","context":"Similar post","block_context":{"text":"Similar post","link":""},"img":{"alt_text":"","src":"","width":0,"height":0},"classes":[]},{"id":30319,"url":"https:\/\/sakaba.mghosteur.com\/en\/product\/naturium-the-softener-creamy-clay-body-wash-free-fragrance\/","url_meta":{"origin":27127,"position":3},"title":"NATURIUM THE SOFTENER CREAMY CLAY BODY WASH FREE FRAGRANCE","author":"admin","date":"May 8, 2023","format":false,"excerpt":"D\u00e9couvrez le nettoyant pour le corps en profondeur Naturium The Softener Cream, un produit de qualit\u00e9 sup\u00e9rieure qui vous aide \u00e0 prendre soin de votre peau tout en la nettoyant en profondeur. Sa formule unique \u00e0 base d'argile rose fran\u00e7aise, enrichie en antioxydants et en hydratants naturels, vous offre une\u2026","rel":"","context":"Similar post","block_context":{"text":"Similar post","link":""},"img":{"alt_text":"","src":"","width":0,"height":0},"classes":[]},{"id":32080,"url":"https:\/\/sakaba.mghosteur.com\/en\/product\/naturium-the-energizer-mandelic-acid-body-wash-500ml\/","url_meta":{"origin":27127,"position":4},"title":"NATURIUM THE ENERGIZER MANDELIC ACID BODY WASH 500ml","author":"admin","date":"May 13, 2024","format":false,"excerpt":"Le gel douche \u00e9nergisant rafra\u00eechit au contact, revigore et nettoie la peau en profondeur. Formul\u00e9 avec de la canne \u00e0 sucre ferment\u00e9e et de l'acide mand\u00e9lique, un AHA doux mais efficace, ce nettoyant rafra\u00eechissant aide \u00e0 neutraliser et \u00e0 combattre les odeurs corporelles. De plus, les extraits aromatiques d'agrumes et\u2026","rel":"","context":"Similar post","block_context":{"text":"Similar post","link":""},"img":{"alt_text":"","src":"","width":0,"height":0},"classes":[]},{"id":28080,"url":"https:\/\/sakaba.mghosteur.com\/en\/product\/naturium-the-glow-getter-multi-oil-body-wash\/","url_meta":{"origin":27127,"position":5},"title":"NATURIUM THE GLOW GETTER MULTI OIL BODY WASH","author":"admin","date":"November 29, 2022","format":false,"excerpt":"Le gel douche hydratant et sensoriel est formul\u00e9 avec plus de 50 % de glyc\u00e9rine, un m\u00e9lange d'huiles riches en acide linol\u00e9ique et de squalane d'origine v\u00e9g\u00e9tale. Ce nettoyant corporel transformateur est riche en humectants qui hydratent et nourrissent la peau","rel":"","context":"Similar post","block_context":{"text":"Similar post","link":""},"img":{"alt_text":"","src":"","width":0,"height":0},"classes":[]}],"_links":{"self":[{"href":"https:\/\/sakaba.mghosteur.com\/en\/wp-json\/wp\/v2\/product\/27127","targetHints":{"allow":["GET"]}}],"collection":[{"href":"https:\/\/sakaba.mghosteur.com\/en\/wp-json\/wp\/v2\/product"}],"about":[{"href":"https:\/\/sakaba.mghosteur.com\/en\/wp-json\/wp\/v2\/types\/product"}],"replies":[{"embeddable":true,"href":"https:\/\/sakaba.mghosteur.com\/en\/wp-json\/wp\/v2\/comments?post=27127"}],"version-history":[{"count":0,"href":"https:\/\/sakaba.mghosteur.com\/en\/wp-json\/wp\/v2\/product\/27127\/revisions"}],"wp:attachment":[{"href":"https:\/\/sakaba.mghosteur.com\/en\/wp-json\/wp\/v2\/media?parent=27127"}],"wp:term":[{"taxonomy":"product_brand","embeddable":true,"href":"https:\/\/sakaba.mghosteur.com\/en\/wp-json\/wp\/v2\/product_brand?post=27127"},{"taxonomy":"product_cat","embeddable":true,"href":"https:\/\/sakaba.mghosteur.com\/en\/wp-json\/wp\/v2\/product_cat?post=27127"},{"taxonomy":"product_tag","embeddable":true,"href":"https:\/\/sakaba.mghosteur.com\/en\/wp-json\/wp\/v2\/product_tag?post=27127"}],"curies":[{"name":"wp","href":"https:\/\/api.w.org\/{rel}","templated":true}]}}