{"id":27133,"date":"2022-11-29T09:34:27","date_gmt":"2022-11-29T09:34:27","guid":{"rendered":"http:\/\/www.sakababeauty.com\/?post_type=product&#038;p=27133"},"modified":"2022-11-29T09:34:28","modified_gmt":"2022-11-29T09:34:28","slug":"mele-even-tone-post-cleanse-tonic","status":"publish","type":"product","link":"https:\/\/sakaba.mghosteur.com\/en\/product\/mele-even-tone-post-cleanse-tonic\/","title":{"rendered":"MELE EVEN TONE POST CLEANSE TONIC"},"content":{"rendered":"","protected":false},"excerpt":{"rendered":"","protected":false},"featured_media":0,"comment_status":"closed","ping_status":"closed","template":"","meta":[],"product_brand":[],"product_cat":[377],"product_tag":[],"class_list":{"0":"post-27133","1":"product","2":"type-product","3":"status-publish","5":"product_cat-bath-body-works","7":"first","8":"instock","9":"shipping-taxable","10":"product-type-simple"},"jetpack-related-posts":[{"id":26559,"url":"https:\/\/sakaba.mghosteur.com\/en\/product\/pixi-rose-tonic-rose-elderflower-nourishing-tone\/","url_meta":{"origin":27133,"position":0},"title":"PIXI ROSE TONIC ROSE &amp; ELDERFLOWER NOURISHING TONER","author":"admin","date":"November 25, 2022","format":false,"excerpt":"Le tonique nourrissant Pixi Rose Tonic \u00e0 la rose et \u00e0 la fleur de sureau est un tonique doux pour le visage, naturellement apaisant et riche en nutriments. Il tonifie, \u00e9quilibre le pH, apaise la peau et minimise les rougeurs. Il est sans alcool, sans parab\u00e8ne et n'a pas \u00e9t\u00e9\u2026","rel":"","context":"Similar post","block_context":{"text":"Similar post","link":""},"img":{"alt_text":"","src":"","width":0,"height":0},"classes":[]},{"id":26816,"url":"https:\/\/sakaba.mghosteur.com\/en\/product\/skin-lightening-cleanser-toner\/","url_meta":{"origin":27133,"position":1},"title":"SKIN LIGHTENING CLEANSER +TONER","author":"admin","date":"November 28, 2022","format":false,"excerpt":"D\u00e9couvrez le Kojie San Combined Cleanser and Toner, un nettoyant et tonique \u00e0 double action qui aide \u00e0 garder votre peau fra\u00eeche en \u00e9liminant le s\u00e9bum. La bouteille contient 100 ml (3,38 onces liquides) et les ingr\u00e9dients actifs nettoient en douceur la peau, resserrent les pores et exfolient la couche\u2026","rel":"","context":"Similar post","block_context":{"text":"Similar post","link":""},"img":{"alt_text":"","src":"","width":0,"height":0},"classes":[]},{"id":27142,"url":"https:\/\/sakaba.mghosteur.com\/en\/product\/mele-even-dark-spot-control-serum\/","url_meta":{"origin":27133,"position":2},"title":"MELE EVEN DARK SPOT CONTROL SERUM","author":"admin","date":"November 29, 2022","format":false,"excerpt":"Ce s\u00e9rum de soin sp\u00e9cialement formul\u00e9 r\u00e9duit l'apparence des taches brunes pour \u00e9liminer les impuret\u00e9s. Ce s\u00e9rum pour le visage cible et r\u00e9duit l'apparence des taches brunes pour r\u00e9v\u00e9ler une peau radieuse et plus uniforme. Mode d'emploi : Bien agiter avant chaque utilisation. Appliquer sur l'ensemble du visage le matin\u2026","rel":"","context":"Similar post","block_context":{"text":"Similar post","link":""},"img":{"alt_text":"","src":"","width":0,"height":0},"classes":[]},{"id":31439,"url":"https:\/\/sakaba.mghosteur.com\/en\/product\/kojie-san-skin-lightening-cleanser-toner\/","url_meta":{"origin":27133,"position":3},"title":"KOJIE SAN SKIN LIGHTENING CLEANSER +TONER","author":"admin","date":"May 10, 2024","format":false,"excerpt":"D\u00e9couvrez le Kojie San Dual Action Cleanser + Toner - SUPER SAVINGS Profitez des avantages du Kojie San Dual Action Cleanser + Toner Ce nettoyant et tonique combin\u00e9 gardera votre peau fra\u00eeche en \u00e9liminant l'exc\u00e8s de s\u00e9bum. Les ingr\u00e9dients actifs nettoient d\u00e9licatement la peau, resserrent les pores et exfolient la\u2026","rel":"","context":"Similar post","block_context":{"text":"Similar post","link":""},"img":{"alt_text":"","src":"","width":0,"height":0},"classes":[]},{"id":27040,"url":"https:\/\/sakaba.mghosteur.com\/en\/product\/even-tone-super-glow-serum\/","url_meta":{"origin":27133,"position":4},"title":"EVEN TONE SUPER GLOW SERUM","author":"admin","date":"November 28, 2022","format":false,"excerpt":"","rel":"","context":"Similar post","block_context":{"text":"Similar post","link":""},"img":{"alt_text":"","src":"","width":0,"height":0},"classes":[]},{"id":33022,"url":"https:\/\/sakaba.mghosteur.com\/en\/product\/dove-even-tone-antiperspirant\/","url_meta":{"origin":27133,"position":5},"title":"DOVE Even Tone Antiperspirant","author":"admin","date":"May 17, 2024","format":false,"excerpt":"","rel":"","context":"Similar post","block_context":{"text":"Similar post","link":""},"img":{"alt_text":"","src":"","width":0,"height":0},"classes":[]}],"_links":{"self":[{"href":"https:\/\/sakaba.mghosteur.com\/en\/wp-json\/wp\/v2\/product\/27133","targetHints":{"allow":["GET"]}}],"collection":[{"href":"https:\/\/sakaba.mghosteur.com\/en\/wp-json\/wp\/v2\/product"}],"about":[{"href":"https:\/\/sakaba.mghosteur.com\/en\/wp-json\/wp\/v2\/types\/product"}],"replies":[{"embeddable":true,"href":"https:\/\/sakaba.mghosteur.com\/en\/wp-json\/wp\/v2\/comments?post=27133"}],"version-history":[{"count":0,"href":"https:\/\/sakaba.mghosteur.com\/en\/wp-json\/wp\/v2\/product\/27133\/revisions"}],"wp:attachment":[{"href":"https:\/\/sakaba.mghosteur.com\/en\/wp-json\/wp\/v2\/media?parent=27133"}],"wp:term":[{"taxonomy":"product_brand","embeddable":true,"href":"https:\/\/sakaba.mghosteur.com\/en\/wp-json\/wp\/v2\/product_brand?post=27133"},{"taxonomy":"product_cat","embeddable":true,"href":"https:\/\/sakaba.mghosteur.com\/en\/wp-json\/wp\/v2\/product_cat?post=27133"},{"taxonomy":"product_tag","embeddable":true,"href":"https:\/\/sakaba.mghosteur.com\/en\/wp-json\/wp\/v2\/product_tag?post=27133"}],"curies":[{"name":"wp","href":"https:\/\/api.w.org\/{rel}","templated":true}]}}