{"id":27136,"date":"2022-11-29T09:37:12","date_gmt":"2022-11-29T09:37:12","guid":{"rendered":"http:\/\/www.sakababeauty.com\/?post_type=product&#038;p=27136"},"modified":"2023-05-04T11:52:17","modified_gmt":"2023-05-04T11:52:17","slug":"necessaire-the-deodorant-gel-eucalyptus","status":"publish","type":"product","link":"https:\/\/sakaba.mghosteur.com\/en\/product\/necessaire-the-deodorant-gel-eucalyptus\/","title":{"rendered":"NECESSAIRE THE DEODORANT GEL EUCALYPTUS"},"content":{"rendered":"<p>Le Gel D\u00e9odorant de NECESSAIRE est un produit de soin corporel clair \u00e0 s\u00e9chage rapide qui a \u00e9t\u00e9 sp\u00e9cialement con\u00e7u pour combattre les odeurs, traiter l&#8217;hyperpigmentation et minimiser les bosses. Avec une formule \u00e0 5 % d&#8217;AHA (acide alpha-hydroxyl\u00e9) et de niacinamide, ce d\u00e9odorant est hypoallerg\u00e9nique, test\u00e9 dermatologiquement et non com\u00e9dog\u00e8ne. Il est sans g\u00e2chis et non collant, et ne contient pas d&#8217;aluminium, de bicarbonate de soude, de parab\u00e8nes, de PEG ou de parfum synth\u00e9tique.<\/p>\n<p>Des \u00e9tudes cliniques ont montr\u00e9 que plus de 55 participants ont utilis\u00e9 The Deodorant Gel pendant 30 jours et ont constat\u00e9 que leur peau des aisselles \u00e9tait confortable, lisse et uniforme. Le gel d\u00e9odorant est adapt\u00e9 \u00e0 tous les types de peau, qu&#8217;elle soit \u00e9quilibr\u00e9e, s\u00e8che, huileuse, combin\u00e9e ou sensible. La formule contient \u00e9galement de la vitamine B3, de la vitamine B5 et de l&#8217;extrait de fleur de camomille pour aider \u00e0 d\u00e9sodoriser et \u00e0 corriger l&#8217;hyperpigmentation et la texture in\u00e9gale.<\/p>\n<p>Le Gel D\u00e9odorant de NECESSAIRE est biod\u00e9gradable, climatiquement neutre, plastique neutre et certifi\u00e9 FSC. Il est \u00e9galement sans cruaut\u00e9 et certifi\u00e9 v\u00e9g\u00e9talien. Le gel liquide a un pH de 3,5 &#8211; 4,5 et doit \u00eatre appliqu\u00e9 sous les bras. Cependant, il est recommand\u00e9 d&#8217;\u00e9viter tout contact avec les yeux et de ne pas l&#8217;utiliser sur une peau ab\u00eem\u00e9e ou sensible. Si une irritation se produit, il est recommand\u00e9 d&#8217;arr\u00eater l&#8217;utilisation du produit et de consulter un m\u00e9decin si l&#8217;\u00e9tat persiste. Enfin, il est recommand\u00e9 de couvrir les zones o\u00f9 les AHA ont \u00e9t\u00e9 appliqu\u00e9s avec un \u00e9cran solaire avant l&#8217;exposition au soleil.<\/p>","protected":false},"excerpt":{"rendered":"<p>Le Gel D\u00e9odorant de NECESSAIRE est un produit de soin corporel clair \u00e0 s\u00e9chage rapide qui a \u00e9t\u00e9 sp\u00e9cialement con\u00e7u pour combattre les odeurs, traiter l&#8217;hyperpigmentation et minimiser les bosses. Avec une formule \u00e0 5 % d&#8217;AHA (acide alpha-hydroxyl\u00e9) et de niacinamide, ce d\u00e9odorant est hypoallerg\u00e9nique, test\u00e9 dermatologiquement et non com\u00e9dog\u00e8ne. Il est sans g\u00e2chis<span class=\"read-more-faq\"><a href=\"https:\/\/sakaba.mghosteur.com\/en\/product\/necessaire-the-deodorant-gel-eucalyptus\/\">Read More<\/a><\/span><\/p>","protected":false},"featured_media":0,"comment_status":"closed","ping_status":"closed","template":"","meta":[],"product_brand":[],"product_cat":[375,283],"product_tag":[],"class_list":{"0":"post-27136","1":"product","2":"type-product","3":"status-publish","5":"product_cat-parfum-homme","6":"product_cat-aah-parfums","8":"first","9":"instock","10":"shipping-taxable","11":"product-type-simple"},"jetpack-related-posts":[{"id":32395,"url":"https:\/\/sakaba.mghosteur.com\/en\/product\/sol-de-janeiro-rio-deo\/","url_meta":{"origin":27136,"position":0},"title":"SOL DE JANEIRO RIO DEO","author":"admin","date":"May 14, 2024","format":false,"excerpt":"Au Br\u00e9sil, chaque centim\u00e8tre carr\u00e9 de peau est pr\u00e9cieux. Les aisselles ne font pas exception. Le d\u00e9odorant Rio Deo, d\u00e9pourvu d'aluminium et de bicarbonate de soude, combat les odeurs, vous assurant une fra\u00eecheur agr\u00e9able du matin au soir, \u00e0 la mani\u00e8re de Sol de Janeiro. Ce d\u00e9odorant ne se contente\u2026","rel":"","context":"Similar post","block_context":{"text":"Similar post","link":""},"img":{"alt_text":"","src":"","width":0,"height":0},"classes":[]},{"id":27549,"url":"https:\/\/sakaba.mghosteur.com\/en\/product\/gillette-clear-gel-stick\/","url_meta":{"origin":27136,"position":1},"title":"Gillette clear gel stick","author":"admin","date":"November 29, 2022","format":false,"excerpt":"","rel":"","context":"Similar post","block_context":{"text":"Similar post","link":""},"img":{"alt_text":"","src":"","width":0,"height":0},"classes":[]},{"id":26285,"url":"https:\/\/sakaba.mghosteur.com\/en\/product\/gluta-c-whitening-deodorant-24h\/","url_meta":{"origin":27136,"position":2},"title":"GLUTA-C WHITENING DEODORANT 24H","author":"admin","date":"November 24, 2022","format":false,"excerpt":"","rel":"","context":"Similar post","block_context":{"text":"Similar post","link":""},"img":{"alt_text":"","src":"","width":0,"height":0},"classes":[]},{"id":23934,"url":"https:\/\/sakaba.mghosteur.com\/en\/product\/cerave-acne-control-gel-2-salicylic-acid\/","url_meta":{"origin":27136,"position":3},"title":"CERAVE : ACNE CONTROL GEL 2% SALICYLIC ACID","author":"admin","date":"November 9, 2022","format":false,"excerpt":"Le gel anti-acn\u00e9 hydratant CeraVe Acne Control Gel est la solution compl\u00e8te pour traiter l'acn\u00e9 et pr\u00e9venir les \u00e9ruptions cutan\u00e9es futures. Avec sa formule l\u00e9g\u00e8re et non ass\u00e9chante, il est parfait pour une utilisation quotidienne et convient \u00e0 tous les types de peau, m\u00eame les plus sensibles. Enrichi en acides\u2026","rel":"","context":"Similar post","block_context":{"text":"Similar post","link":""},"img":{"alt_text":"","src":"","width":0,"height":0},"classes":[]},{"id":56123,"url":"https:\/\/sakaba.mghosteur.com\/en\/product\/advanced-clinicals-vitamin-c-brightening-gel-cream\/","url_meta":{"origin":27136,"position":4},"title":"Advanced Clinicals Vitamin C Brightening Gel Cream","author":"Sope DIA","date":"January 2, 2026","format":false,"excerpt":"Advanced Clinicals Vitamin C brightening gel-cream est un gel-cr\u00e8me l\u00e9ger et hydratant. C\u2019est une association synergique de vitamine C et de prune de Kakadu qui poss\u00e8de la teneur en vitamine C la plus \u00e9lev\u00e9e au monde parmi tous les fruits soit 100 fois plus qu\u2019une orange. Le gel-cr\u00e8me aide \u00e0\u2026","rel":"","context":"Similar post","block_context":{"text":"Similar post","link":""},"img":{"alt_text":"","src":"","width":0,"height":0},"classes":[]},{"id":32927,"url":"https:\/\/sakaba.mghosteur.com\/en\/product\/old-spice-ultra-defence-deodorant\/","url_meta":{"origin":27136,"position":5},"title":"OLD SPICE ULTRA DEFENCE DEODORANT","author":"admin","date":"May 16, 2024","format":false,"excerpt":"","rel":"","context":"Similar post","block_context":{"text":"Similar post","link":""},"img":{"alt_text":"","src":"","width":0,"height":0},"classes":[]}],"_links":{"self":[{"href":"https:\/\/sakaba.mghosteur.com\/en\/wp-json\/wp\/v2\/product\/27136","targetHints":{"allow":["GET"]}}],"collection":[{"href":"https:\/\/sakaba.mghosteur.com\/en\/wp-json\/wp\/v2\/product"}],"about":[{"href":"https:\/\/sakaba.mghosteur.com\/en\/wp-json\/wp\/v2\/types\/product"}],"replies":[{"embeddable":true,"href":"https:\/\/sakaba.mghosteur.com\/en\/wp-json\/wp\/v2\/comments?post=27136"}],"version-history":[{"count":0,"href":"https:\/\/sakaba.mghosteur.com\/en\/wp-json\/wp\/v2\/product\/27136\/revisions"}],"wp:attachment":[{"href":"https:\/\/sakaba.mghosteur.com\/en\/wp-json\/wp\/v2\/media?parent=27136"}],"wp:term":[{"taxonomy":"product_brand","embeddable":true,"href":"https:\/\/sakaba.mghosteur.com\/en\/wp-json\/wp\/v2\/product_brand?post=27136"},{"taxonomy":"product_cat","embeddable":true,"href":"https:\/\/sakaba.mghosteur.com\/en\/wp-json\/wp\/v2\/product_cat?post=27136"},{"taxonomy":"product_tag","embeddable":true,"href":"https:\/\/sakaba.mghosteur.com\/en\/wp-json\/wp\/v2\/product_tag?post=27136"}],"curies":[{"name":"wp","href":"https:\/\/api.w.org\/{rel}","templated":true}]}}