{"id":27139,"date":"2022-11-29T09:39:08","date_gmt":"2022-11-29T09:39:08","guid":{"rendered":"http:\/\/www.sakababeauty.com\/?post_type=product&#038;p=27139"},"modified":"2022-11-29T09:39:08","modified_gmt":"2022-11-29T09:39:08","slug":"krave-great-barrier-relief","status":"publish","type":"product","link":"https:\/\/sakaba.mghosteur.com\/en\/product\/krave-great-barrier-relief\/","title":{"rendered":"KRAVE GREAT BARRIER RELIEF"},"content":{"rendered":"","protected":false},"excerpt":{"rendered":"","protected":false},"featured_media":0,"comment_status":"closed","ping_status":"closed","template":"","meta":[],"product_brand":[],"product_cat":[377],"product_tag":[],"class_list":{"0":"post-27139","1":"product","2":"type-product","3":"status-publish","5":"product_cat-bath-body-works","7":"first","8":"instock","9":"shipping-taxable","10":"product-type-simple"},"jetpack-related-posts":[{"id":27118,"url":"https:\/\/sakaba.mghosteur.com\/en\/product\/kravebeauty-great-body-relief-smooth-body-lotion\/","url_meta":{"origin":27139,"position":0},"title":"KRAVEBEAUTY GREAT BODY RELIEF SMOOTH BODY LOTION","author":"admin","date":"November 28, 2022","format":false,"excerpt":"","rel":"","context":"Similar post","block_context":{"text":"Similar post","link":""},"img":{"alt_text":"","src":"","width":0,"height":0},"classes":[]},{"id":27673,"url":"https:\/\/sakaba.mghosteur.com\/en\/product\/krave-matcha-hemp-hydrating-cleanser\/","url_meta":{"origin":27139,"position":1},"title":"KRAVE MATCHA HEMP HYDRATING CLEANSER","author":"admin","date":"November 29, 2022","format":false,"excerpt":"","rel":"","context":"Similar post","block_context":{"text":"Similar post","link":""},"img":{"alt_text":"","src":"","width":0,"height":0},"classes":[]},{"id":27969,"url":"https:\/\/sakaba.mghosteur.com\/en\/product\/skinfix-barrier-triple-lipid-peptide-cream\/","url_meta":{"origin":27139,"position":2},"title":"SKINFIX + BARRIER TRIPLE LIPID PEPTIDE CREAM","author":"admin","date":"November 29, 2022","format":false,"excerpt":"","rel":"","context":"Similar post","block_context":{"text":"Similar post","link":""},"img":{"alt_text":"","src":"","width":0,"height":0},"classes":[]},{"id":33122,"url":"https:\/\/sakaba.mghosteur.com\/en\/product\/medix-5-5-20-vitamin-f-barrier-booster-serum-50ml-15\/","url_meta":{"origin":27139,"position":3},"title":"MEDIX 5.5 20% VITAMIN F BARRIER BOOSTER SERUM 50ML 15","author":"admin","date":"May 20, 2024","format":false,"excerpt":"Le s\u00e9rum Medix 5.5 20% Vitamin F Barrier Booster 50 ml est un s\u00e9rum qui contient de la vitamine F, un acide gras qui aide \u00e0 maintenir l'hydratation et l'int\u00e9grit\u00e9 de la barri\u00e8re cutan\u00e9e. Il est sans paraben, sans cruaut\u00e9 et convient \u00e0 tous les types de peau. Le s\u00e9rum\u2026","rel":"","context":"Similar post","block_context":{"text":"Similar post","link":""},"img":{"alt_text":"","src":"","width":0,"height":0},"classes":[]},{"id":26837,"url":"https:\/\/sakaba.mghosteur.com\/en\/product\/paula-choice-barrier-repair-moisturizer\/","url_meta":{"origin":27139,"position":4},"title":"PAULA CHOICE BARRIER REPAIR MOISTURIZER","author":"admin","date":"November 28, 2022","format":false,"excerpt":"D\u00e9couvrez l'hydratant r\u00e9parateur barri\u00e8re au r\u00e9tinol de la marque Paula's Choice, un produit anti-\u00e2ge r\u00e9g\u00e9n\u00e9rant pour la peau. Cette formule avanc\u00e9e cible tous les signes du vieillissement et aide \u00e0 am\u00e9liorer l'apparence des rides gr\u00e2ce \u00e0 sa concentration de r\u00e9tinol \u00e0 faible dose de 0,01%. Sa formule hydratante et cr\u00e9meuse\u2026","rel":"","context":"Similar post","block_context":{"text":"Similar post","link":""},"img":{"alt_text":"","src":"","width":0,"height":0},"classes":[]},{"id":31350,"url":"https:\/\/sakaba.mghosteur.com\/en\/product\/paula-choice-barrier-repair-advanced-moisturizer-50ml\/","url_meta":{"origin":27139,"position":5},"title":"PAULA CHOICE BARRIER REPAIR ADVANCED MOISTURIZER 50ml","author":"admin","date":"May 10, 2024","format":false,"excerpt":"Hydratant Avanc\u00e9 R\u00e9parateur de Barri\u00e8re D\u00e9couvrez cet hydratant r\u00e9parateur avanc\u00e9, con\u00e7u pour renforcer, lisser et am\u00e9liorer la barri\u00e8re d\u00e9licate de votre peau en seulement 30 minutes. Cliniquement prouv\u00e9 pour son efficacit\u00e9 dans l'am\u00e9lioration de la barri\u00e8re cutan\u00e9e, ce produit offre une hydratation continue tout au long de la journ\u00e9e, pr\u00e9venant\u2026","rel":"","context":"Similar post","block_context":{"text":"Similar post","link":""},"img":{"alt_text":"","src":"","width":0,"height":0},"classes":[]}],"_links":{"self":[{"href":"https:\/\/sakaba.mghosteur.com\/en\/wp-json\/wp\/v2\/product\/27139","targetHints":{"allow":["GET"]}}],"collection":[{"href":"https:\/\/sakaba.mghosteur.com\/en\/wp-json\/wp\/v2\/product"}],"about":[{"href":"https:\/\/sakaba.mghosteur.com\/en\/wp-json\/wp\/v2\/types\/product"}],"replies":[{"embeddable":true,"href":"https:\/\/sakaba.mghosteur.com\/en\/wp-json\/wp\/v2\/comments?post=27139"}],"version-history":[{"count":0,"href":"https:\/\/sakaba.mghosteur.com\/en\/wp-json\/wp\/v2\/product\/27139\/revisions"}],"wp:attachment":[{"href":"https:\/\/sakaba.mghosteur.com\/en\/wp-json\/wp\/v2\/media?parent=27139"}],"wp:term":[{"taxonomy":"product_brand","embeddable":true,"href":"https:\/\/sakaba.mghosteur.com\/en\/wp-json\/wp\/v2\/product_brand?post=27139"},{"taxonomy":"product_cat","embeddable":true,"href":"https:\/\/sakaba.mghosteur.com\/en\/wp-json\/wp\/v2\/product_cat?post=27139"},{"taxonomy":"product_tag","embeddable":true,"href":"https:\/\/sakaba.mghosteur.com\/en\/wp-json\/wp\/v2\/product_tag?post=27139"}],"curies":[{"name":"wp","href":"https:\/\/api.w.org\/{rel}","templated":true}]}}