{"id":27142,"date":"2022-11-29T09:40:24","date_gmt":"2022-11-29T09:40:24","guid":{"rendered":"http:\/\/www.sakababeauty.com\/?post_type=product&#038;p=27142"},"modified":"2024-08-08T14:51:29","modified_gmt":"2024-08-08T14:51:29","slug":"mele-even-dark-spot-control-serum","status":"publish","type":"product","link":"https:\/\/sakaba.mghosteur.com\/en\/product\/mele-even-dark-spot-control-serum\/","title":{"rendered":"MELE EVEN DARK SPOT CONTROL SERUM"},"content":{"rendered":"<p>Ce s\u00e9rum de soin sp\u00e9cialement formul\u00e9 r\u00e9duit l&#8217;apparence des taches brunes pour \u00e9liminer les impuret\u00e9s. Ce s\u00e9rum pour le visage cible et r\u00e9duit l&#8217;apparence des taches brunes pour r\u00e9v\u00e9ler une peau radieuse et plus uniforme. Mode d&#8217;emploi : Bien agiter avant chaque utilisation. Appliquer sur l&#8217;ensemble du visage le matin ou le soir apr\u00e8s le nettoyage ou un tonique.<\/p>","protected":false},"excerpt":{"rendered":"<p>Ce s\u00e9rum de soin sp\u00e9cialement formul\u00e9 r\u00e9duit l&#8217;apparence des taches brunes pour \u00e9liminer les impuret\u00e9s. Ce s\u00e9rum pour le visage cible et r\u00e9duit l&#8217;apparence des taches brunes pour r\u00e9v\u00e9ler une peau radieuse et plus uniforme. Mode d&#8217;emploi : Bien agiter avant chaque utilisation. Appliquer sur l&#8217;ensemble du visage le matin ou le soir apr\u00e8s le<span class=\"read-more-faq\"><a href=\"https:\/\/sakaba.mghosteur.com\/en\/product\/mele-even-dark-spot-control-serum\/\">Read More<\/a><\/span><\/p>","protected":false},"featured_media":0,"comment_status":"closed","ping_status":"closed","template":"","meta":[],"product_brand":[],"product_cat":[293,291,451,334],"product_tag":[],"class_list":{"0":"post-27142","1":"product","2":"type-product","3":"status-publish","5":"product_cat-anti-taches","6":"product_cat-eclaircissant","7":"product_cat-aab-soin-du-visage","8":"product_cat-traitement-serum","10":"first","11":"instock","12":"shipping-taxable","13":"product-type-simple"},"jetpack-related-posts":[{"id":26855,"url":"https:\/\/sakaba.mghosteur.com\/en\/product\/discoloration-repair-serum-with-tranexamic-acidba\/","url_meta":{"origin":27142,"position":0},"title":"DISCOLORATION REPAIR SERUM WITH TRANEXAMIC ACID+BA","author":"admin","date":"November 28, 2022","format":false,"excerpt":"Le S\u00e9rum R\u00e9parateur de D\u00e9coloration de la marque Paula's Choice est un produit de qualit\u00e9 pour votre routine de soin du visage. Avec son complexe tranexamique, bakuchiol et niacinamide, ce s\u00e9rum cible efficacement les taches brunes et grises tout en pr\u00e9venant la formation de nouvelles d\u00e9colorations. Il r\u00e9duit visiblement les\u2026","rel":"","context":"Similar post","block_context":{"text":"Similar post","link":""},"img":{"alt_text":"","src":"","width":0,"height":0},"classes":[]},{"id":27921,"url":"https:\/\/sakaba.mghosteur.com\/en\/product\/milk-marvel-dark-spot-serum\/","url_meta":{"origin":27142,"position":1},"title":"MILK MARVEL DARK SPOT SERUM","author":"admin","date":"November 29, 2022","format":false,"excerpt":"Un s\u00e9rum sans parfum, sp\u00e9cialement formul\u00e9 pour les peaux noires, qui r\u00e9duit rapidement les taches brunes visibles, l'hyperpigmentation et les marques post-acn\u00e9 tout en conf\u00e9rant un \u00e9clat d'apparence saine.","rel":"","context":"Similar post","block_context":{"text":"Similar post","link":""},"img":{"alt_text":"","src":"","width":0,"height":0},"classes":[]},{"id":24733,"url":"https:\/\/sakaba.mghosteur.com\/en\/product\/differin-dark-spot-correcting-serum\/","url_meta":{"origin":27142,"position":2},"title":"DIFFERIN DARK SPOT CORRECTING SERUM","author":"admin","date":"November 10, 2022","format":false,"excerpt":"Le s\u00e9rum correcteur de taches brunes Differin est un s\u00e9rum pour le visage qui aide \u00e0 r\u00e9duire l'apparence des marques post-acn\u00e9, de l'hyperpigmentation, des taches, des taches de vieillesse et m\u00eame des taches de rousseur. Il contient 4 % de niacinamide, un ingr\u00e9dient \u00e9claircissant cliniquement prouv\u00e9. Il contient \u00e9galement de\u2026","rel":"","context":"Similar post","block_context":{"text":"Similar post","link":""},"img":{"alt_text":"","src":"","width":0,"height":0},"classes":[]},{"id":31738,"url":"https:\/\/sakaba.mghosteur.com\/en\/product\/medix-5-5-10-glycolic-lactic-acid\/","url_meta":{"origin":27142,"position":3},"title":"MEDIX 5.5 10% GLYCOLIC + LACTIC ACID","author":"admin","date":"May 10, 2024","format":false,"excerpt":"Le s\u00e9rum \u00e0 l'acide glycolique Medix 5.5 r\u00e9duit visiblement l'apparence des pores obstru\u00e9s, de la texture de la peau rugueuse, du teint irr\u00e9gulier, des rougeurs et des taches brunes. Le peeling exfoliant de nuit pour le visage \u00e0 l'acide glycolique \u00e9limine efficacement les cellules mortes de la peau pour affiner,\u2026","rel":"","context":"Similar post","block_context":{"text":"Similar post","link":""},"img":{"alt_text":"","src":"","width":0,"height":0},"classes":[]},{"id":26364,"url":"https:\/\/sakaba.mghosteur.com\/en\/product\/naturium-multi-bright-tranexamic-acid-treatment-5\/","url_meta":{"origin":27142,"position":4},"title":"NATURIUM MULTI BRIGHT TRANEXAMIC ACID TREATMENT 5%","author":"admin","date":"November 25, 2022","format":false,"excerpt":"Le s\u00e9rum topique \u00e0 l'acide tranexamique est formul\u00e9 avec un niveau puissant d'acide tranexamique, ainsi que de l'acide kojique, de la niacinamide et de l'extrait de racine de r\u00e9glisse pour aider \u00e0 att\u00e9nuer l'apparence des taches brunes, pour une peau plus lumineuse. Il est cliniquement prouv\u00e9 que notre acide topique\u2026","rel":"","context":"Similar post","block_context":{"text":"Similar post","link":""},"img":{"alt_text":"","src":"","width":0,"height":0},"classes":[]},{"id":27817,"url":"https:\/\/sakaba.mghosteur.com\/en\/product\/facial-radiance-niacinamide-dark-spot-serum\/","url_meta":{"origin":27142,"position":5},"title":"FACIAL RADIANCE NIACINAMIDE DARK SPOT SERUM","author":"admin","date":"November 29, 2022","format":false,"excerpt":"Ce s\u00e9rum non irritant \u00e0 base de niacinamide aide \u00e0 r\u00e9duire l'apparence des taches brunes, des taches solaires, de l'hyperpigmentation, de la d\u00e9coloration et des marques post-acn\u00e9. Cette formule efficace aide \u00e0 uniformiser le teint gr\u00e2ce \u00e0 la niacinamide puissante, renforc\u00e9e par la racine de r\u00e9glisse et le kiwi dor\u00e9,\u2026","rel":"","context":"Similar post","block_context":{"text":"Similar post","link":""},"img":{"alt_text":"","src":"","width":0,"height":0},"classes":[]}],"_links":{"self":[{"href":"https:\/\/sakaba.mghosteur.com\/en\/wp-json\/wp\/v2\/product\/27142","targetHints":{"allow":["GET"]}}],"collection":[{"href":"https:\/\/sakaba.mghosteur.com\/en\/wp-json\/wp\/v2\/product"}],"about":[{"href":"https:\/\/sakaba.mghosteur.com\/en\/wp-json\/wp\/v2\/types\/product"}],"replies":[{"embeddable":true,"href":"https:\/\/sakaba.mghosteur.com\/en\/wp-json\/wp\/v2\/comments?post=27142"}],"version-history":[{"count":0,"href":"https:\/\/sakaba.mghosteur.com\/en\/wp-json\/wp\/v2\/product\/27142\/revisions"}],"wp:attachment":[{"href":"https:\/\/sakaba.mghosteur.com\/en\/wp-json\/wp\/v2\/media?parent=27142"}],"wp:term":[{"taxonomy":"product_brand","embeddable":true,"href":"https:\/\/sakaba.mghosteur.com\/en\/wp-json\/wp\/v2\/product_brand?post=27142"},{"taxonomy":"product_cat","embeddable":true,"href":"https:\/\/sakaba.mghosteur.com\/en\/wp-json\/wp\/v2\/product_cat?post=27142"},{"taxonomy":"product_tag","embeddable":true,"href":"https:\/\/sakaba.mghosteur.com\/en\/wp-json\/wp\/v2\/product_tag?post=27142"}],"curies":[{"name":"wp","href":"https:\/\/api.w.org\/{rel}","templated":true}]}}