{"id":27145,"date":"2022-11-29T09:41:36","date_gmt":"2022-11-29T09:41:36","guid":{"rendered":"http:\/\/www.sakababeauty.com\/?post_type=product&#038;p=27145"},"modified":"2022-11-29T09:41:36","modified_gmt":"2022-11-29T09:41:36","slug":"mele-no-shade-sunscreen-oil-spf-broad-spectrum","status":"publish","type":"product","link":"https:\/\/sakaba.mghosteur.com\/en\/product\/mele-no-shade-sunscreen-oil-spf-broad-spectrum\/","title":{"rendered":"MELE NO SHADE SUNSCREEN OIL SPF BROAD SPECTRUM"},"content":{"rendered":"","protected":false},"excerpt":{"rendered":"","protected":false},"featured_media":0,"comment_status":"closed","ping_status":"closed","template":"","meta":[],"product_brand":[],"product_cat":[377],"product_tag":[],"class_list":{"0":"post-27145","1":"product","2":"type-product","3":"status-publish","5":"product_cat-bath-body-works","7":"first","8":"instock","9":"shipping-taxable","10":"product-type-simple"},"jetpack-related-posts":[{"id":31942,"url":"https:\/\/sakaba.mghosteur.com\/en\/product\/cerave-skin-renewing-day-with-sunscreen-broad-spectrum-spf-30-2\/","url_meta":{"origin":27145,"position":0},"title":"CERAVE SKIN RENEWING DAY WITH SUNSCREEN BROAD SPECTRUM SPF  30","author":"admin","date":"May 13, 2024","format":false,"excerpt":"Cr\u00e8me de jour r\u00e9g\u00e9n\u00e9ratrice CeraVe est une cr\u00e8me hydratante non com\u00e9dog\u00e8ne encapsul\u00e9e dans du r\u00e9tinol qui combat les rides et les ridules sans provoquer d'irritation. Elle offre \u00e9galement une protection SPF. La protection UVA et UVB est \u00e9galement assur\u00e9e par le large spectre SPF 30.","rel":"","context":"Similar post","block_context":{"text":"Similar post","link":""},"img":{"alt_text":"","src":"","width":0,"height":0},"classes":[]},{"id":25319,"url":"https:\/\/sakaba.mghosteur.com\/en\/product\/supergoop-unseen-sunscreen-40-spf-broad-spectrum\/","url_meta":{"origin":27145,"position":1},"title":"SUPERGOOP UNSEEN SUNSCREEN 40 SPF BROAD SPECTRUM","author":"admin","date":"November 14, 2022","format":false,"excerpt":"Une base de maquillage quotidienne totalement invisible, l\u00e9g\u00e8re, sans parfum et avec FPS 40. Cette base de maquillage innovante et riche en antioxydants pr\u00e9pare la peau au maquillage tout en offrant un FPS 40 \u00e0 large spectre et une protection contre la lumi\u00e8re bleue, la lumi\u00e8re \u00e9mise par nos t\u00e9l\u00e9phones\u2026","rel":"","context":"Similar post","block_context":{"text":"Similar post","link":""},"img":{"alt_text":"","src":"","width":0,"height":0},"classes":[]},{"id":29100,"url":"https:\/\/sakaba.mghosteur.com\/en\/product\/cerave-skin-renewing-day-with-sunscreen-broad-spectrum-spf-30\/","url_meta":{"origin":27145,"position":2},"title":"CERAVE SKIN RENEWING DAY WITH SUNSCREEN BROAD SPECTRUM SPF 30","author":"admin","date":"March 14, 2023","format":false,"excerpt":"La Cr\u00e8me de Jour R\u00e9g\u00e9n\u00e9rante pour la Peau CeraVe est une cr\u00e8me hydratante anti-\u00e2ge contenant du r\u00e9tinol encapsul\u00e9 qui r\u00e9duit l'apparence des rides et des ridules sans causer d'irritation. Cette cr\u00e8me de jour SPF 30 \u00e0 large spectre offre une protection contre les rayons UVA et UVB, pr\u00e9venant ainsi les\u2026","rel":"","context":"Similar post","block_context":{"text":"Similar post","link":""},"img":{"alt_text":"","src":"","width":0,"height":0},"classes":[]},{"id":25358,"url":"https:\/\/sakaba.mghosteur.com\/en\/product\/pipette-mineral-sunscreen-broad-spectrum-spf-50\/","url_meta":{"origin":27145,"position":3},"title":"PIPETTE MINERAL SUNSCREEN BROAD SPECTRUM  SPF 50","author":"admin","date":"November 14, 2022","format":false,"excerpt":"Cr\u00e8me solaire pour b\u00e9b\u00e9 qui convient \u00e0 toute la famille, cette cr\u00e8me solaire min\u00e9rale FPS 50 \u00e0 m\u00e9langer prot\u00e8ge des rayons nocifs du soleil gr\u00e2ce \u00e0 de l'oxyde de zinc non nano 100 % min\u00e9ral. Cette cr\u00e8me solaire l\u00e9g\u00e8re et sans danger pour les b\u00e9b\u00e9s est fabriqu\u00e9e avec un squalane\u2026","rel":"","context":"Similar post","block_context":{"text":"Similar post","link":""},"img":{"alt_text":"","src":"","width":0,"height":0},"classes":[]},{"id":24596,"url":"https:\/\/sakaba.mghosteur.com\/en\/product\/uv-clear-broad-spectrum-spf-46\/","url_meta":{"origin":27145,"position":4},"title":"UV CLEAR BROAD SPECTRUM SPF 46","author":"admin","date":"November 10, 2022","format":false,"excerpt":"","rel":"","context":"Similar post","block_context":{"text":"Similar post","link":""},"img":{"alt_text":"","src":"","width":0,"height":0},"classes":[]},{"id":25339,"url":"https:\/\/sakaba.mghosteur.com\/en\/product\/glow-recipe-broad-spectrum-spf-50-lotion\/","url_meta":{"origin":27145,"position":5},"title":"GLOW RECIPE BROAD SPECTRUM SPF 50 LOTION","author":"admin","date":"November 14, 2022","format":false,"excerpt":"","rel":"","context":"Similar post","block_context":{"text":"Similar post","link":""},"img":{"alt_text":"","src":"","width":0,"height":0},"classes":[]}],"_links":{"self":[{"href":"https:\/\/sakaba.mghosteur.com\/en\/wp-json\/wp\/v2\/product\/27145","targetHints":{"allow":["GET"]}}],"collection":[{"href":"https:\/\/sakaba.mghosteur.com\/en\/wp-json\/wp\/v2\/product"}],"about":[{"href":"https:\/\/sakaba.mghosteur.com\/en\/wp-json\/wp\/v2\/types\/product"}],"replies":[{"embeddable":true,"href":"https:\/\/sakaba.mghosteur.com\/en\/wp-json\/wp\/v2\/comments?post=27145"}],"version-history":[{"count":0,"href":"https:\/\/sakaba.mghosteur.com\/en\/wp-json\/wp\/v2\/product\/27145\/revisions"}],"wp:attachment":[{"href":"https:\/\/sakaba.mghosteur.com\/en\/wp-json\/wp\/v2\/media?parent=27145"}],"wp:term":[{"taxonomy":"product_brand","embeddable":true,"href":"https:\/\/sakaba.mghosteur.com\/en\/wp-json\/wp\/v2\/product_brand?post=27145"},{"taxonomy":"product_cat","embeddable":true,"href":"https:\/\/sakaba.mghosteur.com\/en\/wp-json\/wp\/v2\/product_cat?post=27145"},{"taxonomy":"product_tag","embeddable":true,"href":"https:\/\/sakaba.mghosteur.com\/en\/wp-json\/wp\/v2\/product_tag?post=27145"}],"curies":[{"name":"wp","href":"https:\/\/api.w.org\/{rel}","templated":true}]}}