{"id":27154,"date":"2022-11-29T09:48:16","date_gmt":"2022-11-29T09:48:16","guid":{"rendered":"http:\/\/www.sakababeauty.com\/?post_type=product&#038;p=27154"},"modified":"2022-11-29T09:48:16","modified_gmt":"2022-11-29T09:48:16","slug":"lumene-finland-brightening-beauty-lotion","status":"publish","type":"product","link":"https:\/\/sakaba.mghosteur.com\/en\/product\/lumene-finland-brightening-beauty-lotion\/","title":{"rendered":"LUMENE FINLAND BRIGHTENING BEAUTY LOTION"},"content":{"rendered":"","protected":false},"excerpt":{"rendered":"","protected":false},"featured_media":0,"comment_status":"closed","ping_status":"closed","template":"","meta":[],"product_brand":[],"product_cat":[377],"product_tag":[],"class_list":{"0":"post-27154","1":"product","2":"type-product","3":"status-publish","5":"product_cat-bath-body-works","7":"first","8":"instock","9":"shipping-taxable","10":"product-type-simple"},"jetpack-related-posts":[{"id":31763,"url":"https:\/\/sakaba.mghosteur.com\/en\/product\/byoma-brightening-body-lotion-400ml\/","url_meta":{"origin":27154,"position":0},"title":"BYOMA BRIGHTENING BODY LOTION 400ML","author":"admin","date":"May 10, 2024","format":false,"excerpt":"Cette lotion corporelle l\u00e9g\u00e8re et soyeuse exfolie en douceur pour am\u00e9liorer l'apparence g\u00e9n\u00e9rale de la peau, sans perturber la fonction de barri\u00e8re cutan\u00e9e. La formule illuminatrice agit pour \u00e9claircir la peau, fournir une hydratation imm\u00e9diate tout en soutenant la fonction de barri\u00e8re cutan\u00e9e. Avec un complexe tri-c\u00e9ramide et un m\u00e9lange\u2026","rel":"","context":"Similar post","block_context":{"text":"Similar post","link":""},"img":{"alt_text":"","src":"","width":0,"height":0},"classes":[]},{"id":31523,"url":"https:\/\/sakaba.mghosteur.com\/en\/product\/vaseline-daily-brightening-even-tone-lotion-200ml\/","url_meta":{"origin":27154,"position":1},"title":"VASELINE DAILY BRIGHTENING EVEN TONE LOTION 200ML","author":"admin","date":"May 10, 2024","format":false,"excerpt":"VASELINE DAILY BRIGHTENING LOTION D\u00e9tails La lotion Vaseline Healthy Bright est reconnue comme l'une des meilleures lotions \u00e9claircissantes pour la peau, aidant \u00e0 soigner* la peau s\u00e8che et endommag\u00e9e tout en restaurant naturellement son \u00e9clat en seulement 2 semaines. Avantages Obtenez une peau radieuse en seulement 2 semaines. Une lotion\u2026","rel":"","context":"Similar post","block_context":{"text":"Similar post","link":""},"img":{"alt_text":"","src":"","width":0,"height":0},"classes":[]},{"id":26807,"url":"https:\/\/sakaba.mghosteur.com\/en\/product\/dalfour-ultrawhite-beauty-lotion\/","url_meta":{"origin":27154,"position":2},"title":"DALFOUR ULTRAWHITE BEAUTY LOTION","author":"admin","date":"November 28, 2022","format":false,"excerpt":"","rel":"","context":"Similar post","block_context":{"text":"Similar post","link":""},"img":{"alt_text":"","src":"","width":0,"height":0},"classes":[]},{"id":26625,"url":"https:\/\/sakaba.mghosteur.com\/en\/product\/premium-brightening-cream\/","url_meta":{"origin":27154,"position":3},"title":"PREMIUM BRIGHTENING CREAM","author":"admin","date":"November 28, 2022","format":false,"excerpt":"","rel":"","context":"Similar post","block_context":{"text":"Similar post","link":""},"img":{"alt_text":"","src":"","width":0,"height":0},"classes":[]},{"id":26642,"url":"https:\/\/sakaba.mghosteur.com\/en\/product\/hb-hydroquinone-brightening\/","url_meta":{"origin":27154,"position":4},"title":"HB HYDROQUINONE BRIGHTENING","author":"admin","date":"November 28, 2022","format":false,"excerpt":"","rel":"","context":"Similar post","block_context":{"text":"Similar post","link":""},"img":{"alt_text":"","src":"","width":0,"height":0},"classes":[]},{"id":26914,"url":"https:\/\/sakaba.mghosteur.com\/en\/product\/ultra-brightening-essentials\/","url_meta":{"origin":27154,"position":5},"title":"ULTRA-BRIGHTENING ESSENTIALS","author":"admin","date":"November 28, 2022","format":false,"excerpt":"","rel":"","context":"Similar post","block_context":{"text":"Similar post","link":""},"img":{"alt_text":"","src":"","width":0,"height":0},"classes":[]}],"_links":{"self":[{"href":"https:\/\/sakaba.mghosteur.com\/en\/wp-json\/wp\/v2\/product\/27154","targetHints":{"allow":["GET"]}}],"collection":[{"href":"https:\/\/sakaba.mghosteur.com\/en\/wp-json\/wp\/v2\/product"}],"about":[{"href":"https:\/\/sakaba.mghosteur.com\/en\/wp-json\/wp\/v2\/types\/product"}],"replies":[{"embeddable":true,"href":"https:\/\/sakaba.mghosteur.com\/en\/wp-json\/wp\/v2\/comments?post=27154"}],"version-history":[{"count":0,"href":"https:\/\/sakaba.mghosteur.com\/en\/wp-json\/wp\/v2\/product\/27154\/revisions"}],"wp:attachment":[{"href":"https:\/\/sakaba.mghosteur.com\/en\/wp-json\/wp\/v2\/media?parent=27154"}],"wp:term":[{"taxonomy":"product_brand","embeddable":true,"href":"https:\/\/sakaba.mghosteur.com\/en\/wp-json\/wp\/v2\/product_brand?post=27154"},{"taxonomy":"product_cat","embeddable":true,"href":"https:\/\/sakaba.mghosteur.com\/en\/wp-json\/wp\/v2\/product_cat?post=27154"},{"taxonomy":"product_tag","embeddable":true,"href":"https:\/\/sakaba.mghosteur.com\/en\/wp-json\/wp\/v2\/product_tag?post=27154"}],"curies":[{"name":"wp","href":"https:\/\/api.w.org\/{rel}","templated":true}]}}