{"id":27194,"date":"2022-11-29T10:26:09","date_gmt":"2022-11-29T10:26:09","guid":{"rendered":"http:\/\/www.sakababeauty.com\/?post_type=product&#038;p=27194"},"modified":"2024-09-01T03:09:59","modified_gmt":"2024-09-01T03:09:59","slug":"olay-total-effects-cleansing-whip-polishing-creme-cleanser","status":"publish","type":"product","link":"https:\/\/sakaba.mghosteur.com\/en\/product\/olay-total-effects-cleansing-whip-polishing-creme-cleanser\/","title":{"rendered":"Olay, Total Effects, Cleansing Whip, Polishing Creme Cleanser"},"content":{"rendered":"<p>Notre nettoyant visage Total Effects Whip \u00e9limine la salet\u00e9, le s\u00e9bum et les accumulations quotidiennes pour laisser votre peau l\u00e9g\u00e8re comme l&#8217;air. Notre formule unique, infus\u00e9e de vitamines et d&#8217;antioxydants, utilise des micropolisseurs et des hydratants pour nettoyer en profondeur sans endommager ni dess\u00e9cher la peau. D\u00e9sormais, votre peau est pr\u00e9par\u00e9e \u00e0 mieux absorber les vitamines et l&#8217;hydratation de votre cr\u00e8me hydratante, afin que vous puissiez affronter votre journ\u00e9e<\/p>","protected":false},"excerpt":{"rendered":"<p>Notre nettoyant visage Total Effects Whip \u00e9limine la salet\u00e9, le s\u00e9bum et les accumulations quotidiennes pour laisser votre peau l\u00e9g\u00e8re comme l&#8217;air. Notre formule unique, infus\u00e9e de vitamines et d&#8217;antioxydants, utilise des micropolisseurs et des hydratants pour nettoyer en profondeur sans endommager ni dess\u00e9cher la peau. D\u00e9sormais, votre peau est pr\u00e9par\u00e9e \u00e0 mieux absorber les<span class=\"read-more-faq\"><a href=\"https:\/\/sakaba.mghosteur.com\/en\/product\/olay-total-effects-cleansing-whip-polishing-creme-cleanser\/\">Read More<\/a><\/span><\/p>","protected":false},"featured_media":0,"comment_status":"closed","ping_status":"closed","template":"","meta":[],"product_brand":[],"product_cat":[324,451],"product_tag":[],"class_list":{"0":"post-27194","1":"product","2":"type-product","3":"status-publish","5":"product_cat-demaquillant-nettoyant","6":"product_cat-aab-soin-du-visage","8":"first","9":"instock","10":"shipping-taxable","11":"product-type-simple"},"jetpack-related-posts":[{"id":31868,"url":"https:\/\/sakaba.mghosteur.com\/en\/product\/olay-total-effects-cleansing-whip-polishing-creme-cleanser-2\/","url_meta":{"origin":27194,"position":0},"title":"Olay, Total Effects, Cleansing Whip, Polishing Creme Cleanser","author":"admin","date":"May 10, 2024","format":false,"excerpt":"Commencez et terminez la journ\u00e9e avec un visage propre (car nous ne pouvons rien contr\u00f4ler entre les deux). Le nettoyant visage Total Effects Whip \u00e9limine la salet\u00e9, le s\u00e9bum et les accumulations quotidiennes pour laisser votre peau l\u00e9g\u00e8re comme l'air. Notre formule unique, infus\u00e9e de vitamines et d'antioxydants, utilise des\u2026","rel":"","context":"Similar post","block_context":{"text":"Similar post","link":""},"img":{"alt_text":"","src":"","width":0,"height":0},"classes":[]},{"id":30471,"url":"https:\/\/sakaba.mghosteur.com\/en\/product\/facetheory-amil-c-whip-daily-defence\/","url_meta":{"origin":27194,"position":1},"title":"FACETHEORY Amil-C Whip Daily Defence","author":"admin","date":"May 11, 2023","format":false,"excerpt":"D\u00e9couvrez la cr\u00e8me hydratante en mousse fouett\u00e9e Amil-C Whip Daily Defense de la marque Facetheory, dot\u00e9e d'un filtre chimique UVA\/UVB Bemotrizinol pour prot\u00e9ger votre peau des dommages environnementaux. Cette cr\u00e8me contient 5 % de niacinamide et de vitamine C \u00e0 double action pour \u00e9quilibrer votre teint, r\u00e9duire les rougeurs et\u2026","rel":"","context":"Similar post","block_context":{"text":"Similar post","link":""},"img":{"alt_text":"","src":"","width":0,"height":0},"classes":[]},{"id":26722,"url":"https:\/\/sakaba.mghosteur.com\/en\/product\/olay-total-effects-whip-active-moisturizer-25-spf\/","url_meta":{"origin":27194,"position":2},"title":"OLAY Total Effects Whip Active Moisturizer 25 SPF","author":"admin","date":"November 28, 2022","format":false,"excerpt":"","rel":"","context":"Similar post","block_context":{"text":"Similar post","link":""},"img":{"alt_text":"","src":"","width":0,"height":0},"classes":[]},{"id":31865,"url":"https:\/\/sakaba.mghosteur.com\/en\/product\/olay-vitamin-c-lait-de-corps\/","url_meta":{"origin":27194,"position":3},"title":"OLAY VITAMIN C LAIT DE CORPS","author":"admin","date":"May 10, 2024","format":false,"excerpt":"Qui ne voudrait pas d\u2019un teint plus \u00e9clatant ? Illuminez votre peau terne avec la lotion revitalisante et hydratante pour les mains et le corps d\u2019Olay. Cette lotion hydratante a une formule riche en nutriments \u00e9labor\u00e9e avec de la vitamine C et notre complexe de vitamine B3 et a \u00e9t\u00e9\u2026","rel":"","context":"Similar post","block_context":{"text":"Similar post","link":""},"img":{"alt_text":"","src":"","width":0,"height":0},"classes":[]},{"id":26951,"url":"https:\/\/sakaba.mghosteur.com\/en\/product\/facetheory-vitamin-c-cream-cleanser\/","url_meta":{"origin":27194,"position":4},"title":"FACETHEORY Vitamin C Cream Cleanser C1","author":"admin","date":"November 28, 2022","format":false,"excerpt":"D\u00e9couvrez la Cr\u00e8me Nettoyante \u00e0 la Vitamine C C1 de FACETHEORY, une formule douce mais efficace pour \u00e9liminer les impuret\u00e9s et les d\u00e9bris qui obstruent les pores de votre peau. La vitamine C stabilis\u00e9e neutralise les radicaux libres et prot\u00e8ge votre peau contre les dommages environnementaux futurs, tandis que la\u2026","rel":"","context":"Similar post","block_context":{"text":"Similar post","link":""},"img":{"alt_text":"","src":"","width":0,"height":0},"classes":[]},{"id":26607,"url":"https:\/\/sakaba.mghosteur.com\/en\/product\/fenty-skin-start-r-set\/","url_meta":{"origin":27194,"position":5},"title":"FENTY SKIN START&#8217;R SET","author":"admin","date":"November 28, 2022","format":false,"excerpt":"D\u00e9couvrez le coffret voyage FENTY SKIN START'R de FENTY, con\u00e7u pour une routine quotidienne de soins pour vos pores. Le coffret contient trois mini produits pour prendre soin de votre peau en voyage. Ce syst\u00e8me cliniquement prouv\u00e9 resserre les pores, illumine, hydrate, adoucit et am\u00e9liore votre peau \u00e0 chaque utilisation.\u2026","rel":"","context":"Similar post","block_context":{"text":"Similar post","link":""},"img":{"alt_text":"","src":"","width":0,"height":0},"classes":[]}],"_links":{"self":[{"href":"https:\/\/sakaba.mghosteur.com\/en\/wp-json\/wp\/v2\/product\/27194","targetHints":{"allow":["GET"]}}],"collection":[{"href":"https:\/\/sakaba.mghosteur.com\/en\/wp-json\/wp\/v2\/product"}],"about":[{"href":"https:\/\/sakaba.mghosteur.com\/en\/wp-json\/wp\/v2\/types\/product"}],"replies":[{"embeddable":true,"href":"https:\/\/sakaba.mghosteur.com\/en\/wp-json\/wp\/v2\/comments?post=27194"}],"version-history":[{"count":0,"href":"https:\/\/sakaba.mghosteur.com\/en\/wp-json\/wp\/v2\/product\/27194\/revisions"}],"wp:attachment":[{"href":"https:\/\/sakaba.mghosteur.com\/en\/wp-json\/wp\/v2\/media?parent=27194"}],"wp:term":[{"taxonomy":"product_brand","embeddable":true,"href":"https:\/\/sakaba.mghosteur.com\/en\/wp-json\/wp\/v2\/product_brand?post=27194"},{"taxonomy":"product_cat","embeddable":true,"href":"https:\/\/sakaba.mghosteur.com\/en\/wp-json\/wp\/v2\/product_cat?post=27194"},{"taxonomy":"product_tag","embeddable":true,"href":"https:\/\/sakaba.mghosteur.com\/en\/wp-json\/wp\/v2\/product_tag?post=27194"}],"curies":[{"name":"wp","href":"https:\/\/api.w.org\/{rel}","templated":true}]}}