{"id":27196,"date":"2022-11-29T10:26:24","date_gmt":"2022-11-29T10:26:24","guid":{"rendered":"http:\/\/www.sakababeauty.com\/?post_type=product&#038;p=27196"},"modified":"2022-11-29T10:26:24","modified_gmt":"2022-11-29T10:26:24","slug":"lip-sleeping-mask-gummy-bear","status":"publish","type":"product","link":"https:\/\/sakaba.mghosteur.com\/en\/product\/lip-sleeping-mask-gummy-bear\/","title":{"rendered":"LIP SLEEPING MASK GUMMY BEAR"},"content":{"rendered":"","protected":false},"excerpt":{"rendered":"","protected":false},"featured_media":0,"comment_status":"closed","ping_status":"closed","template":"","meta":[],"product_brand":[],"product_cat":[305],"product_tag":[],"class_list":{"0":"post-27196","1":"product","2":"type-product","3":"status-publish","5":"product_cat-levres","7":"first","8":"instock","9":"shipping-taxable","10":"product-type-simple"},"jetpack-related-posts":[{"id":31495,"url":"https:\/\/sakaba.mghosteur.com\/en\/product\/laneige-lip-sleeping-mask-gummy-bear\/","url_meta":{"origin":27196,"position":0},"title":"LANEIGE LIP SLEEPING MASK GUMMY BEAR","author":"admin","date":"May 10, 2024","format":false,"excerpt":"D\u00e9couvrez le masque de nuit nourrissant pour les l\u00e8vres. Ce produit de Laneige vous promet des l\u00e8vres douces d\u00e8s le r\u00e9veil, aussi d\u00e9licates que la peau d'un b\u00e9b\u00e9. Il agit comme un baume nourrissant, assurant une hydratation maximale tout en \u00e9liminant les peaux mortes. Enrichi d'un m\u00e9lange de vitamine C\u2026","rel":"","context":"Similar post","block_context":{"text":"Similar post","link":""},"img":{"alt_text":"","src":"","width":0,"height":0},"classes":[]},{"id":27222,"url":"https:\/\/sakaba.mghosteur.com\/en\/product\/lip-glowy-balm-gummy-bear\/","url_meta":{"origin":27196,"position":1},"title":"LIP GLOWY BALM GUMMY BEAR","author":"admin","date":"November 29, 2022","format":false,"excerpt":"","rel":"","context":"Similar post","block_context":{"text":"Similar post","link":""},"img":{"alt_text":"","src":"","width":0,"height":0},"classes":[]},{"id":31469,"url":"https:\/\/sakaba.mghosteur.com\/en\/product\/laneige-lip-glowy-balm-baume-brillant-gummy-bear\/","url_meta":{"origin":27196,"position":2},"title":"LANEIGE LIP GLOWY BALM BAUME BRILLANT GUMMY BEAR","author":"admin","date":"May 10, 2024","format":false,"excerpt":"D\u00e9couvrez le baume \u00e0 l\u00e8vres teint\u00e9 et brillant, un indispensable de votre routine beaut\u00e9. Ce baume-gloss 2-en-1 de Laneige est con\u00e7u pour vous offrir un \u00e9clat subtil et naturel. Enrichi en beurres de karit\u00e9 et de murumuru, il nourrit vos l\u00e8vres tout en leur procurant un fini l\u00e9g\u00e8rement teint\u00e9 et\u2026","rel":"","context":"Similar post","block_context":{"text":"Similar post","link":""},"img":{"alt_text":"","src":"","width":0,"height":0},"classes":[]},{"id":27211,"url":"https:\/\/sakaba.mghosteur.com\/en\/product\/lip-sleeping-mask-mango\/","url_meta":{"origin":27196,"position":3},"title":"LIP SLEEPING MASK MANGO","author":"admin","date":"November 29, 2022","format":false,"excerpt":"","rel":"","context":"Similar post","block_context":{"text":"Similar post","link":""},"img":{"alt_text":"","src":"","width":0,"height":0},"classes":[]},{"id":27337,"url":"https:\/\/sakaba.mghosteur.com\/en\/product\/lip-sleeping-mask-vanilla\/","url_meta":{"origin":27196,"position":4},"title":"LIP SLEEPING MASK VANILLA","author":"admin","date":"November 29, 2022","format":false,"excerpt":"","rel":"","context":"Similar post","block_context":{"text":"Similar post","link":""},"img":{"alt_text":"","src":"","width":0,"height":0},"classes":[]},{"id":27255,"url":"https:\/\/sakaba.mghosteur.com\/en\/product\/lip-sleeping-mask-sweet-candy\/","url_meta":{"origin":27196,"position":5},"title":"LIP SLEEPING MASK SWEET CANDY","author":"admin","date":"November 29, 2022","format":false,"excerpt":"","rel":"","context":"Similar post","block_context":{"text":"Similar post","link":""},"img":{"alt_text":"","src":"","width":0,"height":0},"classes":[]}],"_links":{"self":[{"href":"https:\/\/sakaba.mghosteur.com\/en\/wp-json\/wp\/v2\/product\/27196","targetHints":{"allow":["GET"]}}],"collection":[{"href":"https:\/\/sakaba.mghosteur.com\/en\/wp-json\/wp\/v2\/product"}],"about":[{"href":"https:\/\/sakaba.mghosteur.com\/en\/wp-json\/wp\/v2\/types\/product"}],"replies":[{"embeddable":true,"href":"https:\/\/sakaba.mghosteur.com\/en\/wp-json\/wp\/v2\/comments?post=27196"}],"version-history":[{"count":0,"href":"https:\/\/sakaba.mghosteur.com\/en\/wp-json\/wp\/v2\/product\/27196\/revisions"}],"wp:attachment":[{"href":"https:\/\/sakaba.mghosteur.com\/en\/wp-json\/wp\/v2\/media?parent=27196"}],"wp:term":[{"taxonomy":"product_brand","embeddable":true,"href":"https:\/\/sakaba.mghosteur.com\/en\/wp-json\/wp\/v2\/product_brand?post=27196"},{"taxonomy":"product_cat","embeddable":true,"href":"https:\/\/sakaba.mghosteur.com\/en\/wp-json\/wp\/v2\/product_cat?post=27196"},{"taxonomy":"product_tag","embeddable":true,"href":"https:\/\/sakaba.mghosteur.com\/en\/wp-json\/wp\/v2\/product_tag?post=27196"}],"curies":[{"name":"wp","href":"https:\/\/api.w.org\/{rel}","templated":true}]}}