{"id":27202,"date":"2022-11-29T10:27:14","date_gmt":"2022-11-29T10:27:14","guid":{"rendered":"http:\/\/www.sakababeauty.com\/?post_type=product&#038;p=27202"},"modified":"2024-09-01T03:05:13","modified_gmt":"2024-09-01T03:05:13","slug":"olay-sensitive-facial-cleanser-with-hungarian-water-essence","status":"publish","type":"product","link":"https:\/\/sakaba.mghosteur.com\/en\/product\/olay-sensitive-facial-cleanser-with-hungarian-water-essence\/","title":{"rendered":"Olay Sensitive Facial Cleanser with Hungarian Water Essence"},"content":{"rendered":"<p>Ce nettoyant apaisant pour le visage \u00e9limine les toxines et hydrate la peau. Inspir\u00e9 de l&#8217;essence d&#8217;eau hongroise, ce nettoyant pour le visage pour peau sensible est infus\u00e9 d&#8217;essences d&#8217;alo\u00e8s et de concombre qui agissent avec la formule douce pour la peau d&#8217;Olay pour aider \u00e0 combattre la peau s\u00e8che \u00e0 la source. Alors profitez d&#8217;un nettoyage apaisant avec Olay Sensitive.<\/p>","protected":false},"excerpt":{"rendered":"<p>Ce nettoyant apaisant pour le visage \u00e9limine les toxines et hydrate la peau. Inspir\u00e9 de l&#8217;essence d&#8217;eau hongroise, ce nettoyant pour le visage pour peau sensible est infus\u00e9 d&#8217;essences d&#8217;alo\u00e8s et de concombre qui agissent avec la formule douce pour la peau d&#8217;Olay pour aider \u00e0 combattre la peau s\u00e8che \u00e0 la source. Alors profitez<span class=\"read-more-faq\"><a href=\"https:\/\/sakaba.mghosteur.com\/en\/product\/olay-sensitive-facial-cleanser-with-hungarian-water-essence\/\">Read More<\/a><\/span><\/p>","protected":false},"featured_media":0,"comment_status":"closed","ping_status":"closed","template":"","meta":[],"product_brand":[],"product_cat":[324,292,451],"product_tag":[],"class_list":{"0":"post-27202","1":"product","2":"type-product","3":"status-publish","5":"product_cat-demaquillant-nettoyant","6":"product_cat-peaux-sensibles","7":"product_cat-aab-soin-du-visage","9":"first","10":"instock","11":"shipping-taxable","12":"product-type-simple"},"jetpack-related-posts":[{"id":26901,"url":"https:\/\/sakaba.mghosteur.com\/en\/product\/advanced-snail-96-mucin-power-essence\/","url_meta":{"origin":27202,"position":0},"title":"COSRX ADVANCED SNAIL 96 MUCIN POWER ESSENCE","author":"admin","date":"November 28, 2022","format":false,"excerpt":"L'Advanced Snail 96 Mucin Power Essence de la marque COSRX est une essence l\u00e9g\u00e8re qui p\u00e9n\u00e8tre rapidement dans la peau pour donner \u00e0 votre peau un \u00e9clat naturel de l'int\u00e9rieur. Cette essence est cr\u00e9\u00e9e \u00e0 partir de mucine d'escargot filtr\u00e9e nutritive et \u00e0 faible stimulation pour garder votre peau hydrat\u00e9e\u2026","rel":"","context":"Similar post","block_context":{"text":"Similar post","link":""},"img":{"alt_text":"","src":"","width":0,"height":0},"classes":[]},{"id":27212,"url":"https:\/\/sakaba.mghosteur.com\/en\/product\/olay-regenerist-regenerating-cream-cleanser\/","url_meta":{"origin":27202,"position":1},"title":"Olay Regenerist Regenerating Cream Cleanser","author":"admin","date":"November 29, 2022","format":false,"excerpt":"Offrez \u00e0 votre peau un suppl\u00e9ment de pouvoir nettoyant et de fra\u00eecheur au toucher, matin et soir. D\u00e9couvrez la cr\u00e8me nettoyante r\u00e9g\u00e9n\u00e9rante pour le visage Olay Regenerist, une formule riche qui exfolie, r\u00e9g\u00e9n\u00e8re et lisse la texture de la peau. Ce nettoyant pour le visage nettoie en profondeur tout en\u2026","rel":"","context":"Similar post","block_context":{"text":"Similar post","link":""},"img":{"alt_text":"","src":"","width":0,"height":0},"classes":[]},{"id":27205,"url":"https:\/\/sakaba.mghosteur.com\/en\/product\/olay-toner-with-witch-hazel\/","url_meta":{"origin":27202,"position":2},"title":"Olay Toner with Witch Hazel","author":"admin","date":"November 29, 2022","format":false,"excerpt":"\u00c9liminez les impuret\u00e9s pour rafra\u00eechir la peau avec le tonique nettoyant minimisant l'huile d'Olay. Id\u00e9al pour les peaux grasses \u00e0 mixtes, ce tonique aide \u00e0 \u00e9liminer l'exc\u00e8s de s\u00e9bum en l'\u00e9liminant, ainsi que la salet\u00e9 et le maquillage, sans priver votre peau de son hydratation essentielle. Le tonique pour le\u2026","rel":"","context":"Similar post","block_context":{"text":"Similar post","link":""},"img":{"alt_text":"","src":"","width":0,"height":0},"classes":[]},{"id":31868,"url":"https:\/\/sakaba.mghosteur.com\/en\/product\/olay-total-effects-cleansing-whip-polishing-creme-cleanser-2\/","url_meta":{"origin":27202,"position":3},"title":"Olay, Total Effects, Cleansing Whip, Polishing Creme Cleanser","author":"admin","date":"May 10, 2024","format":false,"excerpt":"Commencez et terminez la journ\u00e9e avec un visage propre (car nous ne pouvons rien contr\u00f4ler entre les deux). Le nettoyant visage Total Effects Whip \u00e9limine la salet\u00e9, le s\u00e9bum et les accumulations quotidiennes pour laisser votre peau l\u00e9g\u00e8re comme l'air. Notre formule unique, infus\u00e9e de vitamines et d'antioxydants, utilise des\u2026","rel":"","context":"Similar post","block_context":{"text":"Similar post","link":""},"img":{"alt_text":"","src":"","width":0,"height":0},"classes":[]},{"id":31811,"url":"https:\/\/sakaba.mghosteur.com\/en\/product\/olay-regenerist-collagen-peptide-24-cream-cleanser\/","url_meta":{"origin":27202,"position":4},"title":"Olay Regenerist Collagen Peptide 24 Cream Cleanser","author":"admin","date":"May 10, 2024","format":false,"excerpt":"Ce nettoyant cr\u00e9meux exfolie votre peau en douceur sans la dess\u00e9cher ni la tirailler. En un seul nettoyage, il \u00e9limine la salet\u00e9, le s\u00e9bum, le maquillage et les impuret\u00e9s pour la pr\u00e9parer \u00e0 absorber les ingr\u00e9dients de vos soins du visage et de vos hydratants. Le matin, le soir, apr\u00e8s\u2026","rel":"","context":"Similar post","block_context":{"text":"Similar post","link":""},"img":{"alt_text":"","src":"","width":0,"height":0},"classes":[]},{"id":27194,"url":"https:\/\/sakaba.mghosteur.com\/en\/product\/olay-total-effects-cleansing-whip-polishing-creme-cleanser\/","url_meta":{"origin":27202,"position":5},"title":"Olay, Total Effects, Cleansing Whip, Polishing Creme Cleanser","author":"admin","date":"November 29, 2022","format":false,"excerpt":"Notre nettoyant visage Total Effects Whip \u00e9limine la salet\u00e9, le s\u00e9bum et les accumulations quotidiennes pour laisser votre peau l\u00e9g\u00e8re comme l'air. Notre formule unique, infus\u00e9e de vitamines et d'antioxydants, utilise des micropolisseurs et des hydratants pour nettoyer en profondeur sans endommager ni dess\u00e9cher la peau. D\u00e9sormais, votre peau est\u2026","rel":"","context":"Similar post","block_context":{"text":"Similar post","link":""},"img":{"alt_text":"","src":"","width":0,"height":0},"classes":[]}],"_links":{"self":[{"href":"https:\/\/sakaba.mghosteur.com\/en\/wp-json\/wp\/v2\/product\/27202","targetHints":{"allow":["GET"]}}],"collection":[{"href":"https:\/\/sakaba.mghosteur.com\/en\/wp-json\/wp\/v2\/product"}],"about":[{"href":"https:\/\/sakaba.mghosteur.com\/en\/wp-json\/wp\/v2\/types\/product"}],"replies":[{"embeddable":true,"href":"https:\/\/sakaba.mghosteur.com\/en\/wp-json\/wp\/v2\/comments?post=27202"}],"version-history":[{"count":0,"href":"https:\/\/sakaba.mghosteur.com\/en\/wp-json\/wp\/v2\/product\/27202\/revisions"}],"wp:attachment":[{"href":"https:\/\/sakaba.mghosteur.com\/en\/wp-json\/wp\/v2\/media?parent=27202"}],"wp:term":[{"taxonomy":"product_brand","embeddable":true,"href":"https:\/\/sakaba.mghosteur.com\/en\/wp-json\/wp\/v2\/product_brand?post=27202"},{"taxonomy":"product_cat","embeddable":true,"href":"https:\/\/sakaba.mghosteur.com\/en\/wp-json\/wp\/v2\/product_cat?post=27202"},{"taxonomy":"product_tag","embeddable":true,"href":"https:\/\/sakaba.mghosteur.com\/en\/wp-json\/wp\/v2\/product_tag?post=27202"}],"curies":[{"name":"wp","href":"https:\/\/api.w.org\/{rel}","templated":true}]}}