{"id":27205,"date":"2022-11-29T10:28:43","date_gmt":"2022-11-29T10:28:43","guid":{"rendered":"http:\/\/www.sakababeauty.com\/?post_type=product&#038;p=27205"},"modified":"2024-09-01T03:06:19","modified_gmt":"2024-09-01T03:06:19","slug":"olay-toner-with-witch-hazel","status":"publish","type":"product","link":"https:\/\/sakaba.mghosteur.com\/en\/product\/olay-toner-with-witch-hazel\/","title":{"rendered":"Olay Toner with Witch Hazel"},"content":{"rendered":"<p>\u00c9liminez les impuret\u00e9s pour rafra\u00eechir la peau avec le tonique nettoyant minimisant l&#8217;huile d&#8217;Olay. Id\u00e9al pour les peaux grasses \u00e0 mixtes, ce tonique aide \u00e0 \u00e9liminer l&#8217;exc\u00e8s de s\u00e9bum en l&#8217;\u00e9liminant, ainsi que la salet\u00e9 et le maquillage, sans priver votre peau de son hydratation essentielle. Le tonique pour le visage est formul\u00e9 avec de l&#8217;hamam\u00e9lis, un astringent naturel connu pour ses propri\u00e9t\u00e9s anti-inflammatoires et r\u00e9ductrices de s\u00e9bum.<\/p>","protected":false},"excerpt":{"rendered":"<p>\u00c9liminez les impuret\u00e9s pour rafra\u00eechir la peau avec le tonique nettoyant minimisant l&#8217;huile d&#8217;Olay. Id\u00e9al pour les peaux grasses \u00e0 mixtes, ce tonique aide \u00e0 \u00e9liminer l&#8217;exc\u00e8s de s\u00e9bum en l&#8217;\u00e9liminant, ainsi que la salet\u00e9 et le maquillage, sans priver votre peau de son hydratation essentielle. Le tonique pour le visage est formul\u00e9 avec de<span class=\"read-more-faq\"><a href=\"https:\/\/sakaba.mghosteur.com\/en\/product\/olay-toner-with-witch-hazel\/\">Read More<\/a><\/span><\/p>","protected":false},"featured_media":0,"comment_status":"closed","ping_status":"closed","template":"","meta":[],"product_brand":[],"product_cat":[324,451],"product_tag":[],"class_list":{"0":"post-27205","1":"product","2":"type-product","3":"status-publish","5":"product_cat-demaquillant-nettoyant","6":"product_cat-aab-soin-du-visage","8":"first","9":"instock","10":"shipping-taxable","11":"product-type-simple"},"jetpack-related-posts":[{"id":31377,"url":"https:\/\/sakaba.mghosteur.com\/en\/product\/beauty-of-joseon-green-plum-refreshing-toner-aha-bha\/","url_meta":{"origin":27205,"position":0},"title":"BEAUTY OF JOSEON GREEN PLUM REFRESHING TONER AHA + BHA","author":"admin","date":"May 10, 2024","format":false,"excerpt":"Toner Rafra\u00eechissant \u00e0 la Prune Verte : AHA + BHA Ce qu'il est : Le rythme naturel de la peau implique un cycle de r\u00e9g\u00e9n\u00e9ration cellulaire et d'exfoliation sur 28 jours. Si ce processus est entrav\u00e9 par des cellules mortes obstruant les pores, cela peut conduire \u00e0 une inflammation et\u2026","rel":"","context":"Similar post","block_context":{"text":"Similar post","link":""},"img":{"alt_text":"","src":"","width":0,"height":0},"classes":[]},{"id":33358,"url":"https:\/\/sakaba.mghosteur.com\/en\/product\/biore-blu-agave-cleansinz-micellar-water\/","url_meta":{"origin":27205,"position":1},"title":"BIORE BLU AGAVE CLEANSINZ MICELLAR WATER","author":"admin","date":"May 21, 2024","format":false,"excerpt":"L'eau micellaire \u00e0 l'agave bleu de Biore est un d\u00e9maquillant et nettoyant con\u00e7u pour les peaux mixtes. Il \u00e9limine la salet\u00e9 et le s\u00e9bum des pores et \u00e9quilibre en douceur sans dess\u00e9cher la peau. Il est sans huile et peut \u00e9galement \u00eatre utilis\u00e9 comme tonique.","rel":"","context":"Similar post","block_context":{"text":"Similar post","link":""},"img":{"alt_text":"","src":"","width":0,"height":0},"classes":[]},{"id":24725,"url":"https:\/\/sakaba.mghosteur.com\/en\/product\/differin-pore-minimizing-toner\/","url_meta":{"origin":27205,"position":2},"title":"DIFFERIN PORE MINIMIZING TONER","author":"admin","date":"November 10, 2022","format":false,"excerpt":"Ce tonique sans alcool maintient l'hydratation de la peau et la pr\u00e9pare parfaitement \u00e0 l'application du gel Differin\u00ae. R\u00e9duit l'exc\u00e8s de s\u00e9bum en surface sans irritation \u00c9limine les impuret\u00e9s qui obstruent les pores tout en minimisant leur apparence Apaise et revitalise la peau sans la priver de son hydratation naturelle\u2026","rel":"","context":"Similar post","block_context":{"text":"Similar post","link":""},"img":{"alt_text":"","src":"","width":0,"height":0},"classes":[]},{"id":26816,"url":"https:\/\/sakaba.mghosteur.com\/en\/product\/skin-lightening-cleanser-toner\/","url_meta":{"origin":27205,"position":3},"title":"SKIN LIGHTENING CLEANSER +TONER","author":"admin","date":"November 28, 2022","format":false,"excerpt":"D\u00e9couvrez le Kojie San Combined Cleanser and Toner, un nettoyant et tonique \u00e0 double action qui aide \u00e0 garder votre peau fra\u00eeche en \u00e9liminant le s\u00e9bum. La bouteille contient 100 ml (3,38 onces liquides) et les ingr\u00e9dients actifs nettoient en douceur la peau, resserrent les pores et exfolient la couche\u2026","rel":"","context":"Similar post","block_context":{"text":"Similar post","link":""},"img":{"alt_text":"","src":"","width":0,"height":0},"classes":[]},{"id":29675,"url":"https:\/\/sakaba.mghosteur.com\/en\/product\/palmers-complexion-toner\/","url_meta":{"origin":27205,"position":4},"title":"PALMERS COMPLEXION TONER","author":"admin","date":"April 13, 2023","format":false,"excerpt":"Ce tonique de teint Palmer's est parfait pour ceux qui cherchent \u00e0 \u00e9liminer les impuret\u00e9s et \u00e0 illuminer leur teint. Gr\u00e2ce \u00e0 sa formule sans sulfates, parab\u00e8nes, phtalates et non test\u00e9e sur les animaux, vous pouvez profiter de ses bienfaits en toute confiance. Les exfoliants naturels contenus dans ce tonique\u2026","rel":"","context":"Similar post","block_context":{"text":"Similar post","link":""},"img":{"alt_text":"","src":"","width":0,"height":0},"classes":[]},{"id":31575,"url":"https:\/\/sakaba.mghosteur.com\/en\/product\/cosrx-aha-bha-clarifying-treatment-toner-280ml\/","url_meta":{"origin":27205,"position":5},"title":"COSRX AHA BHA CLARIFYING TREATMENT TONER 280ML","author":"admin","date":"May 10, 2024","format":false,"excerpt":"D\u00e9couvrez le Toner Clarifiant AHA\/BHA B\u00e9n\u00e9ficiez des avantages des AHA et BHA pour une peau claire ! Gr\u00e2ce \u00e0 sa formulation unique alliant AHA, BHA et des extraits botaniques purifiants, ce tonique aide \u00e0 am\u00e9liorer la texture de votre peau, \u00e0 lui redonner de la vitalit\u00e9 et \u00e0 contr\u00f4ler l'apparence\u2026","rel":"","context":"Similar post","block_context":{"text":"Similar post","link":""},"img":{"alt_text":"","src":"","width":0,"height":0},"classes":[]}],"_links":{"self":[{"href":"https:\/\/sakaba.mghosteur.com\/en\/wp-json\/wp\/v2\/product\/27205","targetHints":{"allow":["GET"]}}],"collection":[{"href":"https:\/\/sakaba.mghosteur.com\/en\/wp-json\/wp\/v2\/product"}],"about":[{"href":"https:\/\/sakaba.mghosteur.com\/en\/wp-json\/wp\/v2\/types\/product"}],"replies":[{"embeddable":true,"href":"https:\/\/sakaba.mghosteur.com\/en\/wp-json\/wp\/v2\/comments?post=27205"}],"version-history":[{"count":0,"href":"https:\/\/sakaba.mghosteur.com\/en\/wp-json\/wp\/v2\/product\/27205\/revisions"}],"wp:attachment":[{"href":"https:\/\/sakaba.mghosteur.com\/en\/wp-json\/wp\/v2\/media?parent=27205"}],"wp:term":[{"taxonomy":"product_brand","embeddable":true,"href":"https:\/\/sakaba.mghosteur.com\/en\/wp-json\/wp\/v2\/product_brand?post=27205"},{"taxonomy":"product_cat","embeddable":true,"href":"https:\/\/sakaba.mghosteur.com\/en\/wp-json\/wp\/v2\/product_cat?post=27205"},{"taxonomy":"product_tag","embeddable":true,"href":"https:\/\/sakaba.mghosteur.com\/en\/wp-json\/wp\/v2\/product_tag?post=27205"}],"curies":[{"name":"wp","href":"https:\/\/api.w.org\/{rel}","templated":true}]}}