{"id":27217,"date":"2022-11-29T10:31:49","date_gmt":"2022-11-29T10:31:49","guid":{"rendered":"http:\/\/www.sakababeauty.com\/?post_type=product&#038;p=27217"},"modified":"2023-04-28T15:38:04","modified_gmt":"2023-04-28T15:38:04","slug":"lip-glowy-balm-baume-brillant-pour-les-levres","status":"publish","type":"product","link":"https:\/\/sakaba.mghosteur.com\/en\/product\/lip-glowy-balm-baume-brillant-pour-les-levres\/","title":{"rendered":"LIP GLOWY BALM BAUME BRILLANT POUR LES LEVRES"},"content":{"rendered":"","protected":false},"excerpt":{"rendered":"","protected":false},"featured_media":0,"comment_status":"closed","ping_status":"closed","template":"","meta":[],"product_brand":[],"product_cat":[305],"product_tag":[],"class_list":{"0":"post-27217","1":"product","2":"type-product","3":"status-publish","5":"product_cat-levres","7":"first","8":"instock","9":"shipping-taxable","10":"product-type-simple"},"jetpack-related-posts":[{"id":31469,"url":"https:\/\/sakaba.mghosteur.com\/en\/product\/laneige-lip-glowy-balm-baume-brillant-gummy-bear\/","url_meta":{"origin":27217,"position":0},"title":"LANEIGE LIP GLOWY BALM BAUME BRILLANT GUMMY BEAR","author":"admin","date":"May 10, 2024","format":false,"excerpt":"D\u00e9couvrez le baume \u00e0 l\u00e8vres teint\u00e9 et brillant, un indispensable de votre routine beaut\u00e9. Ce baume-gloss 2-en-1 de Laneige est con\u00e7u pour vous offrir un \u00e9clat subtil et naturel. Enrichi en beurres de karit\u00e9 et de murumuru, il nourrit vos l\u00e8vres tout en leur procurant un fini l\u00e9g\u00e8rement teint\u00e9 et\u2026","rel":"","context":"Similar post","block_context":{"text":"Similar post","link":""},"img":{"alt_text":"","src":"","width":0,"height":0},"classes":[]},{"id":31456,"url":"https:\/\/sakaba.mghosteur.com\/en\/product\/laneige-baume-brillant-pour-les-levres-berry\/","url_meta":{"origin":27217,"position":1},"title":"LANEIGE BAUME BRILLANT POUR LES LEVRES BERRY","author":"admin","date":"May 10, 2024","format":false,"excerpt":"D\u00e9couvrez le partenaire id\u00e9al du Lip Sleeping Mask pour des l\u00e8vres prot\u00e9g\u00e9es et hydrat\u00e9es toute la journ\u00e9e ! Le Lip Glowy Balm fusionne les bienfaits d'un baume et d'un gloss en un seul produit ! Hydratant et nourrissant, ce baume contient des beurres de karit\u00e9 qui facilitent son application, laissant\u2026","rel":"","context":"Similar post","block_context":{"text":"Similar post","link":""},"img":{"alt_text":"","src":"","width":0,"height":0},"classes":[]},{"id":27222,"url":"https:\/\/sakaba.mghosteur.com\/en\/product\/lip-glowy-balm-gummy-bear\/","url_meta":{"origin":27217,"position":2},"title":"LIP GLOWY BALM GUMMY BEAR","author":"admin","date":"November 29, 2022","format":false,"excerpt":"","rel":"","context":"Similar post","block_context":{"text":"Similar post","link":""},"img":{"alt_text":"","src":"","width":0,"height":0},"classes":[]},{"id":23714,"url":"https:\/\/sakaba.mghosteur.com\/en\/product\/kush-lip-balm-baume\/","url_meta":{"origin":27217,"position":3},"title":"KUSH LIP BALM BAUME","author":"admin","date":"November 4, 2022","format":false,"excerpt":"","rel":"","context":"Similar post","block_context":{"text":"Similar post","link":""},"img":{"alt_text":"","src":"","width":0,"height":0},"classes":[]},{"id":32637,"url":"https:\/\/sakaba.mghosteur.com\/en\/product\/carmex-classique-lip-balm-medicated-10g-tube\/","url_meta":{"origin":27217,"position":4},"title":"Carmex Classique lip balm medicated 10G TUBE","author":"admin","date":"May 15, 2024","format":false,"excerpt":"Baume \u00e0 l\u00e8vres m\u00e9dicamenteux Carmet Classic est un baume protecteur pour apaiser et prot\u00e9ger les l\u00e8vres s\u00e8ches et gerc\u00e9es. Il contient du beurre de cacao, du camphre et du menthol et procure une sensation de fra\u00eecheur. Il peut \u00eatre utilis\u00e9 par tous les temps et est conditionn\u00e9 dans des tubes\u2026","rel":"","context":"Similar post","block_context":{"text":"Similar post","link":""},"img":{"alt_text":"","src":"","width":0,"height":0},"classes":[]},{"id":25404,"url":"https:\/\/sakaba.mghosteur.com\/en\/product\/eos-lip-balm-watermelon-frose\/","url_meta":{"origin":27217,"position":5},"title":"EOS LIP BALM WATERMELON FROS\u00c9","author":"admin","date":"November 14, 2022","format":false,"excerpt":"Le baume \u00e0 l\u00e8vres EOS Watermelon Fros\u00e9 est un baume \u00e0 l\u00e8vres 100 % naturel recommand\u00e9 par les dermatologues pour les peaux sensibles. Il est compos\u00e9 d'ingr\u00e9dients naturels et d'huiles essentielles qui nourrissent et hydratent les l\u00e8vres. Il a un doux parfum de past\u00e8que et combine les saveurs de la\u2026","rel":"","context":"Similar post","block_context":{"text":"Similar post","link":""},"img":{"alt_text":"","src":"","width":0,"height":0},"classes":[]}],"_links":{"self":[{"href":"https:\/\/sakaba.mghosteur.com\/en\/wp-json\/wp\/v2\/product\/27217","targetHints":{"allow":["GET"]}}],"collection":[{"href":"https:\/\/sakaba.mghosteur.com\/en\/wp-json\/wp\/v2\/product"}],"about":[{"href":"https:\/\/sakaba.mghosteur.com\/en\/wp-json\/wp\/v2\/types\/product"}],"replies":[{"embeddable":true,"href":"https:\/\/sakaba.mghosteur.com\/en\/wp-json\/wp\/v2\/comments?post=27217"}],"version-history":[{"count":0,"href":"https:\/\/sakaba.mghosteur.com\/en\/wp-json\/wp\/v2\/product\/27217\/revisions"}],"wp:attachment":[{"href":"https:\/\/sakaba.mghosteur.com\/en\/wp-json\/wp\/v2\/media?parent=27217"}],"wp:term":[{"taxonomy":"product_brand","embeddable":true,"href":"https:\/\/sakaba.mghosteur.com\/en\/wp-json\/wp\/v2\/product_brand?post=27217"},{"taxonomy":"product_cat","embeddable":true,"href":"https:\/\/sakaba.mghosteur.com\/en\/wp-json\/wp\/v2\/product_cat?post=27217"},{"taxonomy":"product_tag","embeddable":true,"href":"https:\/\/sakaba.mghosteur.com\/en\/wp-json\/wp\/v2\/product_tag?post=27217"}],"curies":[{"name":"wp","href":"https:\/\/api.w.org\/{rel}","templated":true}]}}