{"id":27226,"date":"2022-11-29T10:34:20","date_gmt":"2022-11-29T10:34:20","guid":{"rendered":"http:\/\/www.sakababeauty.com\/?post_type=product&#038;p=27226"},"modified":"2024-08-15T01:34:09","modified_gmt":"2024-08-15T01:34:09","slug":"the-ordinary-coffret-the-balance-set","status":"publish","type":"product","link":"https:\/\/sakaba.mghosteur.com\/en\/product\/the-ordinary-coffret-the-balance-set\/","title":{"rendered":"THE ORDINARY COFFRET THE BALANCE SET"},"content":{"rendered":"<p>L&#8217;ensemble d&#8217;\u00e9quilibre de The Ordinary est un coffret de produits de soin de la peau con\u00e7u pour clarifier et \u00e9quilibrer votre peau. Il comprend quatre produits cl\u00e9s qui travaillent en tandem pour am\u00e9liorer l&#8217;apparence et la texture de votre peau.<\/p>\n<p>Le nettoyant d\u00e9maquillant hydratant au squalane est un nettoyant doux et hydratant qui \u00e9limine efficacement le maquillage et les impuret\u00e9s sans dess\u00e9cher la peau. Utilisez-le matin et soir pour une peau propre et fra\u00eeche.<\/p>\n<p>Le s\u00e9rum Niacinamide 10% + Zinc 1% est un s\u00e9rum \u00e0 base d&#8217;eau qui stimule l&#8217;\u00e9clat de la peau tout en am\u00e9liorant la douceur et la texture de la peau. Il contient \u00e9galement du zinc pour renforcer la barri\u00e8re cutan\u00e9e et r\u00e9duire l&#8217;apparence des pores.<\/p>\n<p>Le masque \u00e0 l&#8217;acide salicylique \u00e0 2% est une formule infus\u00e9e de charbon de bois et d&#8217;argile qui cible les tons ternes et les irr\u00e9gularit\u00e9s de texture. Utilisez-le une \u00e0 deux fois par semaine pour une peau plus lisse et plus \u00e9clatante.<\/p>\n<p>Enfin, l&#8217;hydratant quotidien Natural Moisturizing Factors + HA travaille avec votre peau pour soutenir sa barri\u00e8re d&#8217;hydratation naturelle. Il contient de l&#8217;acide hyaluronique pour hydrater en profondeur et laisser votre peau douce et souple.<\/p>\n<p>Pour utiliser l&#8217;ensemble d&#8217;\u00e9quilibre, commencez par nettoyer votre peau avec le nettoyant d\u00e9maquillant hydratant au squalane. Appliquez ensuite le masque \u00e0 l&#8217;acide salicylique une \u00e0 deux fois par semaine pour exfolier en douceur et am\u00e9liorer la texture de votre peau. Appliquez ensuite le s\u00e9rum Niacinamide 10% + Zinc 1% pour stimuler l&#8217;\u00e9clat de votre peau et renforcer sa barri\u00e8re cutan\u00e9e. Enfin, utilisez l&#8217;hydratant quotidien Natural Moisturizing Factors + HA pour hydrater en profondeur et nourrir votre peau tout au long de la journ\u00e9e.<\/p>\n<p>Avec l&#8217;ensemble d&#8217;\u00e9quilibre de The Ordinary, vous pouvez \u00eatre s\u00fbr d&#8217;obtenir une peau plus claire, plus \u00e9quilibr\u00e9e et plus \u00e9clatante. Commandez d\u00e8s maintenant et d\u00e9couvrez par vous-m\u00eame les avantages de cette gamme de produits de soin de la peau de qualit\u00e9 sup\u00e9rieure.<\/p>","protected":false},"excerpt":{"rendered":"<p>L&#8217;ensemble d&#8217;\u00e9quilibre de The Ordinary est un coffret de produits de soin de la peau con\u00e7u pour clarifier et \u00e9quilibrer votre peau. Il comprend quatre produits cl\u00e9s qui travaillent en tandem pour am\u00e9liorer l&#8217;apparence et la texture de votre peau. Le nettoyant d\u00e9maquillant hydratant au squalane est un nettoyant doux et hydratant qui \u00e9limine efficacement<span class=\"read-more-faq\"><a href=\"https:\/\/sakaba.mghosteur.com\/en\/product\/the-ordinary-coffret-the-balance-set\/\">Read More<\/a><\/span><\/p>","protected":false},"featured_media":0,"comment_status":"closed","ping_status":"closed","template":"","meta":[],"product_brand":[],"product_cat":[293,1057,451,334],"product_tag":[],"class_list":{"0":"post-27226","1":"product","2":"type-product","3":"status-publish","5":"product_cat-anti-taches","6":"product_cat-coffret-soins-visage","7":"product_cat-aab-soin-du-visage","8":"product_cat-traitement-serum","10":"first","11":"instock","12":"shipping-taxable","13":"product-type-simple"},"jetpack-related-posts":[{"id":27484,"url":"https:\/\/sakaba.mghosteur.com\/en\/product\/the-ordinary-niacinamide-10-zinc-1\/","url_meta":{"origin":27226,"position":0},"title":"The Ordinary NIACINAMIDE 10% +ZINC 1%","author":"admin","date":"November 29, 2022","format":false,"excerpt":"Si vous cherchez un moyen efficace pour am\u00e9liorer l'\u00e9clat et la douceur de votre peau, alors le s\u00e9rum Niacinamide 10% + Zinc 1% de The Ordinary est le produit parfait pour vous. Cette formule \u00e0 base d'eau contient une concentration \u00e9lev\u00e9e de 10 % de niacinamide (vitamine b3) et de\u2026","rel":"","context":"Similar post","block_context":{"text":"Similar post","link":""},"img":{"alt_text":"","src":"","width":0,"height":0},"classes":[]},{"id":29139,"url":"https:\/\/sakaba.mghosteur.com\/en\/product\/the-inkey-list-coffret-winter-skin-101\/","url_meta":{"origin":27226,"position":1},"title":"THE INKEY LIST COFFRET WINTER SKIN 101","author":"admin","date":"March 15, 2023","format":false,"excerpt":"L'ensemble INKEY List Winter Skin 101 de la marque THE INKEY LIST est la solution parfaite pour les peaux s\u00e8ches et hivernales qui ont besoin d'\u00eatre chouchout\u00e9es. Ce kit complet en 4 \u00e9tapes vous offre des produits en taille r\u00e9elle pour une peau renouvel\u00e9e et hydrat\u00e9e. Le Baume nettoyant \u00e0\u2026","rel":"","context":"Similar post","block_context":{"text":"Similar post","link":""},"img":{"alt_text":"","src":"","width":0,"height":0},"classes":[]},{"id":28805,"url":"https:\/\/sakaba.mghosteur.com\/en\/product\/inkey-list-20-niacinamide-serum\/","url_meta":{"origin":27226,"position":2},"title":"The Inkey list 20% Niacinamide Serum","author":"admin","date":"December 10, 2022","format":false,"excerpt":"D\u00e9couvrez la solution id\u00e9ale pour r\u00e9guler l'exc\u00e8s de s\u00e9bum sur votre peau gr\u00e2ce au s\u00e9rum de la marque The Inkey List. Formul\u00e9 avec 20% de niacinamide, ce s\u00e9rum l\u00e9ger et non collant est votre alli\u00e9 pour am\u00e9liorer la texture de votre peau et r\u00e9duire l'apparence de vos pores dilat\u00e9s. Cr\u00e9\u00e9e\u2026","rel":"","context":"Similar post","block_context":{"text":"Similar post","link":""},"img":{"alt_text":"","src":"","width":0,"height":0},"classes":[]},{"id":31609,"url":"https:\/\/sakaba.mghosteur.com\/en\/product\/the-ordinary-aloe-2-nag-2-solution\/","url_meta":{"origin":27226,"position":3},"title":"The Ordinary ALOE 2% NAG 2% SOLUTION","author":"admin","date":"May 10, 2024","format":false,"excerpt":"Aloe 2% + NAG 2% Solution Une solution apaisante pour les marques post-acn\u00e9iques. Aloe 2% + NAG 2% Solution repr\u00e9sente un s\u00e9rum apaisant l\u00e9ger sp\u00e9cialement \u00e9labor\u00e9 pour les peaux sujettes aux imperfections. Cette formule agit efficacement pour r\u00e9duire l'apparence des marques post-acn\u00e9iques en ciblant les aspects in\u00e9gaux du teint et\u2026","rel":"","context":"Similar post","block_context":{"text":"Similar post","link":""},"img":{"alt_text":"","src":"","width":0,"height":0},"classes":[]},{"id":27477,"url":"https:\/\/sakaba.mghosteur.com\/en\/product\/the-ordinary-mandelic-acid-10-ha\/","url_meta":{"origin":27226,"position":4},"title":"The Ordinary MANDELIC ACID 10% +HA","author":"admin","date":"November 29, 2022","format":false,"excerpt":"Le s\u00e9rum Acide Mand\u00e9lique 10% + HA de la marque The Ordinary est un produit de soin de la peau tr\u00e8s efficace pour am\u00e9liorer la clart\u00e9 et l'\u00e9clat de votre teint. Ce s\u00e9rum contient un acide alpha-hydroxy de poids mol\u00e9culaire \u00e9lev\u00e9 qui aide \u00e0 \u00e9quilibrer le teint et \u00e0 corriger\u2026","rel":"","context":"Similar post","block_context":{"text":"Similar post","link":""},"img":{"alt_text":"","src":"","width":0,"height":0},"classes":[]},{"id":27450,"url":"https:\/\/sakaba.mghosteur.com\/en\/product\/the-ordinary-hyaluronic-acid-2-b5\/","url_meta":{"origin":27226,"position":5},"title":"The Ordinary Hyaluronic Acid 2% + B5","author":"admin","date":"November 29, 2022","format":false,"excerpt":"L'Acide Hyaluronique 2% + B5 de la marque The Ordinary est une formule hautement efficace pour hydrater la peau et cibler les signes de vieillissement. Cette formule innovante combine des mol\u00e9cules d'acide hyaluronique de poids mol\u00e9culaire faible, moyen et \u00e9lev\u00e9 avec un polym\u00e8re crois\u00e9 HA de nouvelle g\u00e9n\u00e9ration pour offrir\u2026","rel":"","context":"Similar post","block_context":{"text":"Similar post","link":""},"img":{"alt_text":"","src":"","width":0,"height":0},"classes":[]}],"_links":{"self":[{"href":"https:\/\/sakaba.mghosteur.com\/en\/wp-json\/wp\/v2\/product\/27226","targetHints":{"allow":["GET"]}}],"collection":[{"href":"https:\/\/sakaba.mghosteur.com\/en\/wp-json\/wp\/v2\/product"}],"about":[{"href":"https:\/\/sakaba.mghosteur.com\/en\/wp-json\/wp\/v2\/types\/product"}],"replies":[{"embeddable":true,"href":"https:\/\/sakaba.mghosteur.com\/en\/wp-json\/wp\/v2\/comments?post=27226"}],"version-history":[{"count":0,"href":"https:\/\/sakaba.mghosteur.com\/en\/wp-json\/wp\/v2\/product\/27226\/revisions"}],"wp:attachment":[{"href":"https:\/\/sakaba.mghosteur.com\/en\/wp-json\/wp\/v2\/media?parent=27226"}],"wp:term":[{"taxonomy":"product_brand","embeddable":true,"href":"https:\/\/sakaba.mghosteur.com\/en\/wp-json\/wp\/v2\/product_brand?post=27226"},{"taxonomy":"product_cat","embeddable":true,"href":"https:\/\/sakaba.mghosteur.com\/en\/wp-json\/wp\/v2\/product_cat?post=27226"},{"taxonomy":"product_tag","embeddable":true,"href":"https:\/\/sakaba.mghosteur.com\/en\/wp-json\/wp\/v2\/product_tag?post=27226"}],"curies":[{"name":"wp","href":"https:\/\/api.w.org\/{rel}","templated":true}]}}