{"id":27233,"date":"2022-11-29T10:37:17","date_gmt":"2022-11-29T10:37:17","guid":{"rendered":"http:\/\/www.sakababeauty.com\/?post_type=product&#038;p=27233"},"modified":"2024-08-08T18:33:33","modified_gmt":"2024-08-08T18:33:33","slug":"the-inkey-list-peptide-volumizing-hair-treatment","status":"publish","type":"product","link":"https:\/\/sakaba.mghosteur.com\/en\/product\/the-inkey-list-peptide-volumizing-hair-treatment\/","title":{"rendered":"THE INKEY LIST PEPTIDE VOLUMIZING HAIR TREATMENT"},"content":{"rendered":"<p>Le traitement capillaire volumateur aux peptides de la marque The Inkey List est la solution id\u00e9ale pour les personnes ayant des cheveux mous et fins qui cherchent \u00e0 leur donner une apparence plus volumineuse.<\/p>\n<p>Ce s\u00e9rum l\u00e9ger contient des peptides, qui sont des cha\u00eenes d&#8217;acides amin\u00e9s naturellement pr\u00e9sents dans les cheveux, pour renforcer les prot\u00e9ines des cheveux et augmenter leur \u00e9paisseur. Les peptides aident \u00e0 revitaliser les cheveux en leur apportant une nutrition suppl\u00e9mentaire, ce qui contribue \u00e0 leur donner une apparence plus dense et plus volumineuse.<\/p>\n<p>Que vous ayez des cheveux secs, gras ou ab\u00eem\u00e9s, ce traitement capillaire volumateur convient \u00e0 tous les types de cheveux. Il peut aider \u00e0 r\u00e9soudre les probl\u00e8mes de cheveux mous et fins caus\u00e9s par une vari\u00e9t\u00e9 de facteurs, notamment l&#8217;alimentation, l&#8217;accumulation de produits, les hormones, la g\u00e9n\u00e9tique ou le stress.<\/p>\n<p>Ce produit est facile \u00e0 utiliser. Il suffit de l&#8217;appliquer sur les cheveux apr\u00e8s le shampooing et le revitalisant, en massant doucement le cuir chevelu. Vous pouvez l&#8217;utiliser quotidiennement pour des r\u00e9sultats optimaux.<\/p>\n<p>Le traitement capillaire volumateur aux peptides de The Inkey List est un excellent ajout \u00e0 votre routine capillaire si vous cherchez \u00e0 donner \u00e0 vos cheveux une apparence plus volumineuse et plus dense. Commandez le v\u00f4tre d\u00e8s aujourd&#8217;hui pour des cheveux plus \u00e9pais et plus beaux.<\/p>\n<p>&nbsp;<\/p>","protected":false},"excerpt":{"rendered":"<p>Le traitement capillaire volumateur aux peptides de la marque The Inkey List est la solution id\u00e9ale pour les personnes ayant des cheveux mous et fins qui cherchent \u00e0 leur donner une apparence plus volumineuse. Ce s\u00e9rum l\u00e9ger contient des peptides, qui sont des cha\u00eenes d&#8217;acides amin\u00e9s naturellement pr\u00e9sents dans les cheveux, pour renforcer les prot\u00e9ines<span class=\"read-more-faq\"><a href=\"https:\/\/sakaba.mghosteur.com\/en\/product\/the-inkey-list-peptide-volumizing-hair-treatment\/\">Read More<\/a><\/span><\/p>","protected":false},"featured_media":0,"comment_status":"closed","ping_status":"closed","template":"","meta":[],"product_brand":[],"product_cat":[284,1063],"product_tag":[],"class_list":{"0":"post-27233","1":"product","2":"type-product","3":"status-publish","5":"product_cat-aad-cheveux","6":"product_cat-traitement-capilaire","8":"first","9":"instock","10":"shipping-taxable","11":"product-type-simple"},"jetpack-related-posts":[{"id":27239,"url":"https:\/\/sakaba.mghosteur.com\/en\/product\/the-inkey-list-hyaluronic-acid-hydrating-hair\/","url_meta":{"origin":27233,"position":0},"title":"THE INKEY LIST HYALURONIC ACID HYDRATING HAIR","author":"admin","date":"November 29, 2022","format":false,"excerpt":"Le traitement capillaire hydratant \u00e0 l'acide hyaluronique de la marque The Inkey List est un s\u00e9rum l\u00e9ger qui aide \u00e0 hydrater et \u00e0 am\u00e9liorer la sant\u00e9 de vos cheveux. Formul\u00e9 avec des acides hyaluroniques optimis\u00e9s de poids mol\u00e9culaire \u00e9lev\u00e9 et bas, ce traitement capillaire p\u00e9n\u00e8tre profond\u00e9ment dans vos cheveux pour\u2026","rel":"","context":"Similar post","block_context":{"text":"Similar post","link":""},"img":{"alt_text":"","src":"","width":0,"height":0},"classes":[]},{"id":31628,"url":"https:\/\/sakaba.mghosteur.com\/en\/product\/the-inkey-list-hyaluronic-acid-thydrating-hair-tre\/","url_meta":{"origin":27233,"position":1},"title":"THE INKEY LIST HYALURONIC ACID HYDRATING HAIR TREATMENT","author":"admin","date":"May 10, 2024","format":false,"excerpt":"D\u00e9couvrez ce traitement capillaire hydratant \u00e0 l'acide hyaluronique, une solution innovante pour nourrir et revitaliser vos cheveux en profondeur. Formul\u00e9 avec des acides hyaluroniques de poids mol\u00e9culaire haut et bas, ce s\u00e9rum l\u00e9ger est con\u00e7u pour hydrater en profondeur, r\u00e9duire les frisottis et renforcer la r\u00e9sistance de vos cheveux contre\u2026","rel":"","context":"Similar post","block_context":{"text":"Similar post","link":""},"img":{"alt_text":"","src":"","width":0,"height":0},"classes":[]},{"id":27266,"url":"https:\/\/sakaba.mghosteur.com\/en\/product\/the-inkey-list-caffeine-stimulating\/","url_meta":{"origin":27233,"position":2},"title":"THE INKEY LIST CAFFEINE STIMULATING","author":"admin","date":"November 29, 2022","format":false,"excerpt":"Le traitement du cuir chevelu stimulant \u00e0 la caf\u00e9ine de la marque The Inkey List est un produit de soin de nuit innovant qui aide \u00e0 revitaliser et \u00e0 renforcer votre cuir chevelu pour favoriser une croissance saine des cheveux. Ce traitement contient de la poudre de caf\u00e9ine et un\u2026","rel":"","context":"Similar post","block_context":{"text":"Similar post","link":""},"img":{"alt_text":"","src":"","width":0,"height":0},"classes":[]},{"id":27435,"url":"https:\/\/sakaba.mghosteur.com\/en\/product\/the-inkey-list-collagen-booster\/","url_meta":{"origin":27233,"position":3},"title":"THE INKEY LIST COLLAGEN BOOSTER","author":"admin","date":"November 29, 2022","format":false,"excerpt":"Le Collagen Booster de The Inkey List est un must-have pour toute personne soucieuse de la sant\u00e9 de sa peau. Ce s\u00e9rum est con\u00e7u pour aider \u00e0 am\u00e9liorer la texture de la peau en stimulant la production naturelle de collag\u00e8ne, pour une apparence plus jeune et plus radieuse. Le peptide\u2026","rel":"","context":"Similar post","block_context":{"text":"Similar post","link":""},"img":{"alt_text":"","src":"","width":0,"height":0},"classes":[]},{"id":29198,"url":"https:\/\/sakaba.mghosteur.com\/en\/product\/the-inkey-list-salicylic-acid-exfoliant-soin-cuir\/","url_meta":{"origin":27233,"position":4},"title":"THE INKEY LIST SALICYLIC ACID EXFOLIANT CUIR CHEVELU","author":"admin","date":"March 21, 2023","format":false,"excerpt":"Dites adieu aux pellicules et aux d\u00e9mangeaisons gr\u00e2ce au Traitement Exfoliant du Cuir Chevelu \u00e0 l'Acide Salicylique. Ce s\u00e9rum l\u00e9ger \u00e9quilibre la production de s\u00e9bum, r\u00e9duit les rougeurs et hydrate votre cuir chevelu et vos cheveux gr\u00e2ce aux ingr\u00e9dients FLUIDIPURE\u2122 8G et PANTHENOL. L'acide salicylique exfolie en douceur votre cuir\u2026","rel":"","context":"Similar post","block_context":{"text":"Similar post","link":""},"img":{"alt_text":"","src":"","width":0,"height":0},"classes":[]},{"id":31618,"url":"https:\/\/sakaba.mghosteur.com\/en\/product\/the-inkey-15-vitamine-c-serum-egf-30ml\/","url_meta":{"origin":27233,"position":5},"title":"THE INKEY 15% VITAMINE C + S\u00c9RUM EGF 30ml","author":"admin","date":"May 10, 2024","format":false,"excerpt":"R\u00e9unissant la vitamine C riche en antioxydants et le peptide signal EGF, ce tout nouveau s\u00e9rum \u00e0 15% de vitamine C et EGF de THE INKEY LIST aide \u00e0 \u00e9claircir et acc\u00e9l\u00e9rer la r\u00e9g\u00e9n\u00e9ration de la peau. Un s\u00e9rum puissant, il associe le peptide signal EGF pour aider la peau\u2026","rel":"","context":"Similar post","block_context":{"text":"Similar post","link":""},"img":{"alt_text":"","src":"","width":0,"height":0},"classes":[]}],"_links":{"self":[{"href":"https:\/\/sakaba.mghosteur.com\/en\/wp-json\/wp\/v2\/product\/27233","targetHints":{"allow":["GET"]}}],"collection":[{"href":"https:\/\/sakaba.mghosteur.com\/en\/wp-json\/wp\/v2\/product"}],"about":[{"href":"https:\/\/sakaba.mghosteur.com\/en\/wp-json\/wp\/v2\/types\/product"}],"replies":[{"embeddable":true,"href":"https:\/\/sakaba.mghosteur.com\/en\/wp-json\/wp\/v2\/comments?post=27233"}],"version-history":[{"count":0,"href":"https:\/\/sakaba.mghosteur.com\/en\/wp-json\/wp\/v2\/product\/27233\/revisions"}],"wp:attachment":[{"href":"https:\/\/sakaba.mghosteur.com\/en\/wp-json\/wp\/v2\/media?parent=27233"}],"wp:term":[{"taxonomy":"product_brand","embeddable":true,"href":"https:\/\/sakaba.mghosteur.com\/en\/wp-json\/wp\/v2\/product_brand?post=27233"},{"taxonomy":"product_cat","embeddable":true,"href":"https:\/\/sakaba.mghosteur.com\/en\/wp-json\/wp\/v2\/product_cat?post=27233"},{"taxonomy":"product_tag","embeddable":true,"href":"https:\/\/sakaba.mghosteur.com\/en\/wp-json\/wp\/v2\/product_tag?post=27233"}],"curies":[{"name":"wp","href":"https:\/\/api.w.org\/{rel}","templated":true}]}}