{"id":27236,"date":"2022-11-29T10:38:17","date_gmt":"2022-11-29T10:38:17","guid":{"rendered":"http:\/\/www.sakababeauty.com\/?post_type=product&#038;p=27236"},"modified":"2023-03-21T18:23:43","modified_gmt":"2023-03-21T18:23:43","slug":"good-molecules-glycolic-exfoliating-toner","status":"publish","type":"product","link":"https:\/\/sakaba.mghosteur.com\/en\/product\/good-molecules-glycolic-exfoliating-toner\/","title":{"rendered":"GOOD MOLECULES GLYCOLIC EXFOLIATING TONER"},"content":{"rendered":"<p>Le tonique exfoliant glycolique est le produit qu&#8217;il vous faut pour une peau plus lisse et plus lumineuse. Gr\u00e2ce \u00e0 sa formule \u00e0 base d&#8217;acide glycolique et de ferment de galactomyces, ce traitement de resurfa\u00e7age doux permet d&#8217;exfolier en douceur la surface de la peau pour favoriser un teint plus uniforme et une texture plus agr\u00e9able. Avec son format de 120 ml \/ 4 oz, sa formule sans parfum et sa certification v\u00e9g\u00e9talienne, ce tonique exfoliant glycolique est le choix parfait pour ceux qui cherchent un produit de qualit\u00e9 qui respecte l&#8217;environnement et leur peau.<\/p>","protected":false},"excerpt":{"rendered":"<p>Le tonique exfoliant glycolique est le produit qu&#8217;il vous faut pour une peau plus lisse et plus lumineuse. Gr\u00e2ce \u00e0 sa formule \u00e0 base d&#8217;acide glycolique et de ferment de galactomyces, ce traitement de resurfa\u00e7age doux permet d&#8217;exfolier en douceur la surface de la peau pour favoriser un teint plus uniforme et une texture plus<span class=\"read-more-faq\"><a href=\"https:\/\/sakaba.mghosteur.com\/en\/product\/good-molecules-glycolic-exfoliating-toner\/\">Read More<\/a><\/span><\/p>","protected":false},"featured_media":0,"comment_status":"closed","ping_status":"closed","template":"","meta":[],"product_brand":[],"product_cat":[377],"product_tag":[],"class_list":{"0":"post-27236","1":"product","2":"type-product","3":"status-publish","5":"product_cat-bath-body-works","7":"first","8":"instock","9":"shipping-taxable","10":"product-type-simple"},"jetpack-related-posts":[],"_links":{"self":[{"href":"https:\/\/sakaba.mghosteur.com\/en\/wp-json\/wp\/v2\/product\/27236","targetHints":{"allow":["GET"]}}],"collection":[{"href":"https:\/\/sakaba.mghosteur.com\/en\/wp-json\/wp\/v2\/product"}],"about":[{"href":"https:\/\/sakaba.mghosteur.com\/en\/wp-json\/wp\/v2\/types\/product"}],"replies":[{"embeddable":true,"href":"https:\/\/sakaba.mghosteur.com\/en\/wp-json\/wp\/v2\/comments?post=27236"}],"version-history":[{"count":0,"href":"https:\/\/sakaba.mghosteur.com\/en\/wp-json\/wp\/v2\/product\/27236\/revisions"}],"wp:attachment":[{"href":"https:\/\/sakaba.mghosteur.com\/en\/wp-json\/wp\/v2\/media?parent=27236"}],"wp:term":[{"taxonomy":"product_brand","embeddable":true,"href":"https:\/\/sakaba.mghosteur.com\/en\/wp-json\/wp\/v2\/product_brand?post=27236"},{"taxonomy":"product_cat","embeddable":true,"href":"https:\/\/sakaba.mghosteur.com\/en\/wp-json\/wp\/v2\/product_cat?post=27236"},{"taxonomy":"product_tag","embeddable":true,"href":"https:\/\/sakaba.mghosteur.com\/en\/wp-json\/wp\/v2\/product_tag?post=27236"}],"curies":[{"name":"wp","href":"https:\/\/api.w.org\/{rel}","templated":true}]}}